{"id":34,"date":"2013-06-22T19:03:42","date_gmt":"2013-06-22T19:03:42","guid":{"rendered":"https:\/\/blogs.ua.es\/ffic\/?page_id=34"},"modified":"2013-06-22T19:03:42","modified_gmt":"2013-06-22T19:03:42","slug":"enlaces","status":"publish","type":"page","link":"https:\/\/blogs.ua.es\/ffic\/fisica-en-red\/enlaces\/","title":{"rendered":"Enlaces"},"content":{"rendered":"<ul style=\"text-align: justify\">\n<li>Algunos enlaces de Internet que pueden ser interesantes se pueden encontrar en el blog del <a href=\"https:\/\/blogs.ua.es\/gitefideua\/fisica-web\/adreces\/\">GITE-FIDEUA<\/a>.<\/li>\n<li>Un conjunto de enlaces de f\u00edsica y qu\u00edmica de inter\u00e9s se puede consultar en el <a href=\"http:\/\/intercentres.cult.gva.es\/iesleonardodavinci\/fisica\/Enlaces\/Enlaces6.htm\">IES Leonardo da Vinci.<\/a><\/li>\n<li>Un blog de una asignatura que comparte bastantes contenidos con los fundamentos f\u00edsicos de la ingenier\u00eda civil es <a href=\"https:\/\/blogs.ua.es\/fisicateleco\">https:\/\/blogs.ua.es\/fisicateleco<\/a>.<\/li>\n<li>Una opci\u00f3n para visualizar las <a href=\"http:\/\/dfists.ua.es\/experiencias_de_fisica\/\">pr\u00e1cticas de laboratorio de f\u00edsica<\/a> e incluso realizar alguna mediante los v\u00eddeos desarrollados por el profesorado del departamento de f\u00edsica, ingenier\u00eda de sistemas y teor\u00eda de la se\u00f1al.<\/li>\n<li><a href=\"http:\/\/www.pearsoneducacion.net\/sears\/\">Recursos en l\u00ednea del libro de texto F\u00edsica universitaria<\/a> de Sears, Zemansky, Young y Freedman.<\/li>\n<li><a href=\"http:\/\/www.edured2000.net\/fyq\/test_acceso.htm\">Cuestionarios de tipo<strong> test para autoevaluaci\u00f3n<\/strong> de f\u00edsica general<\/a>.<\/li>\n<li>Portal de <a href=\"http:\/\/www.fisica-basica.net\/\"><strong>ense\u00f1anza\/aprendizaje de la f\u00edsica<\/strong><\/a>.<\/li>\n<\/ul>\n","protected":false},"excerpt":{"rendered":"<p>Algunos enlaces de Internet que pueden ser interesantes se pueden encontrar en el blog del GITE-FIDEUA. Un conjunto de enlaces de f\u00edsica y qu\u00edmica de inter\u00e9s se puede consultar en el IES Leonardo da Vinci. Un blog de una asignatura &hellip; <a href=\"https:\/\/blogs.ua.es\/ffic\/fisica-en-red\/enlaces\/\">Continue reading <span class=\"meta-nav\">&rarr;<\/span><\/a><\/p>\n","protected":false},"author":2285,"featured_media":0,"parent":32,"menu_order":0,"comment_status":"open","ping_status":"open","template":"","meta":{"footnotes":""},"class_list":["post-34","page","type-page","status-publish","hentry"],"_links":{"self":[{"href":"https:\/\/blogs.ua.es\/ffic\/wp-json\/wp\/v2\/pages\/34","targetHints":{"allow":["GET"]}}],"collection":[{"href":"https:\/\/blogs.ua.es\/ffic\/wp-json\/wp\/v2\/pages"}],"about":[{"href":"https:\/\/blogs.ua.es\/ffic\/wp-json\/wp\/v2\/types\/page"}],"author":[{"embeddable":true,"href":"https:\/\/blogs.ua.es\/ffic\/wp-json\/wp\/v2\/users\/2285"}],"replies":[{"embeddable":true,"href":"https:\/\/blogs.ua.es\/ffic\/wp-json\/wp\/v2\/comments?post=34"}],"version-history":[{"count":1,"href":"https:\/\/blogs.ua.es\/ffic\/wp-json\/wp\/v2\/pages\/34\/revisions"}],"predecessor-version":[{"id":35,"href":"https:\/\/blogs.ua.es\/ffic\/wp-json\/wp\/v2\/pages\/34\/revisions\/35"}],"up":[{"embeddable":true,"href":"https:\/\/blogs.ua.es\/ffic\/wp-json\/wp\/v2\/pages\/32"}],"wp:attachment":[{"href":"https:\/\/blogs.ua.es\/ffic\/wp-json\/wp\/v2\/media?parent=34"}],"curies":[{"name":"wp","href":"https:\/\/api.w.org\/{rel}","templated":true}]}}