{"id":41,"date":"2013-06-22T19:58:11","date_gmt":"2013-06-22T19:58:11","guid":{"rendered":"https:\/\/blogs.ua.es\/ffic\/?page_id=41"},"modified":"2016-09-13T18:10:47","modified_gmt":"2016-09-13T18:10:47","slug":"ocw","status":"publish","type":"page","link":"https:\/\/blogs.ua.es\/ffic\/fisica-en-red\/ocw\/","title":{"rendered":"OCW"},"content":{"rendered":"<p style=\"text-align: justify\"><span style=\"color: #333399\"><strong>OPENCOURSEWARE<\/strong><\/span><\/p>\n<ol style=\"text-align: justify\">\n<li><a href=\"http:\/\/ocw.upm.es\/apoyo-para-la-preparacion-de-los-estudios-de-ingenieria-y-arquitectura\">Acceso a la Universidad<\/a> (curso de ayuda para el acceso a la Universidad y conocimientos previos para estudios de Ingenier\u00eda y Arquitectura).<\/li>\n<li><a href=\"http:\/\/ocw.upm.es\/fisica-aplicada\">F\u00edsica<\/a> (Pod\u00e9is encontrar diferentes cursos de F\u00edsica desarrollados por el profesorado de la <a href=\"http:\/\/ocw.upm.es\/\">Universidad Polit\u00e9cnica de Madrid<\/a>).<\/li>\n<li><a href=\"http:\/\/ocw.ua.es\/es\/ingenieria-y-arquitectura\/fundamentos-fisicos-de-la-ingenieria-i-2010.html\">Fundamentos F\u00edsicos de la Ingenier\u00eda I<\/a> (curso realizado por el Catedr\u00e1tico Augusto Bel\u00e9ndez V\u00e1zquez para el Grado en Ingenier\u00eda en Sonido e Imagen en Telecomunicaci\u00f3n de la Universidad de Alicante). (A translation by software\u00a0 <a href=\"http:\/\/ocw.ua.es\/en\/engineering-and-architecture\/fundamentos-fisicos-de-la-ingenieria-i-2010.html\"><span style=\"color: #333399\"><strong>English version<\/strong><\/span><\/a>).<\/li>\n<li><a href=\"http:\/\/ocw.unican.es\/ensenanzas-tecnicas\/fundamentos-fisicos-de-la-ingenieria\">Fundamentos F\u00edsicos de la Ingenier\u00eda<\/a> (2008), <a href=\"http:\/\/ocw.unican.es\/ensenanzas-tecnicas\/fisica-i\">F\u00edsica I<\/a> (2010), <a href=\"http:\/\/ocw.unican.es\/ensenanzas-tecnicas\/fisica-ii\">F\u00edsica II<\/a> (2010)\u00a0 o <a href=\"http:\/\/ocw.unican.es\/ensenanzas-tecnicas\/fisica-y-tecnologia-energetica\">F\u00edsica i Tecnolog\u00eda Energ\u00e9tica<\/a> (2008) (realizado por profesorado de la <a href=\"http:\/\/ocw.unican.es\/\">Universidad de Cantabria<\/a>).<\/li>\n<li><a href=\"http:\/\/ocw.uc3m.es\/fisica\/fisica\">F\u00edsica<\/a>, 2009 (realizado por los profesores Miguel \u00c1ngel Monge Alc\u00e1zar y Bego\u00f1a Savoini Cardiel para el Grado en Ingenier\u00eda Electr\u00f3nica Industrial y Autom\u00e1tica de la <a href=\"http:\/\/ocw.uc3m.es\/\">Universidad Carlos III de Madrid<\/a>).<\/li>\n<li>No puede faltar en este listado el <a href=\"http:\/\/ocw.mit.edu\/index.htm\">Massachussets Institute of Technology (MIT) OpenCourseWare<\/a> como referencia internacional de estos cursos. En particular, los que hacen referencia a <a href=\"http:\/\/ocw.mit.edu\/courses\/physics\/\">F\u00edsica General<\/a>, <a href=\"http:\/\/ocw.mit.edu\/courses\/mechanical-engineering\/\">Ingenier\u00eda<\/a> y <a href=\"http:\/\/ocw.mit.edu\/courses\/architecture\/\">Arquitectura<\/a> donde pod\u00e9is encontrar diapositivas, v\u00eddeos y otros <a href=\"http:\/\/ocw.mit.edu\/courses\/audio-video-courses\/\">materiales audiovisuales<\/a> de inter\u00e9s (English).<\/li>\n<\/ol>\n","protected":false},"excerpt":{"rendered":"<p>OPENCOURSEWARE Acceso a la Universidad (curso de ayuda para el acceso a la Universidad y conocimientos previos para estudios de Ingenier\u00eda y Arquitectura). F\u00edsica (Pod\u00e9is encontrar diferentes cursos de F\u00edsica desarrollados por el profesorado de la Universidad Polit\u00e9cnica de Madrid). &hellip; <a href=\"https:\/\/blogs.ua.es\/ffic\/fisica-en-red\/ocw\/\">Continue reading <span class=\"meta-nav\">&rarr;<\/span><\/a><\/p>\n","protected":false},"author":2285,"featured_media":0,"parent":32,"menu_order":0,"comment_status":"open","ping_status":"open","template":"","meta":{"footnotes":""},"class_list":["post-41","page","type-page","status-publish","hentry"],"_links":{"self":[{"href":"https:\/\/blogs.ua.es\/ffic\/wp-json\/wp\/v2\/pages\/41","targetHints":{"allow":["GET"]}}],"collection":[{"href":"https:\/\/blogs.ua.es\/ffic\/wp-json\/wp\/v2\/pages"}],"about":[{"href":"https:\/\/blogs.ua.es\/ffic\/wp-json\/wp\/v2\/types\/page"}],"author":[{"embeddable":true,"href":"https:\/\/blogs.ua.es\/ffic\/wp-json\/wp\/v2\/users\/2285"}],"replies":[{"embeddable":true,"href":"https:\/\/blogs.ua.es\/ffic\/wp-json\/wp\/v2\/comments?post=41"}],"version-history":[{"count":6,"href":"https:\/\/blogs.ua.es\/ffic\/wp-json\/wp\/v2\/pages\/41\/revisions"}],"predecessor-version":[{"id":571,"href":"https:\/\/blogs.ua.es\/ffic\/wp-json\/wp\/v2\/pages\/41\/revisions\/571"}],"up":[{"embeddable":true,"href":"https:\/\/blogs.ua.es\/ffic\/wp-json\/wp\/v2\/pages\/32"}],"wp:attachment":[{"href":"https:\/\/blogs.ua.es\/ffic\/wp-json\/wp\/v2\/media?parent=41"}],"curies":[{"name":"wp","href":"https:\/\/api.w.org\/{rel}","templated":true}]}}