{"id":62,"date":"2013-06-22T22:06:28","date_gmt":"2013-06-22T22:06:28","guid":{"rendered":"https:\/\/blogs.ua.es\/ffic\/?page_id=62"},"modified":"2013-06-22T22:08:36","modified_gmt":"2013-06-22T22:08:36","slug":"informacion","status":"publish","type":"page","link":"https:\/\/blogs.ua.es\/ffic\/informacion\/","title":{"rendered":"Informaci\u00f3n"},"content":{"rendered":"<p style=\"text-align: justify\">Bienvenido\/a al blog de la asignatura <a href=\"http:\/\/cv1.cpd.ua.es\/ConsPlanesEstudio\/cvFichaAsiEEES.asp?wCodEst=C208&amp;wcodasi=33501&amp;wLengua=C&amp;scaca=2013-14\"><strong>Fundamentos F\u00edsicos de la Ingenier\u00eda Civil<\/strong><\/a> del <strong><a title=\"Estudis de Grau\" href=\"http:\/\/www.ua.es\/va\/estudios\/estudios-grado.html\">Grado en Ingenier\u00eda Civil<\/a><\/strong>, de la <strong><a title=\"P\u00e0gina web de l'EPS\" href=\"http:\/\/www.eps.ua.es\">Escuela Polit\u00e9cnica Superior<\/a><\/strong> de la <a title=\"P\u00e0gina web de la UA\" href=\"http:\/\/www.ua.es\/va\/index.html\">Universidad de Alicante<\/a>. Este blog utiliza la plataforma <strong><a title=\"Blocs de la UA\" href=\"https:\/\/blogs.ua.es\">blogs.ua.es<\/a><\/strong> (blogs de la UA) creada para uso de toda la comunidad universitaria y, en particular, para el profesorado de la Universidad de Alicante.<\/p>\n<p style=\"text-align: justify\">El objetivo de este blog es proporcionar una herramienta interactiva entre el alumnado y el profesorado en el sentido m\u00e1s amplio posible. Es decir, no s\u00f3lo habr\u00e1 informaci\u00f3n sobre la asignatura sino que se a\u00f1adir\u00e1n <strong><a href=\"https:\/\/blogs.ua.es\/ffic\/fisica-en-red\/enlaces\">enlaces de inter\u00e9s<\/a><\/strong> y noticias que pueden servir para cualquier persona interesada en aprender de una forma diferente. En este sentido, encontrar\u00e9is elementos de divulgaci\u00f3n de la ciencia y conocer otros aspectos m\u00e1s l\u00fadicos de la f\u00edsica.<\/p>\n","protected":false},"excerpt":{"rendered":"<p>Bienvenido\/a al blog de la asignatura Fundamentos F\u00edsicos de la Ingenier\u00eda Civil del Grado en Ingenier\u00eda Civil, de la Escuela Polit\u00e9cnica Superior de la Universidad de Alicante. Este blog utiliza la plataforma blogs.ua.es (blogs de la UA) creada para uso &hellip; <a href=\"https:\/\/blogs.ua.es\/ffic\/informacion\/\">Continue reading <span class=\"meta-nav\">&rarr;<\/span><\/a><\/p>\n","protected":false},"author":2285,"featured_media":0,"parent":0,"menu_order":0,"comment_status":"open","ping_status":"open","template":"","meta":{"footnotes":""},"class_list":["post-62","page","type-page","status-publish","hentry"],"_links":{"self":[{"href":"https:\/\/blogs.ua.es\/ffic\/wp-json\/wp\/v2\/pages\/62","targetHints":{"allow":["GET"]}}],"collection":[{"href":"https:\/\/blogs.ua.es\/ffic\/wp-json\/wp\/v2\/pages"}],"about":[{"href":"https:\/\/blogs.ua.es\/ffic\/wp-json\/wp\/v2\/types\/page"}],"author":[{"embeddable":true,"href":"https:\/\/blogs.ua.es\/ffic\/wp-json\/wp\/v2\/users\/2285"}],"replies":[{"embeddable":true,"href":"https:\/\/blogs.ua.es\/ffic\/wp-json\/wp\/v2\/comments?post=62"}],"version-history":[{"count":3,"href":"https:\/\/blogs.ua.es\/ffic\/wp-json\/wp\/v2\/pages\/62\/revisions"}],"predecessor-version":[{"id":64,"href":"https:\/\/blogs.ua.es\/ffic\/wp-json\/wp\/v2\/pages\/62\/revisions\/64"}],"wp:attachment":[{"href":"https:\/\/blogs.ua.es\/ffic\/wp-json\/wp\/v2\/media?parent=62"}],"curies":[{"name":"wp","href":"https:\/\/api.w.org\/{rel}","templated":true}]}}