{"id":180,"date":"2012-01-15T00:39:45","date_gmt":"2012-01-15T00:39:45","guid":{"rendered":"https:\/\/blogs.ua.es\/fiestasmoroscristianosalicante\/?page_id=180"},"modified":"2012-01-15T00:39:45","modified_gmt":"2012-01-15T00:39:45","slug":"valoracion-personal-de-las-fuentes","status":"publish","type":"page","link":"https:\/\/blogs.ua.es\/fiestasmoroscristianosalicante\/valoracion-personal-de-las-fuentes\/","title":{"rendered":"Valoraci\u00f3n personal de las fuentes"},"content":{"rendered":"<p>En cuanto a las fuentes que hemos utilizado para la elaboraci\u00f3n de este blog, como ya decimos en otra p\u00e1gina hemos utilizado sobre todo recursos electr\u00f3nicos, destacando las paginas oficiales de cada una de las fiestas de las cuales hemos hablado. Esto se debe a que desde nuestro punto de vista eran las p\u00e1ginas con mas informaci\u00f3n. En estas p\u00e1ginas y en las dem\u00e1s p\u00e1ginas utilizadas hemos encontrado, en la gran mayor\u00eda de los casos, toda la informaci\u00f3n que est\u00e1bamos buscando para la realizaci\u00f3n de las entradas. Si hablamos de los libros hay que decir que ha sido un recurso que nos ha sido mas dif\u00edcil encontrar informaci\u00f3n. Apenas hab\u00edan libros que hablaran de las fiestas de moros y cristianos en general pero si que hab\u00edan que hablaran de fiestas en particular. Pese a todo hemos intentado incluir ambos ejemplos. Los art\u00edculos y noticias en peri\u00f3dicos y revistas nos ha sido casi imposible encontrar. Hemos intentado incluir contenidos actuales sin olvidarnos en algunos casos puntuales de alg\u00fan car\u00e1cter hist\u00f3rico, porque desde nuestro punto de vista este blog no lo hubi\u00e9ramos podido elaborar sin las sucesi\u00f3n de los hechos hist\u00f3ricos que han dado lugar a estas bonitas fiestas, por lo tanto el car\u00e1cter hist\u00f3rico para nosotras en muy importante.<\/p>\n<p>Por eso en nuestra opini\u00f3n la mejor fuente de informaci\u00f3n ha sido los recursos electr\u00f3nicos ya que nos ha proporcionado todo lo que hemos decidido buscar y muchas cosas mas que ni si quiera nosotras pens\u00e1bamos que \u00edbamos a incluir en nuestro blog y la fuente de informaci\u00f3n mas escasa han sido los peri\u00f3dicos y revistas.<\/p>\n<p>&nbsp;<\/p>\n","protected":false},"excerpt":{"rendered":"<p>En cuanto a las fuentes que hemos utilizado para la elaboraci\u00f3n de este blog, como ya decimos en otra p\u00e1gina hemos utilizado sobre todo recursos electr\u00f3nicos, destacando las paginas oficiales de cada una de las fiestas de las cuales hemos &hellip; <a href=\"https:\/\/blogs.ua.es\/fiestasmoroscristianosalicante\/valoracion-personal-de-las-fuentes\/\">Continue reading <span class=\"meta-nav\">&rarr;<\/span><\/a><\/p>\n","protected":false},"author":2338,"featured_media":0,"parent":0,"menu_order":0,"comment_status":"open","ping_status":"open","template":"","meta":{"footnotes":""},"class_list":["post-180","page","type-page","status-publish","hentry"],"_links":{"self":[{"href":"https:\/\/blogs.ua.es\/fiestasmoroscristianosalicante\/wp-json\/wp\/v2\/pages\/180","targetHints":{"allow":["GET"]}}],"collection":[{"href":"https:\/\/blogs.ua.es\/fiestasmoroscristianosalicante\/wp-json\/wp\/v2\/pages"}],"about":[{"href":"https:\/\/blogs.ua.es\/fiestasmoroscristianosalicante\/wp-json\/wp\/v2\/types\/page"}],"author":[{"embeddable":true,"href":"https:\/\/blogs.ua.es\/fiestasmoroscristianosalicante\/wp-json\/wp\/v2\/users\/2338"}],"replies":[{"embeddable":true,"href":"https:\/\/blogs.ua.es\/fiestasmoroscristianosalicante\/wp-json\/wp\/v2\/comments?post=180"}],"version-history":[{"count":1,"href":"https:\/\/blogs.ua.es\/fiestasmoroscristianosalicante\/wp-json\/wp\/v2\/pages\/180\/revisions"}],"predecessor-version":[{"id":181,"href":"https:\/\/blogs.ua.es\/fiestasmoroscristianosalicante\/wp-json\/wp\/v2\/pages\/180\/revisions\/181"}],"wp:attachment":[{"href":"https:\/\/blogs.ua.es\/fiestasmoroscristianosalicante\/wp-json\/wp\/v2\/media?parent=180"}],"curies":[{"name":"wp","href":"https:\/\/api.w.org\/{rel}","templated":true}]}}