{"id":27,"date":"2012-01-04T11:50:12","date_gmt":"2012-01-04T11:50:12","guid":{"rendered":"https:\/\/blogs.ua.es\/fiestasmoroscristianosalicante\/?page_id=27"},"modified":"2012-01-04T14:53:35","modified_gmt":"2012-01-04T14:53:35","slug":"metodologia","status":"publish","type":"page","link":"https:\/\/blogs.ua.es\/fiestasmoroscristianosalicante\/metodologia\/","title":{"rendered":"Metodolog\u00eda"},"content":{"rendered":"<p>La metodolog\u00eda que hemos seguido para elaborar este blog ha sido hacer b\u00fasquedas avanzadas, tal y como hemos aprendido en las clases pr\u00e1cticas, en los distintos buscadores, cat\u00e1logos y base de datos. Luego, nos hemos dirigido hasta las bibliotecas y hasta el ayuntamiento de nuestra ciudad para seguir recopilando informaci\u00f3n, tras conseguir toda la informaci\u00f3n nos hemos dispuesto a elaborar el blog.<\/p>\n<p>Toda la informaci\u00f3n recopilada aparece referenciada mediante la NORMA ISO 690:2010 (English):<\/p>\n<p><strong>Monograf\u00edas:<\/strong><\/p>\n<p>APELLIDOS, Nombre1. T\u00edtulo. (Otros colaboradores). Edici\u00f3n. Lugar: Editor, a\u00f1o. Extensi\u00f3n (opcional).(Serie; n\u00ba). ISBN.<\/p>\n<p><strong>Parte de una monograf\u00eda:<\/strong><\/p>\n<p>(Autor\/res de la parte) APELLIDOS, Nombre. T\u00edtulo de la parte. En: T\u00edtulo de la obra completa. Edici\u00f3n. Lugar de edici\u00f3n: editor, a\u00f1o, pp. (P\u00e1ginas). ISBN.<\/p>\n<p><strong>Publicaciones en serie (revista completa):<\/strong><\/p>\n<p>T\u00edtulo de la revista. Responsabilidad. A\u00f1o de inicio-A\u00f1o de cierre. ISSN.<\/p>\n<p><strong>Art\u00edculos de revistas:<\/strong><\/p>\n<p>(Autor\/es de la contribuci\u00f3n) APELLIDOS, Nombre. T\u00edtulo del art\u00edculo. T\u00edtulo de la revista.(Localizaci\u00f3n de la parte en el n\u00famero de la revista) A\u00f1o, volumen (n\u00ba), pp. ISSN.<\/p>\n<p><strong><span style=\"text-decoration: underline\">DOCUMENTOS ELECTR\u00d3NICOS<\/span><\/strong><\/p>\n<p><strong>Libros electr\u00f3nicos y monografias en l\u00ednea:<\/strong><\/p>\n<p>APELLIDOS, Nombre. T\u00edtulo [en l\u00ednea]. Lugar de publicaci\u00f3n: editor, fecha de publicaci\u00f3n[Consulta: fecha de consulta]. Formato (pdf, etc), tama\u00f1o del fichero (MB). Disponible en: http:\/\/<\/p>\n<p><strong>Parte de monograf\u00eda en l\u00ednea:<\/strong><\/p>\n<p>(Autor\/es de la parte) APELLIDOS, Nombre. T\u00edtulo de la parte. En: T\u00edtulo de la obra completa [en l\u00ednea]. Lugar de publicaci\u00f3n: editor, a\u00f1o, pp. [consulta: fecha de consulta]. Disponible en: http.\/\/<\/p>\n<p><strong>Revista en l\u00ednea:<\/strong><\/p>\n<p>T\u00edtulo [en linea]. Lugar de edici\u00f3n: editor, fecha de publicaci\u00f3n, volumen, n\u00famero [consulta: fecha de consulta]. Nombre de la base de datos. ISSN. Disponible en: http:\/\/<\/p>\n<p><strong>Art\u00edculo de revista en l\u00ednea:<\/strong><\/p>\n<p>(Autor\/es del art\u00edculo) APELLIDOS, Nombre. T\u00edtulo del art\u00edculo. T\u00edtulo de la revista [en l\u00ednea].Lugar: editor, fecha de publicaci\u00f3n, vol\u00famen, n\u00famero [consulta: fecha de consulta]. ISSN. Disponible en: http:\/\/<\/p>\n<p><strong>Sitio web:<\/strong><\/p>\n<p>T\u00edtulo de la web. Editor, a\u00f1o [consulta: fecha de consulta]. Disponible en: http:\/\/<\/p>\n<p><strong>Parte de un sitio web:<\/strong><\/p>\n<p>T\u00edtulo de la p\u00e1gina. T\u00edtulo del sitio web [en l\u00ednea]. Fecha y hora de edici\u00f3n o actualizaci\u00f3n [consulta: fecha de cosulta]. Disponible en: http:\/\/<\/p>\n<p><strong><span style=\"text-decoration: underline\">DOCUMENTOS ESPECIALES<\/span><\/strong><\/p>\n<p><strong>Im\u00e1genes<\/strong><\/p>\n<p>APELLIDOS, Nombre. T\u00edtulo de la obra. A\u00f1o [imagen digital]. Museo&#8230; [consulta: fecha de consulta]. Disponible en: http:\/\/<\/p>\n<p>&nbsp;<\/p>\n<div>\n<p>Adem\u00e1s estas referencias, aparecer\u00e1n con unas cr\u00edticas, es decir, con un peque\u00f1o resumen y opini\u00f3n personal. Esperamos que os sirvan de ayuda<\/p>\n<\/div>\n","protected":false},"excerpt":{"rendered":"<p>La metodolog\u00eda que hemos seguido para elaborar este blog ha sido hacer b\u00fasquedas avanzadas, tal y como hemos aprendido en las clases pr\u00e1cticas, en los distintos buscadores, cat\u00e1logos y base de datos. Luego, nos hemos dirigido hasta las bibliotecas y &hellip; <a href=\"https:\/\/blogs.ua.es\/fiestasmoroscristianosalicante\/metodologia\/\">Continue reading <span class=\"meta-nav\">&rarr;<\/span><\/a><\/p>\n","protected":false},"author":2356,"featured_media":0,"parent":0,"menu_order":0,"comment_status":"open","ping_status":"open","template":"","meta":{"footnotes":""},"class_list":["post-27","page","type-page","status-publish","hentry"],"_links":{"self":[{"href":"https:\/\/blogs.ua.es\/fiestasmoroscristianosalicante\/wp-json\/wp\/v2\/pages\/27","targetHints":{"allow":["GET"]}}],"collection":[{"href":"https:\/\/blogs.ua.es\/fiestasmoroscristianosalicante\/wp-json\/wp\/v2\/pages"}],"about":[{"href":"https:\/\/blogs.ua.es\/fiestasmoroscristianosalicante\/wp-json\/wp\/v2\/types\/page"}],"author":[{"embeddable":true,"href":"https:\/\/blogs.ua.es\/fiestasmoroscristianosalicante\/wp-json\/wp\/v2\/users\/2356"}],"replies":[{"embeddable":true,"href":"https:\/\/blogs.ua.es\/fiestasmoroscristianosalicante\/wp-json\/wp\/v2\/comments?post=27"}],"version-history":[{"count":6,"href":"https:\/\/blogs.ua.es\/fiestasmoroscristianosalicante\/wp-json\/wp\/v2\/pages\/27\/revisions"}],"predecessor-version":[{"id":42,"href":"https:\/\/blogs.ua.es\/fiestasmoroscristianosalicante\/wp-json\/wp\/v2\/pages\/27\/revisions\/42"}],"wp:attachment":[{"href":"https:\/\/blogs.ua.es\/fiestasmoroscristianosalicante\/wp-json\/wp\/v2\/media?parent=27"}],"curies":[{"name":"wp","href":"https:\/\/api.w.org\/{rel}","templated":true}]}}