{"id":52,"date":"2012-01-04T15:30:15","date_gmt":"2012-01-04T15:30:15","guid":{"rendered":"https:\/\/blogs.ua.es\/fiestasmoroscristianosalicante\/?page_id=52"},"modified":"2012-01-04T15:40:37","modified_gmt":"2012-01-04T15:40:37","slug":"explicacion-del-tema","status":"publish","type":"page","link":"https:\/\/blogs.ua.es\/fiestasmoroscristianosalicante\/explicacion-del-tema\/","title":{"rendered":"Explicaci\u00f3n del tema"},"content":{"rendered":"<p>El tema tratado y desarrollado en este blog son\u00a0Las fiestas de los <em>Moros y Cristianos en la provincia de Alicante.<\/em><\/p>\n<p>La fiesta de Moros y Cristianos, tiene gran importancia en toda Espa\u00f1a, pero sobretodo en la Comunidad Valenciana, donde se ubica nuestra provincia. Esta fiesta es una representaci\u00f3n hist\u00f3rica, de hay su importancia, de las batallas que tuvieron lugar en la Pen\u00ednsula Ib\u00e9rica entre cristianos y musulmanes, aunque tambi\u00e9n tiene una base religiosa y l\u00fadica, como cualquier fiesta.<\/p>\n<p>Cada pueblo o ciudad celebra la fiesta de una forma diferente, centr\u00e1ndose en unos hechos\u00a0y en unos actos, aunque siempre tienen lugar los desfiles, las embajadas y las procesiones conmemoradas al santo del lugar.<\/p>\n<p>La fiesta, tuvo su auge en el siglo XX debido a una mayor participaci\u00f3n y mejora est\u00e9tica, lo que llamo la atenci\u00f3n a nivel internacional y por lo que en la actualidad muchas de estas\u00a0fiestas est\u00e1n consideradas fiestas de Inter\u00e9s\u00a0Tur\u00edstico Internacional como las de Alcoy o de Inter\u00e9s Tur\u00edstico Nacional como Villena o Villajoiosa.<\/p>\n<p>Los participantes de esta fiesta se dividen en dos bandos, moros y cristianos tambi\u00e9n\u00a0subdivididas en comparsas o filas, vestidos\u00a0correspondientemente a la \u00e9poca medieval \u00a0pero tambi\u00e9n con ornamentaci\u00f3n de fantas\u00eda.<\/p>\n<p><img loading=\"lazy\" decoding=\"async\" class=\"alignnone size-medium wp-image-59\" style=\"line-height: 24px;border-style: initial;border-color: initial\" src=\"https:\/\/blogs.ua.es\/fiestasmoroscristianosalicante\/files\/2012\/01\/moros-300x218.jpg\" alt=\"\" width=\"300\" height=\"218\" srcset=\"https:\/\/blogs.ua.es\/fiestasmoroscristianosalicante\/files\/2012\/01\/moros-300x218.jpg 300w, https:\/\/blogs.ua.es\/fiestasmoroscristianosalicante\/files\/2012\/01\/moros.jpg 1000w\" sizes=\"auto, (max-width: 300px) 100vw, 300px\" \/><\/p>\n","protected":false},"excerpt":{"rendered":"<p>El tema tratado y desarrollado en este blog son\u00a0Las fiestas de los Moros y Cristianos en la provincia de Alicante. La fiesta de Moros y Cristianos, tiene gran importancia en toda Espa\u00f1a, pero sobretodo en la Comunidad Valenciana, donde se &hellip; <a href=\"https:\/\/blogs.ua.es\/fiestasmoroscristianosalicante\/explicacion-del-tema\/\">Continue reading <span class=\"meta-nav\">&rarr;<\/span><\/a><\/p>\n","protected":false},"author":2356,"featured_media":0,"parent":0,"menu_order":0,"comment_status":"open","ping_status":"open","template":"","meta":{"footnotes":""},"class_list":["post-52","page","type-page","status-publish","hentry"],"_links":{"self":[{"href":"https:\/\/blogs.ua.es\/fiestasmoroscristianosalicante\/wp-json\/wp\/v2\/pages\/52","targetHints":{"allow":["GET"]}}],"collection":[{"href":"https:\/\/blogs.ua.es\/fiestasmoroscristianosalicante\/wp-json\/wp\/v2\/pages"}],"about":[{"href":"https:\/\/blogs.ua.es\/fiestasmoroscristianosalicante\/wp-json\/wp\/v2\/types\/page"}],"author":[{"embeddable":true,"href":"https:\/\/blogs.ua.es\/fiestasmoroscristianosalicante\/wp-json\/wp\/v2\/users\/2356"}],"replies":[{"embeddable":true,"href":"https:\/\/blogs.ua.es\/fiestasmoroscristianosalicante\/wp-json\/wp\/v2\/comments?post=52"}],"version-history":[{"count":6,"href":"https:\/\/blogs.ua.es\/fiestasmoroscristianosalicante\/wp-json\/wp\/v2\/pages\/52\/revisions"}],"predecessor-version":[{"id":56,"href":"https:\/\/blogs.ua.es\/fiestasmoroscristianosalicante\/wp-json\/wp\/v2\/pages\/52\/revisions\/56"}],"wp:attachment":[{"href":"https:\/\/blogs.ua.es\/fiestasmoroscristianosalicante\/wp-json\/wp\/v2\/media?parent=52"}],"curies":[{"name":"wp","href":"https:\/\/api.w.org\/{rel}","templated":true}]}}