{"id":10,"date":"2009-04-19T11:02:36","date_gmt":"2009-04-19T09:02:36","guid":{"rendered":"https:\/\/blogs.ua.es\/fisicateleco\/?page_id=10"},"modified":"2025-09-17T17:58:28","modified_gmt":"2025-09-17T16:58:28","slug":"asignaturas","status":"publish","type":"page","link":"https:\/\/blogs.ua.es\/fisicateleco\/asignaturas\/","title":{"rendered":"Asignaturas 2025-26"},"content":{"rendered":"<p><span style=\"color: #ffffff\">.<\/span><\/p>\n<p><a href=\"https:\/\/cvnet.cpd.ua.es\/Guia-Docente\/GuiaDocente\/Index?wcodest=C211&amp;wcodasi=33712&amp;wlengua=es&amp;scaca=2023-24\"><strong>AMPLIACI\u00d3N DE F\u00cdSICA<\/strong><\/a><\/p>\n<p><a href=\"https:\/\/web.ua.es\/es\/grados\/grado-en-ingenieria-robotica\/plan-de-estudios.html#Plan-2\">Grado en Ingenier\u00eda Rob\u00f3tica<\/a><\/p>\n<p><strong>Tema 1. Cinem\u00e1tica plana del s\u00f3lido r\u00edgido<br \/>\n<\/strong><\/p>\n<ul>\n<li>Introducci\u00f3n<\/li>\n<li>Traslaci\u00f3n. Movimiento plano. Rotaci\u00f3n alrededor de un eje fijo<\/li>\n<li>Movimiento plano general. Velocidades absoluta y relativa<\/li>\n<li>Centro instant\u00e1neo de rotaci\u00f3n en el movimiento plano<\/li>\n<li>Aceleraciones absoluta y relativa en el movimiento plano<\/li>\n<li>Movimiento plano relativo a ejes en rotaci\u00f3n. Aceleraci\u00f3n de Coriolis<\/li>\n<\/ul>\n<p><strong>Tema 2. Cinem\u00e1tica tridimensional del s\u00f3lido r\u00edgido<br \/>\n<\/strong><\/p>\n<ul>\n<li>Introducci\u00f3n<\/li>\n<li>Teorema de Euler. Rotaciones finitas e infinitesimales<\/li>\n<li>Rotaci\u00f3n en torno a un punto fijo<\/li>\n<li>Movimiento general de un s\u00f3lido r\u00edgido en el espacio<\/li>\n<li>Eje instant\u00e1neo de rotaci\u00f3n y m\u00ednimo deslizamiento<\/li>\n<li>Movimiento tridimensional relativo a ejes en rotaci\u00f3n<\/li>\n<li>Derivada respecto al tiempo de un vector con respecto a un sistema fijo o a un sistema trasladante-rotatorio<\/li>\n<\/ul>\n<p><strong>Tema 3. Geometr\u00eda de masas<br \/>\n<\/strong><\/p>\n<ul>\n<li>Introducci\u00f3n<\/li>\n<li>Centro de masas, centro de gravedad y centroide<\/li>\n<li>Momento de inercia<\/li>\n<li>Radio de giro<\/li>\n<li>Teoremas de Steiner para momentos de inercia<\/li>\n<li>Productos de inercia<\/li>\n<li>Momentos principales de inercia<\/li>\n<li>Momentos de inercia de superficies planas<\/li>\n<\/ul>\n<p><strong>Tema 4. Est\u00e1tica del s\u00f3lido r\u00edgido<br \/>\n<\/strong><\/p>\n<ul>\n<li>Introducci\u00f3n<\/li>\n<li>Condiciones de equilibrio<\/li>\n<li>Reacciones de enlace<\/li>\n<li>Resoluci\u00f3n de problemas. Diagrama del s\u00f3lido libre<\/li>\n<li>Fuerzas interiores en miembros estructurales<\/li>\n<\/ul>\n<p><strong>Tema 5. Din\u00e1mica plana del s\u00f3lido r\u00edgido<br \/>\n<\/strong><\/p>\n<ul>\n<li>Introducci\u00f3n<\/li>\n<li>Ecuaciones del movimiento plano de un s\u00f3lido r\u00edgido<\/li>\n<li>Traslaci\u00f3n, rotaci\u00f3n y movimiento plano general de un s\u00f3lido r\u00edgido<\/li>\n<li>Trabajo de fuerzas y pares que se ejercen sobre un s\u00f3lido r\u00edgido<\/li>\n<li>Energ\u00eda cin\u00e9tica de un s\u00f3lido r\u00edgido en movimiento plano<\/li>\n<li>Conservaci\u00f3n de la energ\u00eda<\/li>\n<li>Momento angular de un s\u00f3lido r\u00edgido en movimiento plano<\/li>\n<\/ul>\n<p><strong>Tema 6. Din\u00e1mica tridimensional del s\u00f3lido r\u00edgido<br \/>\n<\/strong><\/p>\n<ul>\n<li>Introducci\u00f3n<\/li>\n<li>Movimiento tridimensional de un s\u00f3lido r\u00edgido. Ecuaciones de Euler<\/li>\n<li>Momento angular en el movimiento tridimensional<\/li>\n<li>Principio del impulso y cantidad de movimiento<\/li>\n<li>Energ\u00eda cin\u00e9tica de un s\u00f3lido r\u00edgido en tres dimensiones<\/li>\n<li>Conservaci\u00f3n de la energ\u00eda<\/li>\n<li>Movimiento de un gir\u00f3scopo<\/li>\n<li>Movimiento sin par de torsi\u00f3n<\/li>\n<\/ul>\n<p><strong>Tema 7. Vibraciones mec\u00e1nicas<br \/>\n<\/strong><\/p>\n<ul>\n<li>Introducci\u00f3n<\/li>\n<li>Vibraciones libres no amortiguadas<\/li>\n<li>Vibraciones libres amortiguadas<\/li>\n<li>Vibraciones forzadas<\/li>\n<\/ul>\n<p>&nbsp;<\/p>\n<p><a href=\"https:\/\/cvnet.cpd.ua.es\/Guia-Docente\/GuiaDocente\/Index?wlengua=es&amp;wcodasi=26233&amp;scaca=2023-24\"><strong>ELECTROMAGNETISMO II<\/strong><\/a><\/p>\n<p><a href=\"https:\/\/web.ua.es\/es\/grados\/grado-en-fisica\/plan-de-estudios.html\">Grado en F\u00edsica<\/a><\/p>\n<p><strong>Tema 1. Circuitos de corriente alterna<br \/>\n<\/strong><\/p>\n<ul>\n<li>Introducci\u00f3n<\/li>\n<li>Elementos b\u00e1sicos de una red<\/li>\n<li>Circuitos en r\u00e9gimen alterno<\/li>\n<li>Potencia en r\u00e9gimen alterno<\/li>\n<li>Resonancia<\/li>\n<li>Leyes de Kirchhoff<\/li>\n<li>M\u00e9todo de las corrientes de malla<\/li>\n<li>M\u00e9todo d elas tensiones en los nudos<\/li>\n<li>Teoremas relativos a circuitos<\/li>\n<\/ul>\n<p><strong>Tema 2. Ecuaciones de Maxwell y leyes de conservaci\u00f3n<\/strong><\/p>\n<ul>\n<li>Introducci\u00f3n<\/li>\n<li>Corriente de desplazamiento. Ley de Amp\u00e8re-Maxwell<\/li>\n<li>Ecuaciones de Maxwell en el espacio libre y en medios materiales<\/li>\n<li>Condiciones de contorno<\/li>\n<li>Unicidad de la soluci\u00f3n<\/li>\n<li>Ecuaci\u00f3n de continuidad<\/li>\n<li>Energ\u00eda electromagn\u00e9tica. Vector de Poynting<\/li>\n<li>Momento lineal del campo electromagn\u00e9tico<\/li>\n<li>Momento angular del campo electromagn\u00e9tico<\/li>\n<li>Sistemas de unidades<\/li>\n<\/ul>\n<p><strong>Tema 3. Ondas electromagn\u00e9ticas<\/strong><\/p>\n<ul>\n<li>Introducci\u00f3n<\/li>\n<li>Ecuaci\u00f3n de ondas para los campos<\/li>\n<li>Ondas electromagn\u00e9ticas en el espacio libre<\/li>\n<li>Energ\u00eda y momento lineal de una onda electromagn\u00e9tica<\/li>\n<li>Ondas electromagn\u00e9ticas en diel\u00e9ctricos<\/li>\n<li>Ondas electromagn\u00e9ticas en conductores<\/li>\n<li>Medios dispersivos<\/li>\n<li>Ondas guiadas<\/li>\n<\/ul>\n<p><strong>Tema 4. Din\u00e1mica de part\u00edculas relativistas en campos electromagn\u00e9ticos<\/strong><\/p>\n<ul>\n<li>Introducci\u00f3n<\/li>\n<li>Cinem\u00e1tica y din\u00e1mica relativistas<\/li>\n<li>Tetrapotencial campo. Funci\u00f3n de Lagrange<\/li>\n<li>Ecuaciones de movimiento en forma covariante. Tensor campo electromagn\u00e9tico<\/li>\n<li>Invariancia gauge<\/li>\n<li>Fuerza de Lorentz: expresi\u00f3n covariante de la fuerza<\/li>\n<li>Formulaciones lagrangiana\u00a0y hamiltoniana<\/li>\n<li>Transformaciones de los campos<\/li>\n<li>Invariantes del campo electromagn\u00e9tico<\/li>\n<li>Campo creado por una carga m\u00f3vil: ley de Biot-Savart<\/li>\n<\/ul>\n<p><strong>Tema 5. Las ecuaciones de Maxwell en el espacio libre<\/strong><\/p>\n<ul>\n<li>Introducci\u00f3n<\/li>\n<li>Contenido f\u00edsico de las ecuaciones de Maxwell (I)<\/li>\n<li>Conservaci\u00f3n de la carga y tetravector corriente<\/li>\n<li>Electrost\u00e1tica y magnetost\u00e1tica: leyes y potenciales<\/li>\n<li>Caso no estacionario<\/li>\n<li>Ecuaciones de onda para los potenciales. Gauges<\/li>\n<li>Contenido f\u00edsico de las ecuaciones de Maxwell (II)<\/li>\n<\/ul>\n<p><strong>Tema 6. Soluci\u00f3n general de las ecuaciones de Maxwell<\/strong><\/p>\n<ul>\n<li>Introducci\u00f3n<\/li>\n<li>Ondas esf\u00e9ricas asociadas a una carga puntual en el origen. Potenciales retardados<\/li>\n<li>Expresi\u00f3n general para los potenciales retardados<\/li>\n<li>Comparaci\u00f3n con el caso est\u00e1tico: resultados con validez general y parcial<\/li>\n<li>Potenciales para una carga m\u00f3vil: soluci\u00f3n de Li\u00e9nard-Wiechert<\/li>\n<li>Campos creados por una carga en movimiento arbitrario: campo pr\u00f3ximo y campo de radiaci\u00f3n<\/li>\n<\/ul>\n<p><strong>Tema 7. Teor\u00eda de la radiaci\u00f3n<\/strong><\/p>\n<ul>\n<li>Introducci\u00f3n<\/li>\n<li>Radiaci\u00f3n por una carga acelerada en la aproximaci\u00f3n no-relativista de Larmor: aproximaci\u00f3n dipolar<\/li>\n<li>Radiaci\u00f3n de un dipolo el\u00e9ctrico<\/li>\n<li>Radiaci\u00f3n de un dipolo magn\u00e9tico<\/li>\n<li>Radiaci\u00f3n por una carga acelerada en el caso general<\/li>\n<li>Reacci\u00f3n de radiaci\u00f3n. Ecuaci\u00f3n de Abraham-Lorentz<\/li>\n<\/ul>\n<p><strong>Tema 8. Formulaci\u00f3n lagrangiana del campo electromagn\u00e9tico<\/strong><\/p>\n<ul>\n<li>Introducci\u00f3n<\/li>\n<li>Caso de la Mec\u00e1nica Cl\u00e1sica<\/li>\n<li>Transici\u00f3n de un sistema discreto a un sistema continuo<\/li>\n<li>Formulaci\u00f3n lagrangiana de un campo<\/li>\n<li>Lagrangiano para el campo electromagn\u00e9tico y formulaci\u00f3n covariante de las ecuaciones de Maxwell<\/li>\n<li>Tensor energ\u00eda-impulso<\/li>\n<li>Simetrizaci\u00f3n del tensor energ\u00eda-impulso. Teorema de Poynting<\/li>\n<li>Invariancia gauge y conservaci\u00f3n de la carga<\/li>\n<\/ul>\n<p>&nbsp;<\/p>\n<p><a href=\"https:\/\/cvnet.cpd.ua.es\/Guia-Docente\/GuiaDocente\/Index?wcodest=C206&amp;wcodasi=16006&amp;wlengua=es&amp;scaca=2023-24\"><strong>FUNDAMENTOS F\u00cdSICOS DE LAS ESTRUCTURAS<\/strong><\/a><\/p>\n<p><a href=\"https:\/\/web.ua.es\/es\/grados\/grado-en-arquitectura-tecnica\/plan-de-estudios.html\">Grado en Arquitectura T\u00e9cnica<\/a><\/p>\n<p><strong>Tema 1. An\u00e1lisis vectorial<\/strong><\/p>\n<ul>\n<li>Introducci\u00f3n<\/li>\n<li>Clasificaci\u00f3n de las magnitudes vectoriales<\/li>\n<li>Representaci\u00f3n gr\u00e1fica y anal\u00edtica de un vector<\/li>\n<li>\u00c1lgebra vectorial<\/li>\n<li>Producto escalar de dos vectores<\/li>\n<li>Producto vectorial de dos vectores<\/li>\n<li>Vectores y geometr\u00eda anal\u00edtica<\/li>\n<\/ul>\n<p><strong>Tema 2. Vectores deslizantes<\/strong><\/p>\n<ul>\n<li>Introducci\u00f3n<\/li>\n<li>Definici\u00f3n de vector deslizante<\/li>\n<li>Momento de un vector deslizante respecto a un punto<\/li>\n<li>Sistemas de vectores deslizantes<\/li>\n<li>Momento m\u00ednimo. Ecuaci\u00f3n del eje central<\/li>\n<li>Clasificaci\u00f3n de los sistemas de vectores deslizantes<\/li>\n<li>Teorema de Varignon generalizado<\/li>\n<\/ul>\n<p><strong>Tema 3. Centros de gravedad de superficies planas<br \/>\n<\/strong><\/p>\n<ul>\n<li>Introducci\u00f3n<\/li>\n<li>Momentos est\u00e1ticos y centro de gravedad de una superficie<\/li>\n<li>Centro de masas, centro de gravedad y centroide<\/li>\n<li>C\u00e1lculo sistem\u00e1tico de centros de gravedad<\/li>\n<\/ul>\n<p><strong>Tema 4. Momentos de inercia de superficies planas<\/strong><\/p>\n<ul>\n<li>Introducci\u00f3n<\/li>\n<li>Momento de inercia de una superficie plana<\/li>\n<li>Radio de giro<\/li>\n<li>Teoremas de Steiner para momentos de inercia<\/li>\n<li>Producto de inercia. Teoremas de Steiner para productos de inercia<\/li>\n<li>Momento de inercia respecto a un eje<\/li>\n<li>Momentos de inercia geom\u00e9trico y m\u00e1sico<\/li>\n<li>Momentos y ejes principales de inercia. Invariantes de inercia<\/li>\n<\/ul>\n<p><strong>Tema 5. Est\u00e1tica<\/strong><\/p>\n<ul>\n<li>Introducci\u00f3n<\/li>\n<li>Condiciones de equilibrio<\/li>\n<li>Reacciones de enlace<\/li>\n<li>Resoluci\u00f3n de problemas. Diagrama de s\u00f3lido libre<\/li>\n<li>Fuerzas interiores en miembros estructurales<\/li>\n<\/ul>\n<p><strong>Tema 6. Entramados articulados planos<br \/>\n<\/strong><\/p>\n<ul>\n<li>Introducci\u00f3n<\/li>\n<li>Hip\u00f3tesis simplificadoras<\/li>\n<li>Sistemas isost\u00e1ticos e hiperest\u00e1ticos<\/li>\n<li>M\u00e9todo de los nudos<\/li>\n<li>M\u00e9todo de Ritter o de las secciones<\/li>\n<\/ul>\n<p><strong>Tema 7. Vigas isost\u00e1ticas<br \/>\n<\/strong><\/p>\n<ul>\n<li>Introducci\u00f3n<\/li>\n<li>Vigas isost\u00e1ticas e hiperest\u00e1ticas<\/li>\n<li>Reaccciones en los apoyos<\/li>\n<li>Esfuerzos internos vigas<\/li>\n<li>Diagramas de esfuerzos cortantes y momentos flectores<\/li>\n<\/ul>\n<p><strong>Tema 8. Elasticidad<\/strong><\/p>\n<ul>\n<li>Introducci\u00f3n<\/li>\n<li>M\u00e9todo de las secciones<\/li>\n<li>Tensi\u00f3n normal y tensi\u00f3n tangencial<\/li>\n<li>Deformaci\u00f3n axial: m\u00f3dulo de Young<\/li>\n<li>Contracci\u00f3n lateral: coeficiente de Poisson<\/li>\n<li>Cizalladura: m\u00f3dulo de rigidez<\/li>\n<li>El\u00e1stica de una viga<\/li>\n<\/ul>\n","protected":false},"excerpt":{"rendered":"<p>. AMPLIACI\u00d3N DE F\u00cdSICA Grado en Ingenier\u00eda Rob\u00f3tica Tema 1. Cinem\u00e1tica plana del s\u00f3lido r\u00edgido Introducci\u00f3n Traslaci\u00f3n. Movimiento plano. Rotaci\u00f3n alrededor de un eje fijo Movimiento plano general. Velocidades absoluta y relativa Centro instant\u00e1neo de rotaci\u00f3n en el movimiento plano &hellip; <a href=\"https:\/\/blogs.ua.es\/fisicateleco\/asignaturas\/\">Continue reading <span class=\"meta-nav\">&rarr;<\/span><\/a><\/p>\n","protected":false},"author":1239,"featured_media":0,"parent":0,"menu_order":4,"comment_status":"closed","ping_status":"closed","template":"","meta":{"footnotes":""},"class_list":["post-10","page","type-page","status-publish","hentry"],"_links":{"self":[{"href":"https:\/\/blogs.ua.es\/fisicateleco\/wp-json\/wp\/v2\/pages\/10","targetHints":{"allow":["GET"]}}],"collection":[{"href":"https:\/\/blogs.ua.es\/fisicateleco\/wp-json\/wp\/v2\/pages"}],"about":[{"href":"https:\/\/blogs.ua.es\/fisicateleco\/wp-json\/wp\/v2\/types\/page"}],"author":[{"embeddable":true,"href":"https:\/\/blogs.ua.es\/fisicateleco\/wp-json\/wp\/v2\/users\/1239"}],"replies":[{"embeddable":true,"href":"https:\/\/blogs.ua.es\/fisicateleco\/wp-json\/wp\/v2\/comments?post=10"}],"version-history":[{"count":94,"href":"https:\/\/blogs.ua.es\/fisicateleco\/wp-json\/wp\/v2\/pages\/10\/revisions"}],"predecessor-version":[{"id":8345,"href":"https:\/\/blogs.ua.es\/fisicateleco\/wp-json\/wp\/v2\/pages\/10\/revisions\/8345"}],"wp:attachment":[{"href":"https:\/\/blogs.ua.es\/fisicateleco\/wp-json\/wp\/v2\/media?parent=10"}],"curies":[{"name":"wp","href":"https:\/\/api.w.org\/{rel}","templated":true}]}}