{"id":1153,"date":"2009-12-21T19:08:31","date_gmt":"2009-12-21T18:08:31","guid":{"rendered":"https:\/\/blogs.ua.es\/fisicateleco\/?page_id=1153"},"modified":"2020-07-15T09:46:52","modified_gmt":"2020-07-15T08:46:52","slug":"informacion","status":"publish","type":"page","link":"https:\/\/blogs.ua.es\/fisicateleco\/informacion\/","title":{"rendered":"Informaci\u00f3n"},"content":{"rendered":"<p style=\"text-align: justify\">Bienvenido al blog <strong>&#8220;F\u00edsica para tod@s&#8221; <\/strong>que utiliza la plataforma para la publicaci\u00f3n de blogs que la Universidad de Alicante ha puesto a disposici\u00f3n de toda la comunidad universitaria: <strong>blogsUA<\/strong> (<a href=\"..\/..\/\">https:\/\/blogs.ua.es<\/a>). En este blog encontrar\u00e1s informaci\u00f3n de las asignaturas de la Universidad de Alicante &#8220;Fundamentos F\u00edsicos de la Ingenier\u00eda I&#8221; del <a href=\"https:\/\/web.ua.es\/es\/grados\/grado-en-ingenieria-en-sonido-e-imagen-en-telecomunicacion\/\">Grado en Ingenier\u00eda en Sonido e Imagen en Telecomunicaci\u00f3n<\/a>, &#8220;Ampliaci\u00f3n de F\u00edsica&#8221; del <a href=\"https:\/\/web.ua.es\/es\/grados\/grado-en-ingenieria-robotica\/\">Grado en Ingenier\u00eda Rob\u00f3tica<\/a> y &#8220;Electromagnetismo II&#8221; del <a href=\"https:\/\/web.ua.es\/es\/grados\/grado-en-fisica\/\">Grado en F\u00edsica<\/a>.<\/p>\n<p style=\"text-align: justify\">Sin embargo, el objetivo de este blog no es s\u00f3lo proporcionar informaci\u00f3n relativa a las asignaturas (objetivos, contenidos, temas, ex\u00e1menes, pr\u00e1cticas de laboratorio, etc.) sino tambi\u00e9n servir de veh\u00edculo de comunicaci\u00f3n con los estudiantes y el p\u00fablico en general mediante la publicaci\u00f3n de noticias y enlaces de inter\u00e9s. Asimismo, pretente jugar un papel importante de divulgaci\u00f3n de esta ciencia dando a conocer diversos aspectos culturales, sociales, biogr\u00e1ficos, hist\u00f3ricos e incluso anecd\u00f3ticos de la F\u00edsica.<\/p>\n<p style=\"text-align: justify\">La docencia y la investigaci\u00f3n en F\u00edsica son dos tareas fundamentales para que esta ciencia avance, pero tambi\u00e9n lo es la divulgaci\u00f3n cient\u00edfica, pues es necesario que la sociedad sea consciente tanto de los avances cient\u00edficos del d\u00eda a d\u00eda como del trabajo de much\u00edsimos cient\u00edficos realizado a lo largo de la historia de la humanidad y que nos ha permitido conocer mejor y, en la medida de lo que es posible, dominar el mundo en que vivimos. \u00c9stas son las razones por las que desde el inicio de mi labor como profesor universitario e investigador me he involucrado con gran entusiasmo en la mejora de la <strong>Ense\u00f1anza de la F\u00edsica<\/strong>, as\u00ed como en m\u00faltiples actividades de <strong>Comunicaci\u00f3n y Divulgaci\u00f3n de la F\u00edsica<\/strong>, acercando de formas muy diversas los temas cient\u00edficos al p\u00fablico en general.<\/p>\n<p style=\"text-align: justify\">La\u00a0F\u00edsica y la Ciencia en general son, como toda empresa humana, \u201cuna obra colectiva de enorme belleza, donde el trabajo de miles de cient\u00edficos, s\u00f3lo unos pocos conocidos por el gran p\u00fablico, constituye la base del saber que es parte fundamental del conocimiento humano\u201d. Con frecuencia se dice que la F\u00edsica es la ciencia de lo ex\u00f3tico, pero tambi\u00e9n es la ciencia de la vida cotidiana (Tipler &amp; Mosca). En el extremo de lo ex\u00f3tico, los agujeros negros, los \u00e1tomos, las part\u00edculas elementales, la nanof\u00edsica o la materia oscura ponen retos a nuestra imaginaci\u00f3n. En la vida diaria, f\u00edsicos, astr\u00f3nomos, qu\u00edmicos, ge\u00f3logos, bi\u00f3logos, m\u00e9dicos, ingenieros y arquitectos abordan en su trabajo diario temas como la transmisi\u00f3n del calor, el flujo de fluidos, la corriente el\u00e9ctrica, la propagaci\u00f3n de la luz y el sonido, la radiactividad o las fuerzas de tensi\u00f3n en puentes o edificios. Todo esto tambi\u00e9n es F\u00edsica y de hecho innumerables cuestiones respecto a nuestro mundo m\u00e1s pr\u00f3ximo pueden responderse con un conocimiento b\u00e1sico de esta ciencia.<\/p>\n<p style=\"text-align: justify\">Tambi\u00e9n es necesario reconocer que la F\u00edsica siempre ha tenido un cierto halo de romanticismo e incluso de \u00e9pica. Basta mencionar el <em>eureka<\/em> de Arqu\u00edmedes, el heliocentrismo de Cop\u00e9rnico, el <em>eppur si muove <\/em>atribuido a Galileo, la an\u00e9cdota de la manzana de Newton, la vida heroica de Marie Curie, la nueva f\u00edsica surgida de la teor\u00eda cu\u00e1ntica de Bohr, Schr\u00f6dinger y Heisenberg, que \u201cdesvelar\u00eda algunos de los secretos m\u00e1s celosamente guardados por la naturaleza hasta entonces\u201d, o la Teor\u00eda de la Relatividad de Albert Einstein, figura singular y medi\u00e1tica, distinguido por la revista \u2018Time\u2019 como el personaje del siglo XX por delante de Roosevelt y Gandhi. Ha sido quiz\u00e1s una consecuencia de este halo de romanticismo el que <strong>la F\u00edsica es\u00a0seguramente la Ciencia m\u00e1s atractiva para el gran p\u00fablico<\/strong>.<\/p>\n<p style=\"text-align: justify\">P. A. Tipler y Gene Mosca,\u00a0<em>F\u00edsica para la Ciencia y la Tecnolog\u00eda,\u00a0<\/em>Vol.1 (Revert\u00e9, Barcelona, 2005), p. 4.<\/p>\n<div id=\"attachment_2885\" style=\"width: 634px\" class=\"wp-caption alignleft\"><a href=\"https:\/\/blogs.ua.es\/fisicateleco\/files\/2010\/05\/Diapositiva11.jpg\"><img loading=\"lazy\" decoding=\"async\" aria-describedby=\"caption-attachment-2885\" class=\"wp-image-2885\" src=\"https:\/\/blogs.ua.es\/fisicateleco\/files\/2010\/05\/Diapositiva11.jpg\" alt=\"\" width=\"624\" height=\"345\" srcset=\"https:\/\/blogs.ua.es\/fisicateleco\/files\/2010\/05\/Diapositiva11.jpg 596w, https:\/\/blogs.ua.es\/fisicateleco\/files\/2010\/05\/Diapositiva11-300x165.jpg 300w\" sizes=\"auto, (max-width: 624px) 100vw, 624px\" \/><\/a><p id=\"caption-attachment-2885\" class=\"wp-caption-text\">Arqu\u00edmedes, Cop\u00e9rnico, Galileo, Newton, Marie Curie, Bohr, Schr\u00f6dinger, Heisenberg y Einstein.<\/p><\/div>\n","protected":false},"excerpt":{"rendered":"<p>Bienvenido al blog &#8220;F\u00edsica para tod@s&#8221; que utiliza la plataforma para la publicaci\u00f3n de blogs que la Universidad de Alicante ha puesto a disposici\u00f3n de toda la comunidad universitaria: blogsUA (https:\/\/blogs.ua.es). En este blog encontrar\u00e1s informaci\u00f3n de las asignaturas de &hellip; <a href=\"https:\/\/blogs.ua.es\/fisicateleco\/informacion\/\">Continue reading <span class=\"meta-nav\">&rarr;<\/span><\/a><\/p>\n","protected":false},"author":1239,"featured_media":0,"parent":0,"menu_order":2,"comment_status":"closed","ping_status":"closed","template":"","meta":{"footnotes":""},"class_list":["post-1153","page","type-page","status-publish","hentry"],"_links":{"self":[{"href":"https:\/\/blogs.ua.es\/fisicateleco\/wp-json\/wp\/v2\/pages\/1153","targetHints":{"allow":["GET"]}}],"collection":[{"href":"https:\/\/blogs.ua.es\/fisicateleco\/wp-json\/wp\/v2\/pages"}],"about":[{"href":"https:\/\/blogs.ua.es\/fisicateleco\/wp-json\/wp\/v2\/types\/page"}],"author":[{"embeddable":true,"href":"https:\/\/blogs.ua.es\/fisicateleco\/wp-json\/wp\/v2\/users\/1239"}],"replies":[{"embeddable":true,"href":"https:\/\/blogs.ua.es\/fisicateleco\/wp-json\/wp\/v2\/comments?post=1153"}],"version-history":[{"count":24,"href":"https:\/\/blogs.ua.es\/fisicateleco\/wp-json\/wp\/v2\/pages\/1153\/revisions"}],"predecessor-version":[{"id":8149,"href":"https:\/\/blogs.ua.es\/fisicateleco\/wp-json\/wp\/v2\/pages\/1153\/revisions\/8149"}],"wp:attachment":[{"href":"https:\/\/blogs.ua.es\/fisicateleco\/wp-json\/wp\/v2\/media?parent=1153"}],"curies":[{"name":"wp","href":"https:\/\/api.w.org\/{rel}","templated":true}]}}