{"id":2,"date":"2009-04-07T21:14:31","date_gmt":"2009-04-07T19:14:31","guid":{"rendered":""},"modified":"2019-06-08T10:27:17","modified_gmt":"2019-06-08T09:27:17","slug":"objetivos","status":"publish","type":"page","link":"https:\/\/blogs.ua.es\/fisicateleco\/objetivos\/","title":{"rendered":"Objetivos"},"content":{"rendered":"<p style=\"text-align: justify\"><span style=\"color: #ffffff\">.<\/span><\/p>\n<p style=\"text-align: justify\"><strong>FUNDAMENTOS F\u00cdSICOS DE LA INGENIER\u00cdA I<\/strong><\/p>\n<p style=\"text-align: justify\">Grado en Ingenier\u00eda en Sonido e Imagen en Telecomunicaci\u00f3n<\/p>\n<p style=\"text-align: justify\">Escuela Polit\u00e9cnica Superior<\/p>\n<p style=\"text-align: justify\">Universidad de Alicante<\/p>\n<p style=\"text-align: justify\"><strong>Objetivos formativos<\/strong><\/p>\n<p style=\"text-align: justify;padding-left: 30px\">Conocimiento de materias b\u00e1sicas y tecnolog\u00edas, que le capacite para el aprendizaje de nuevos m\u00e9todos y tecnolog\u00edas, as\u00ed como que le dote de una gran versatilidad para adaptarse a nuevas situaciones.<\/p>\n<p style=\"text-align: justify;padding-left: 30px\">Capacidad de resolver problemas con iniciativa, toma de decisiones, creatividad, y de comunicar y transmitir conocimientos, habilidades y destrezas, comprendiendo la responsabilidad \u00e9tica y profesional de la actividad del Ingeniero\/a T\u00e9cnico de Telecomunicaci\u00f3n.<\/p>\n<p style=\"text-align: justify;padding-left: 30px\">Facilidad para el manejo de especificaciones, reglamentos y normas de obligado cumplimiento.<\/p>\n<p style=\"text-align: justify;padding-left: 30px\">Conocer y aplicar elementos b\u00e1sicos de econom\u00eda y de gesti\u00f3n de recursos humanos, organizaci\u00f3n y planificaci\u00f3n de proyectos, as\u00ed como de legislaci\u00f3n, regulaci\u00f3n y normalizaci\u00f3n en las telecomunicaciones.<\/p>\n<p style=\"text-align: justify\"><strong>Objetivos espec\u00edficos<\/strong><\/p>\n<p style=\"padding-left: 30px;text-align: justify\">Adquirir las competencias necesarias para la formaci\u00f3n cient\u00edfica b\u00e1sica de un estudiante universitario especializado en la rama t\u00e9cnica de Ingenier\u00eda de Telecomunicaci\u00f3n, especialidad en Sonido e Imagen.<\/p>\n<p style=\"padding-left: 30px;text-align: justify\">Tener una visi\u00f3n general sobre los fundamentos de la f\u00edsica de semiconductores, necesarios para poder abordar con \u00e9xito las asignaturas de electr\u00f3nica y fot\u00f3nica de la titulaci\u00f3n.<\/p>\n<p style=\"padding-left: 30px;text-align: justify\">Asimilar los conceptos fundamentales de la mec\u00e1nica de una part\u00edcula para la resoluci\u00f3n de problemas de cinem\u00e1tica, din\u00e1mica y trabajo y energ\u00eda, as\u00ed como en problemas que incluyan situaciones en las que aparecen estos conceptos simult\u00e1neamente.<\/p>\n<p style=\"padding-left: 30px;text-align: justify\">Adquirir conocimientos elementales de calor, temperatura y termodin\u00e1mica y aplicarlos en la resoluci\u00f3n de problemas en los que aparece el calor y los mecanismos de la transferencia de energ\u00eda t\u00e9rmica.<\/p>\n<p style=\"padding-left: 30px;text-align: justify\">Comprender los conceptos b\u00e1sicos sobre campos el\u00e9ctricos y corrientes el\u00e9ctricas, de gran importancia en la Ingenier\u00eda de Telecomunicaci\u00f3n e imprescindibles para el estudio de otras asignaturas, y saber aplicar estos conceptos a la resoluci\u00f3n de problemas con cargas el\u00e9ctricas puntuales y distribuidas.<\/p>\n<p style=\"padding-left: 30px;text-align: justify\">Estimular a los alumnos mediante la exposici\u00f3n de aplicaciones de la F\u00edsica en la vida cotidiana, en la tecnolog\u00eda actual, en su propia titulaci\u00f3n y en su futura actividad profesional.<\/p>\n<p>&nbsp;<\/p>\n","protected":false},"excerpt":{"rendered":"<p>. FUNDAMENTOS F\u00cdSICOS DE LA INGENIER\u00cdA I Grado en Ingenier\u00eda en Sonido e Imagen en Telecomunicaci\u00f3n Escuela Polit\u00e9cnica Superior Universidad de Alicante Objetivos formativos Conocimiento de materias b\u00e1sicas y tecnolog\u00edas, que le capacite para el aprendizaje de nuevos m\u00e9todos y &hellip; <a href=\"https:\/\/blogs.ua.es\/fisicateleco\/objetivos\/\">Continue reading <span class=\"meta-nav\">&rarr;<\/span><\/a><\/p>\n","protected":false},"author":1239,"featured_media":0,"parent":0,"menu_order":3,"comment_status":"closed","ping_status":"open","template":"","meta":{"footnotes":""},"class_list":["post-2","page","type-page","status-publish","hentry"],"_links":{"self":[{"href":"https:\/\/blogs.ua.es\/fisicateleco\/wp-json\/wp\/v2\/pages\/2","targetHints":{"allow":["GET"]}}],"collection":[{"href":"https:\/\/blogs.ua.es\/fisicateleco\/wp-json\/wp\/v2\/pages"}],"about":[{"href":"https:\/\/blogs.ua.es\/fisicateleco\/wp-json\/wp\/v2\/types\/page"}],"author":[{"embeddable":true,"href":"https:\/\/blogs.ua.es\/fisicateleco\/wp-json\/wp\/v2\/users\/1239"}],"replies":[{"embeddable":true,"href":"https:\/\/blogs.ua.es\/fisicateleco\/wp-json\/wp\/v2\/comments?post=2"}],"version-history":[{"count":30,"href":"https:\/\/blogs.ua.es\/fisicateleco\/wp-json\/wp\/v2\/pages\/2\/revisions"}],"predecessor-version":[{"id":8018,"href":"https:\/\/blogs.ua.es\/fisicateleco\/wp-json\/wp\/v2\/pages\/2\/revisions\/8018"}],"wp:attachment":[{"href":"https:\/\/blogs.ua.es\/fisicateleco\/wp-json\/wp\/v2\/media?parent=2"}],"curies":[{"name":"wp","href":"https:\/\/api.w.org\/{rel}","templated":true}]}}