{"id":46,"date":"2024-03-22T09:37:45","date_gmt":"2024-03-22T08:37:45","guid":{"rendered":"https:\/\/blogs.ua.es\/floresvizcaya\/?page_id=46"},"modified":"2024-03-22T10:13:03","modified_gmt":"2024-03-22T09:13:03","slug":"grupo-de-investigacion-es","status":"publish","type":"page","link":"https:\/\/blogs.ua.es\/floresvizcaya\/","title":{"rendered":"Grupo de investigaci\u00f3n Enfermer\u00eda Cl\u00ednica (EC) \/ Clinical Nursing Research Group"},"content":{"rendered":"<p><a href=\"https:\/\/blogs.ua.es\/floresvizcaya\/grupo-de-investigacion-es\/logoec\/\" rel=\"attachment wp-att-137\"><img loading=\"lazy\" decoding=\"async\" class=\"wp-image-137 alignleft\" src=\"https:\/\/blogs.ua.es\/floresvizcaya\/files\/2016\/01\/LogoEC.png\" alt=\"\" width=\"194\" height=\"196\" srcset=\"https:\/\/blogs.ua.es\/floresvizcaya\/files\/2016\/01\/LogoEC.png 524w, https:\/\/blogs.ua.es\/floresvizcaya\/files\/2016\/01\/LogoEC-297x300.png 297w\" sizes=\"auto, (max-width: 194px) 100vw, 194px\" \/><\/a><\/p>\n<p>El grupo de investigaci\u00f3n <a href=\"https:\/\/cvnet.cpd.ua.es\/curriculum-breve\/grp\/es\/enfermeria-clinica-(ec)\/628\">ENFERMER\u00cdA CL\u00cdNICA<\/a> de la <a href=\"https:\/\/www.ua.es\">Universidad de Alicante<\/a>, parte de la existencia previa de una trayectoria de trabajo com\u00fan entre los profesionales investigadores acad\u00e9micos y aplicados que lo componen. Las diversas inquietudes surgidas, la necesidad de articulaci\u00f3n entre investigaci\u00f3n, docencia y expansi\u00f3n de nuestro trabajo, hacia el marco de cooperaci\u00f3n\/colaboraci\u00f3n en investigaci\u00f3n internacional en el campo de la Enfermer\u00eda, hacen precisa la formulaci\u00f3n de unas l\u00edneas de investigaci\u00f3n generales que faciliten y potencien nuestro desarrollo y productividad como futuro equipo.<\/p>\n<p>Con car\u00e1cter general, las l\u00edneas de este grupo de investigaci\u00f3n habr\u00e1n de contribuir al desarrollo del conocimiento, a la innovaci\u00f3n tecnol\u00f3gica o a la soluci\u00f3n de problemas te\u00f3ricos y pr\u00e1cticos cruciales para la Enfermer\u00eda. As\u00ed mismo, los futuros proyectos de trabajo se abordaran desde un enfoque te\u00f3rico y metodol\u00f3gico plural y tendr\u00e1n progresivamente un car\u00e1cter acumulativo y complementario, que tiendan hacia un avance de \u00edndole interdisciplinario.<\/p>\n<p><em><strong>Lineas de investigaci\u00f3n:<\/strong><\/em><\/p>\n<ul>\n<li>Enfermer\u00eda y Seguridad del Paciente.<\/li>\n<li>Enfermer\u00eda Cl\u00ednica y Biol\u00f3gica.<\/li>\n<li>Enfermer\u00eda y Educaci\u00f3n.<\/li>\n<li>Entorno de Aprendizaje Cl\u00ednico.<\/li>\n<li>Tecnolog\u00edas del Aprendizaje y el Conocimiento en Salud.<\/li>\n<li>Fundamentos de Enfermer\u00eda y Cuidados en el Adulto.<\/li>\n<li>Enfermer\u00eda y Antropolog\u00eda Biol\u00f3gica y de la Salud.<\/li>\n<li>Enfermer\u00eda y Derecho a la Salud de la Mujer.<\/li>\n<\/ul>\n<p>&nbsp;<\/p>\n","protected":false},"excerpt":{"rendered":"<p>El grupo de investigaci\u00f3n ENFERMER\u00cdA CL\u00cdNICA de la Universidad de Alicante, parte de la existencia previa de una trayectoria de trabajo com\u00fan entre los profesionales investigadores acad\u00e9micos y aplicados que lo componen. Las diversas inquietudes surgidas, la necesidad de articulaci\u00f3n &hellip; <a href=\"https:\/\/blogs.ua.es\/floresvizcaya\/\">Continue reading <span class=\"meta-nav\">&rarr;<\/span><\/a><\/p>\n","protected":false},"author":56,"featured_media":86,"parent":0,"menu_order":1,"comment_status":"open","ping_status":"closed","template":"showcase.php","meta":{"footnotes":""},"class_list":["post-46","page","type-page","status-publish","has-post-thumbnail","hentry"],"_links":{"self":[{"href":"https:\/\/blogs.ua.es\/floresvizcaya\/wp-json\/wp\/v2\/pages\/46","targetHints":{"allow":["GET"]}}],"collection":[{"href":"https:\/\/blogs.ua.es\/floresvizcaya\/wp-json\/wp\/v2\/pages"}],"about":[{"href":"https:\/\/blogs.ua.es\/floresvizcaya\/wp-json\/wp\/v2\/types\/page"}],"author":[{"embeddable":true,"href":"https:\/\/blogs.ua.es\/floresvizcaya\/wp-json\/wp\/v2\/users\/56"}],"replies":[{"embeddable":true,"href":"https:\/\/blogs.ua.es\/floresvizcaya\/wp-json\/wp\/v2\/comments?post=46"}],"version-history":[{"count":14,"href":"https:\/\/blogs.ua.es\/floresvizcaya\/wp-json\/wp\/v2\/pages\/46\/revisions"}],"predecessor-version":[{"id":149,"href":"https:\/\/blogs.ua.es\/floresvizcaya\/wp-json\/wp\/v2\/pages\/46\/revisions\/149"}],"wp:featuredmedia":[{"embeddable":true,"href":"https:\/\/blogs.ua.es\/floresvizcaya\/wp-json\/wp\/v2\/media\/86"}],"wp:attachment":[{"href":"https:\/\/blogs.ua.es\/floresvizcaya\/wp-json\/wp\/v2\/media?parent=46"}],"curies":[{"name":"wp","href":"https:\/\/api.w.org\/{rel}","templated":true}]}}