{"id":292,"date":"2011-09-05T12:31:48","date_gmt":"2011-09-05T10:31:48","guid":{"rendered":"https:\/\/blogs.ua.es\/foroturismobenidorm\/?page_id=292"},"modified":"2012-10-11T17:16:40","modified_gmt":"2012-10-11T15:16:40","slug":"inscripcion-al-foro","status":"publish","type":"page","link":"https:\/\/blogs.ua.es\/foroturismobenidorm\/inscripcion-al-foro\/","title":{"rendered":"Inscripci\u00f3n al XVI Foro"},"content":{"rendered":"<h2><\/h2>\n<h2><\/h2>\n<h2><span style=\"color: #1414ff\"><span style=\"margin-top: 50px\">Derechos de Inscripci\u00f3n para estudiantes y participantes en el Concurso de Ideas<\/span><\/span><\/h2>\n<h2><\/h2>\n<ul>\n<li>\n<h3>Cuota para estudiantes que deseen obtener un cr\u00e9dito de libre elecci\u00f3n curricular: 25\u20ac<\/h3>\n<\/li>\n<li>\n<h3>Cuota para participantes en el 5\u00ba Concurso de\u00a0Ideas\u00a0Pedro Zaragoza: 25\u20ac<\/h3>\n<\/li>\n<\/ul>\n<ul>\n<li>\n<h3>Profesionales\u00a0del sector: Asistencia gratuita<\/h3>\n<\/li>\n<\/ul>\n<p><span style=\"font-size: small\">La Comisi\u00f3n CECLEC de la Universidad de Alicante reconoce\u00a0un\u00a0cr\u00e9dito de libre elecci\u00f3n curricular a \u00a0los estudiantes inscritos en el XVI Foro Internacional de Turismo de Benidorm. El pago de la cuota de inscripci\u00f3n para la obtenci\u00f3n del cr\u00e9dito CECLEC dar\u00e1 derecho a la entrega de un certificado de asistencia y aprovechamiento a los asistentes que hayan abonado la cuota<span style=\"color: #888888\">.<\/span><\/span><\/p>\n<p>&nbsp;<\/p>\n<h2><span style=\"color: #1414ff\">Plazo de inscripci\u00f3n<\/span><\/h2>\n<ul>\n<li><span style=\"color: #000000\"><span style=\"color: #808080\"><span style=\"color: #000000\"><strong><span style=\"color: #ff00ff\"><span style=\"color: #1414ff\">Plazo general de inscripci\u00f3n: <\/span><span style=\"color: #333333\">Del\u00a01 de\u00a0septiembre\u00a0al\u00a018 de octubre<\/span><\/span><\/strong><\/span><\/span><\/span><\/li>\n<li><span style=\"color: #000000\"><span style=\"color: #808080\"><span style=\"color: #ff00ff\"><span style=\"color: #800000\"><strong><span style=\"color: #1414ff\">Plazo de inscripci\u00f3n para participantes en el 5\u00ba Concurso de Ideas Pedro Zaragoza<\/span>:<\/strong> <\/span><span style=\"color: #333333\"><strong>Del\u00a01 de\u00a0septiembre al\u00a028 de\u00a0septiembre <\/strong><\/span><\/span><span style=\"color: #333333\">(al finalizar el plazo de\u00a0presentaci\u00f3n de propuestas el d\u00eda\u00a01 de octubre). <\/span><\/span><\/span><\/li>\n<\/ul>\n<p>Para formalizar la inscripci\u00f3n al XVI Foro, aquellos interesados en obtener cr\u00e9dito CECLEC y certificado de asistencia, deber\u00e1n cumplimentar el formulario de inscripci\u00f3n: <a href=\"http:\/\/www.ua.es\/instituto\/iuit\/form.inscr.foro.es.htm\">http:\/\/www.ua.es\/instituto\/iuit\/form.inscr.foro.es.htm<\/a>\u00a0o acudir directamente a la Secretar\u00eda T\u00e9cnica, en horario de atenci\u00f3n al p\u00fablico (de lunes a viernes de 9h. a 14h.). Una vez recibido el formulario, la Secretar\u00eda T\u00e9cnica proceder\u00e1 al env\u00edo del recibo de pago a trav\u00e9s del cual se formalizar\u00e1 la inscripci\u00f3n. Dicha inscripci\u00f3n ser\u00e1 v\u00e1lida a partir del momento en que se tenga constancia de la realizaci\u00f3n del ingreso bancario del recibo correspondiente.<\/p>\n<p>La anulaci\u00f3n de la matr\u00edcula, una vez comenzado el Foro, no dar\u00e1 derecho a la devoluci\u00f3n de las tasas abonadas.<\/p>\n<p>Para los profesionales del sector que deseen asistir al Foro, se ruega confirmaci\u00f3n de asistencia enviando un e-mail a: <a href=\"mailto:b.alcaraz@ua.es\">b.alcaraz@ua.es<\/a><\/p>\n<h2><\/h2>\n<h2><span style=\"color: #0000ff\">Secretar\u00eda Acad\u00e9mica y T\u00e9cnica<\/span><\/h2>\n<h2><span style=\"color: #000080\"><span style=\"color: #333333\">Instituto Universitario de Investigaciones Tur\u00edsticas<\/span><\/span><\/h2>\n<p>Universidad de Alicante<br \/>\nEdificio de Institutos Universitarios<br \/>\nCampus de San Vicente del Raspeig<br \/>\n<a href=\"http:\/\/iuit.ua.es\/es\/\">http:\/\/iuit.ua.es\/es\/<\/a><br \/>\nTel: +34 96 5909551 Fax:\u00a0+34 96 590 9552<\/p>\n<p><span style=\"color: #0000ff\"><strong>Informaci\u00f3n general e inscripci\u00f3n al Foro<\/strong><\/span><span style=\"color: #ff9900\"><span style=\"color: #333333\"><strong><span style=\"color: #000080\">:<\/span><\/strong> <a href=\"mailto:b.alcaraz@ua.es\">b.alcaraz@ua.es<\/a><\/span><\/span><\/p>\n<p>&nbsp;<\/p>\n<h2><span style=\"color: #0000ff\">Lugar<\/span><\/h2>\n<h3>Sal\u00f3n de Actos del Excmo. Ayuntamiento de Benidorm.<\/h3>\n<h4>Si quieres saber la ubicaci\u00f3n exacta del Ayuntamiento haz click <a href=\"http:\/\/maps.google.es\/maps?f=q&amp;hl=es&amp;geocode=&amp;q=plaza+de+los+reyes+de+espa%C3%B1a+benidorm&amp;sll=38.541553,-0.131159&amp;sspn=0.012134,0.019226&amp;ie=UTF8&amp;ll=38.542124,-0.122352&amp;spn=0.018025,0.033131&amp;z=15\">aqu\u00ed<\/a>.<\/h4>\n<p>&nbsp;<\/p>\n","protected":false},"excerpt":{"rendered":"<p>Derechos de Inscripci\u00f3n para estudiantes y participantes en el Concurso de Ideas Cuota para estudiantes que deseen obtener un cr\u00e9dito de libre elecci\u00f3n curricular: 25\u20ac Cuota para participantes en el 5\u00ba Concurso de\u00a0Ideas\u00a0Pedro Zaragoza: 25\u20ac Profesionales\u00a0del sector: Asistencia gratuita La Comisi\u00f3n CECLEC de la Universidad de Alicante reconoce\u00a0un\u00a0cr\u00e9dito de libre elecci\u00f3n curricular a \u00a0los estudiantes [&hellip;]<\/p>\n","protected":false},"author":766,"featured_media":0,"parent":0,"menu_order":3,"comment_status":"closed","ping_status":"closed","template":"","meta":{"footnotes":""},"class_list":["post-292","page","type-page","status-publish","hentry"],"_links":{"self":[{"href":"https:\/\/blogs.ua.es\/foroturismobenidorm\/wp-json\/wp\/v2\/pages\/292","targetHints":{"allow":["GET"]}}],"collection":[{"href":"https:\/\/blogs.ua.es\/foroturismobenidorm\/wp-json\/wp\/v2\/pages"}],"about":[{"href":"https:\/\/blogs.ua.es\/foroturismobenidorm\/wp-json\/wp\/v2\/types\/page"}],"author":[{"embeddable":true,"href":"https:\/\/blogs.ua.es\/foroturismobenidorm\/wp-json\/wp\/v2\/users\/766"}],"replies":[{"embeddable":true,"href":"https:\/\/blogs.ua.es\/foroturismobenidorm\/wp-json\/wp\/v2\/comments?post=292"}],"version-history":[{"count":51,"href":"https:\/\/blogs.ua.es\/foroturismobenidorm\/wp-json\/wp\/v2\/pages\/292\/revisions"}],"predecessor-version":[{"id":305,"href":"https:\/\/blogs.ua.es\/foroturismobenidorm\/wp-json\/wp\/v2\/pages\/292\/revisions\/305"}],"wp:attachment":[{"href":"https:\/\/blogs.ua.es\/foroturismobenidorm\/wp-json\/wp\/v2\/media?parent=292"}],"curies":[{"name":"wp","href":"https:\/\/api.w.org\/{rel}","templated":true}]}}