{"id":33,"date":"2011-06-13T20:00:28","date_gmt":"2011-06-13T18:00:28","guid":{"rendered":"https:\/\/blogs.ua.es\/foroturismobenidorm\/?page_id=33"},"modified":"2013-01-23T16:24:26","modified_gmt":"2013-01-23T14:24:26","slug":"concurs-de-ideas","status":"publish","type":"page","link":"https:\/\/blogs.ua.es\/foroturismobenidorm\/concurs-de-ideas\/","title":{"rendered":"5\u00baConcurso de Ideas"},"content":{"rendered":"<p>&nbsp;<\/p>\n<p><span style=\"color: #888888\"><a href=\"https:\/\/blogs.ua.es\/foroturismobenidorm\/files\/2011\/06\/Banner-19x12-cm-a-96-ppp.jpg\"><img loading=\"lazy\" decoding=\"async\" class=\"aligncenter size-full wp-image-883\" src=\"https:\/\/blogs.ua.es\/foroturismobenidorm\/files\/2011\/06\/Banner-19x12-cm-a-96-ppp.jpg\" alt=\"\" width=\"718\" height=\"454\" srcset=\"https:\/\/blogs.ua.es\/foroturismobenidorm\/files\/2011\/06\/Banner-19x12-cm-a-96-ppp.jpg 718w, https:\/\/blogs.ua.es\/foroturismobenidorm\/files\/2011\/06\/Banner-19x12-cm-a-96-ppp-300x189.jpg 300w\" sizes=\"auto, (max-width: 718px) 100vw, 718px\" \/><\/a><\/span><\/p>\n<p>&nbsp;<\/p>\n<p><span style=\"color: #888888\">La XVI edici\u00f3n del Foro Internacional de Turismo de Benidorm\u00a0lanza su\u00a05\u00ba Concurso de Ideas\u00a0Pedro\u00a0Zaragoza:<span style=\"color: #e6302d\"> <strong>&#8220;Saborea el turismo en Benidorm: propuestas creativas de turismo gastron\u00f3mico&#8221;, <\/strong><\/span>con el objetivo de\u00a0promover la presentaci\u00f3n de propuestas que fomenten la reflexi\u00f3n creativa en torno al desarrollo de nuevas formas de turismo gastron\u00f3mico que contribuyan a enriquecer la experiencia tur\u00edstica en Benidorm. <\/span><\/p>\n<h4><span style=\"color: #0c63aa\">Modalidades de las propuestas a presentar:<\/span><\/h4>\n<h4><\/h4>\n<ul>\n<li>\n<h4>Sinergias entre gastronom\u00eda y nuevos productos tur\u00edsticos: innovaci\u00f3n para enriquecer la experiencia tur\u00edstica.<\/h4>\n<\/li>\n<li>\n<h4>Orientaci\u00f3n de la hosteler\u00eda hacia nuevos productos y segmentos de demanda: innovaci\u00f3n en los<br \/>\nmodelos de negocio, en la creaci\u00f3n del producto y en su comercializaci\u00f3n.<\/h4>\n<\/li>\n<li>\n<h4>La cocina como instrumento de promoci\u00f3n tur\u00edstica en Benidorm: acciones publicitarias creativas<\/h4>\n<\/li>\n<li>\n<h4>Innovaci\u00f3n en la promoci\u00f3n y comercializaci\u00f3n del turismo gastron\u00f3mico en Benidorm.<\/h4>\n<\/li>\n<li>\n<h4>Propuestas innovadoras para el posicionamiento de Benidorm como referente de la dieta mediterr\u00e1nea.<\/h4>\n<\/li>\n<li>\n<h4>Acciones de co-marketing y alianzas comerciales entre los agentes encargados del desarrollo tur\u00edstico de Benidorm y los vinculados con la gastronom\u00eda.<\/h4>\n<\/li>\n<li>\n<h4>Dise\u00f1o y arquitectura de los establecimientos vinculados con la gastronom\u00eda, como parte esencial de la experiencia gastron\u00f3mica y de la imagen del destino tur\u00edstico.<\/h4>\n<\/li>\n<\/ul>\n<p style=\"text-align: center\"><span style=\"color: #808080\">\u00a0<\/span><\/p>\n<p style=\"text-align: center\"><span style=\"color: #808080\">Descargar m\u00e1s\u00a0informaci\u00f3n acerca del <span style=\"color: #0c63aa\"><span style=\"color: #0c63aa\"><a href=\"https:\/\/blogs.ua.es\/foroturismobenidorm\/files\/2012\/09\/Concurso-de-Ideas-nuevos-patrocinadores.pdf\">5\u00ba Concurso de Ideas &#8220;Pedro Zaragoza&#8221;<\/a><\/span><\/span><\/span><\/p>\n<p style=\"text-align: center\"><span style=\"color: #808080\">\u00a0<\/span><span style=\"color: #808080\">Bases de participaci\u00f3 del <span style=\"color: #0c63aa\"><a href=\"https:\/\/blogs.ua.es\/foroturismobenidorm\/files\/2012\/07\/Concurso-d-idees-OK-para-blog.pdf\" target=\"_blank\"><span style=\"color: #0c63aa\">5<\/span><span style=\"color: #0c63aa\">\u00ba Concurs d&#8217;Idees Pedro Zaragoza<\/span><\/a><\/span><\/span><\/p>\n<p style=\"text-align: center\"><span style=\"color: #808080\">\u00a0<\/span><\/p>\n<p style=\"text-align: center\"><strong>Plazo de inscripci\u00f3n para participantes en el 5\u00ba Concurso de Ideas Pedro Zaragoza:<\/strong> <strong>Del 1 de septiembre al\u00a028 de\u00a0septiembre <\/strong>(al finalizar el plazo de presentaci\u00f3n de propuestas el d\u00eda 30 de septiembre).<\/p>\n<p style=\"text-align: center\">Los interesados\u00a0deben\u00a0cumplimentar el siguiente\u00a0<a href=\"https:\/\/blogs.ua.es\/foroturismobenidorm\/files\/2011\/06\/Solicitud-de-participaci\u00f3n-5-Concurso-FORO.pdf\">Formulario de solicitud de participaci\u00f3n<\/a> que debe remitirse junto con\u00a0la propuesta.<\/p>\n","protected":false},"excerpt":{"rendered":"<p>&nbsp; &nbsp; La XVI edici\u00f3n del Foro Internacional de Turismo de Benidorm\u00a0lanza su\u00a05\u00ba Concurso de Ideas\u00a0Pedro\u00a0Zaragoza: &#8220;Saborea el turismo en Benidorm: propuestas creativas de turismo gastron\u00f3mico&#8221;, con el objetivo de\u00a0promover la presentaci\u00f3n de propuestas que fomenten la reflexi\u00f3n creativa en torno al desarrollo de nuevas formas de turismo gastron\u00f3mico que contribuyan a enriquecer la experiencia [&hellip;]<\/p>\n","protected":false},"author":766,"featured_media":0,"parent":0,"menu_order":1,"comment_status":"closed","ping_status":"open","template":"","meta":{"footnotes":""},"class_list":["post-33","page","type-page","status-publish","hentry"],"_links":{"self":[{"href":"https:\/\/blogs.ua.es\/foroturismobenidorm\/wp-json\/wp\/v2\/pages\/33","targetHints":{"allow":["GET"]}}],"collection":[{"href":"https:\/\/blogs.ua.es\/foroturismobenidorm\/wp-json\/wp\/v2\/pages"}],"about":[{"href":"https:\/\/blogs.ua.es\/foroturismobenidorm\/wp-json\/wp\/v2\/types\/page"}],"author":[{"embeddable":true,"href":"https:\/\/blogs.ua.es\/foroturismobenidorm\/wp-json\/wp\/v2\/users\/766"}],"replies":[{"embeddable":true,"href":"https:\/\/blogs.ua.es\/foroturismobenidorm\/wp-json\/wp\/v2\/comments?post=33"}],"version-history":[{"count":75,"href":"https:\/\/blogs.ua.es\/foroturismobenidorm\/wp-json\/wp\/v2\/pages\/33\/revisions"}],"predecessor-version":[{"id":208,"href":"https:\/\/blogs.ua.es\/foroturismobenidorm\/wp-json\/wp\/v2\/pages\/33\/revisions\/208"}],"wp:attachment":[{"href":"https:\/\/blogs.ua.es\/foroturismobenidorm\/wp-json\/wp\/v2\/media?parent=33"}],"curies":[{"name":"wp","href":"https:\/\/api.w.org\/{rel}","templated":true}]}}