{"id":609,"date":"2011-03-14T12:56:06","date_gmt":"2011-03-14T10:56:06","guid":{"rendered":"https:\/\/blogs.ua.es\/foroturismobenidorm\/"},"modified":"2011-10-11T14:13:20","modified_gmt":"2011-10-11T12:13:20","slug":"videos-xiv-foro","status":"publish","type":"page","link":"https:\/\/blogs.ua.es\/foroturismobenidorm\/videos-xiv-foro\/","title":{"rendered":"V\u00eddeos XIV Foro"},"content":{"rendered":"<h1 style=\"text-align: center\"><a href=\"https:\/\/blogs.ua.es\/foroturismobenidorm\/files\/2010\/04\/encabez-20101.jpg\"><\/a><a href=\"https:\/\/blogs.ua.es\/foroturismobenidorm\/files\/2010\/10\/Programa-XIV-Foro.pdf\"><\/a><a href=\"https:\/\/blogs.ua.es\/foroturismobenidorm\/files\/2010\/04\/encabez-20101.jpg\"><\/a><\/h1>\n<h2><a href=\"https:\/\/blogs.ua.es\/foroturismobenidorm\/files\/2010\/10\/Programa-XIV-Foro.pdf\" target=\"_blank\"><img loading=\"lazy\" decoding=\"async\" class=\"aligncenter size-medium wp-image-550\" src=\"https:\/\/blogs.ua.es\/foroturismobenidorm\/files\/2008\/07\/Banner-programa-300x129.jpg\" alt=\"\" width=\"300\" height=\"129\" srcset=\"https:\/\/blogs.ua.es\/foroturismobenidorm\/files\/2008\/07\/Banner-programa-300x129.jpg 300w, https:\/\/blogs.ua.es\/foroturismobenidorm\/files\/2008\/07\/Banner-programa.jpg 945w\" sizes=\"auto, (max-width: 300px) 100vw, 300px\" \/><\/a><\/h2>\n<h2>10.00 h.\u00a0Acto inaugural<\/h2>\n<p><strong>Ilmo. Sr. D. Agust\u00edn Navarro, Alcalde-presidente\u00a0del Excmo. Ayuntamiento de Benidorm<\/strong><\/p>\n<p><strong>Sr. D\u00f1a. Ar\u00e1nzazu Calzada Gonz\u00e1lez,\u00a0 Vicerrectora de Relaciones Institucionales de la Universidad de Alicante.<\/strong><\/p>\n<p><strong>Ilma. Sra. D\u00f1a. Mar\u00eda Victoria Palau T\u00e1rrega, Secretaria Auton\u00f3mica de la Conselleria de Turisme<\/strong><\/p>\n <iframe src=\"https:\/\/vertice.cpd.ua.es\/12585?iframef=1&vrtapp=blogsua\" style=\"display:block; width:610px; height:343.125px;\" frameBorder=\"0\"  scrolling=\"no\" allowfullscreen>iframes no soportados en este navegador<\/iframe> \n<h2>11.30-14.00 h. Panel 1: Componentes del turismo deportivo, interrelaci\u00f3n y sinergias.<\/h2>\n<p><strong>Coordinador D. Jorge Carri\u00f3, Servicio de Deportes de la\u00a0Universidad de Alicante<\/strong><\/p>\n<h2>El rol de la oferta hotelera en los eventos deportivos de Madrid<\/h2>\n<p><strong>D.\u00a0Jes\u00fas Gatell P\u00e0mies, Presidente de la Asociaci\u00f3n\u00a0Empresarial Hotelera de Madrid <\/strong><\/p>\n <iframe src=\"https:\/\/vertice.cpd.ua.es\/12625?iframef=1&vrtapp=blogsua\" style=\"display:block; width:610px; height:343.125px;\" frameBorder=\"0\"  scrolling=\"no\" allowfullscreen>iframes no soportados en este navegador<\/iframe> \n<h2>Los resorts tur\u00edsticos\u00a0deportivos: la experiencia\u00a0del Club La\u00a0Santa en Lanzarote<\/h2>\n<p><strong>D\u00f1a Solveig Olsen,\u00a0Directora Hotelera del Club\u00a0La Santa en Lanzarote <\/strong><\/p>\n <iframe src=\"https:\/\/vertice.cpd.ua.es\/12645?iframef=1&vrtapp=blogsua\" style=\"display:block; width:610px; height:343.125px;\" frameBorder=\"0\"  scrolling=\"no\" allowfullscreen>iframes no soportados en este navegador<\/iframe> \n<h2><strong>Dise\u00f1o de programas deportivos con repercusi\u00f3n tur\u00edstica. <\/strong><\/h2>\n<p><strong>Sr. D. Miguel \u00c1ngel Nogueras Carrasco,\u00a0 Presidente de la Asociaci\u00f3n de Gestores Deportivos Profesionales de la Comunidad\u00a0Valenciana.<\/strong><\/p>\n <iframe src=\"https:\/\/vertice.cpd.ua.es\/14125?iframef=1&vrtapp=blogsua\" style=\"display:block; width:610px; height:343.125px;\" frameBorder=\"0\"  scrolling=\"no\" allowfullscreen>iframes no soportados en este navegador<\/iframe> \n<h2>Gesti\u00f3n de destinos tur\u00edsticos deportivos: el modelo de las Islas Baleares.<\/h2>\n<p><strong>D. Josep Lluis Berbel, Jefe de Servicios Deportivos del Institut Municipal de l&#8217;Esport. Ayuntamiento de Palma de Mallorca.<\/strong><\/p>\n <iframe src=\"https:\/\/vertice.cpd.ua.es\/14465?iframef=1&vrtapp=blogsua\" style=\"display:block; width:610px; height:343.125px;\" frameBorder=\"0\"  scrolling=\"no\" allowfullscreen>iframes no soportados en este navegador<\/iframe> \n<h2>16.30-19.00h. Panel 2: Rentabilidad econ\u00f3mica y medi\u00e1tica del Turismo Deportivo<\/h2>\n<p><strong>Coordinador D. Jos\u00e9 Antonio Espina. Periodista deportivo del Diario As<\/strong><\/p>\n<h2>El Turismo deportivo como elemento dinamizador de los destinos andaluces.<\/h2>\n<p><strong>D. Rafael Lluch Colomer, Director de la empresa p\u00fablica Deporte Andaluz S.A.<\/strong><\/p>\n <iframe src=\"https:\/\/vertice.cpd.ua.es\/12245?iframef=1&vrtapp=blogsua\" style=\"display:block; width:610px; height:343.125px;\" frameBorder=\"0\"  scrolling=\"no\" allowfullscreen>iframes no soportados en este navegador<\/iframe> \n<h2>Sinergias medi\u00e1ticas entre eventos deportivos y destinos tur\u00edsticos: el caso de la vuelta ciclista a Espa\u00f1a.<\/h2>\n<p><strong>D\u00f1a. M\u00aa \u00c1ngeles Fern\u00e1ndez Vega, Jefe de prensa de Unipublic<\/strong><\/p>\n <iframe src=\"https:\/\/vertice.cpd.ua.es\/15785?iframef=1&vrtapp=blogsua\" style=\"display:block; width:610px; height:343.125px;\" frameBorder=\"0\"  scrolling=\"no\" allowfullscreen>iframes no soportados en este navegador<\/iframe> \n<h2>Posicionamiento y rentabilidad del turismo activo-deportivo como producto tur\u00edstico en Espa\u00f1a.<\/h2>\n<p><strong>D. Reyes \u00c1vila Bercial, Director de Antar Estrategias Creativas.<\/strong><\/p>\n <iframe src=\"https:\/\/vertice.cpd.ua.es\/13945?iframef=1&vrtapp=blogsua\" style=\"display:block; width:610px; height:343.125px;\" frameBorder=\"0\"  scrolling=\"no\" allowfullscreen>iframes no soportados en este navegador<\/iframe> \n<h2>El posicionamiento de los destinos a trav\u00e9s de los medios de comunicaci\u00f3n.<\/h2>\n<p><strong>D. Ludovic Megret, Director General \/ Consejero Delegado de B Premium, empresa representante de la publicidad internacional de Eurosport TV en Espa\u00f1a, Centro y Sur Am\u00e9rica y Caribe.<br \/>\n<\/strong><\/p>\n <iframe src=\"https:\/\/vertice.cpd.ua.es\/15965?iframef=1&vrtapp=blogsua\" style=\"display:block; width:610px; height:343.125px;\" frameBorder=\"0\"  scrolling=\"no\" allowfullscreen>iframes no soportados en este navegador<\/iframe> \n<h2>10.00 h.\u00a0Panel 3: El turismo deportivo como elemento de cohesi\u00f3n social y medioambiental.<\/h2>\n<p><strong>Coordinadora D\u00aa. Susana Navarro, Socia Fundadora de Adaptamos Group<\/strong><\/p>\n<h2><strong>El\u00a0alcance integrador de la actividad f\u00edsico-deportiva.\u00a0<\/strong><\/h2>\n<p><strong>D. Antonio\u00a0Montalvo de Lamo, Subdirector General Adjunto de Deporte Paral\u00edmpico del Consejo Superior de Deportes.<\/strong><\/p>\n <iframe src=\"https:\/\/vertice.cpd.ua.es\/15985?iframef=1&vrtapp=blogsua\" style=\"display:block; width:610px; height:343.125px;\" frameBorder=\"0\"  scrolling=\"no\" allowfullscreen>iframes no soportados en este navegador<\/iframe> \n<h2>\u00a0<\/h2>\n<h2>14.00.\u00a0Entrega de premios y acto de clausura<\/h2>\n<p><strong>Honorable Sra. D\u00f1a. Bel\u00e9n Juste Pic\u00f3n, Consellera de Turismo de la Generalitat<\/strong><\/p>\n <iframe src=\"https:\/\/vertice.cpd.ua.es\/12605?iframef=1&vrtapp=blogsua\" style=\"display:block; width:610px; height:343.125px;\" frameBorder=\"0\"  scrolling=\"no\" allowfullscreen>iframes no soportados en este navegador<\/iframe> \n","protected":false},"excerpt":{"rendered":"<p>10.00 h.\u00a0Acto inaugural Ilmo. Sr. D. Agust\u00edn Navarro, Alcalde-presidente\u00a0del Excmo. Ayuntamiento de Benidorm Sr. D\u00f1a. Ar\u00e1nzazu Calzada Gonz\u00e1lez,\u00a0 Vicerrectora de Relaciones Institucionales de la Universidad de Alicante. Ilma. Sra. D\u00f1a. Mar\u00eda Victoria Palau T\u00e1rrega, Secretaria Auton\u00f3mica de la Conselleria de Turisme 11.30-14.00 h. Panel 1: Componentes del turismo deportivo, interrelaci\u00f3n y sinergias. Coordinador D. Jorge [&hellip;]<\/p>\n","protected":false},"author":766,"featured_media":0,"parent":0,"menu_order":0,"comment_status":"closed","ping_status":"open","template":"","meta":{"footnotes":""},"class_list":["post-609","page","type-page","status-publish","hentry"],"_links":{"self":[{"href":"https:\/\/blogs.ua.es\/foroturismobenidorm\/wp-json\/wp\/v2\/pages\/609","targetHints":{"allow":["GET"]}}],"collection":[{"href":"https:\/\/blogs.ua.es\/foroturismobenidorm\/wp-json\/wp\/v2\/pages"}],"about":[{"href":"https:\/\/blogs.ua.es\/foroturismobenidorm\/wp-json\/wp\/v2\/types\/page"}],"author":[{"embeddable":true,"href":"https:\/\/blogs.ua.es\/foroturismobenidorm\/wp-json\/wp\/v2\/users\/766"}],"replies":[{"embeddable":true,"href":"https:\/\/blogs.ua.es\/foroturismobenidorm\/wp-json\/wp\/v2\/comments?post=609"}],"version-history":[{"count":45,"href":"https:\/\/blogs.ua.es\/foroturismobenidorm\/wp-json\/wp\/v2\/pages\/609\/revisions"}],"predecessor-version":[{"id":613,"href":"https:\/\/blogs.ua.es\/foroturismobenidorm\/wp-json\/wp\/v2\/pages\/609\/revisions\/613"}],"wp:attachment":[{"href":"https:\/\/blogs.ua.es\/foroturismobenidorm\/wp-json\/wp\/v2\/media?parent=609"}],"curies":[{"name":"wp","href":"https:\/\/api.w.org\/{rel}","templated":true}]}}