{"id":770,"date":"2011-12-09T12:46:10","date_gmt":"2011-12-09T10:46:10","guid":{"rendered":"https:\/\/blogs.ua.es\/foroturismobenidorm\/?page_id=770"},"modified":"2011-12-21T15:07:52","modified_gmt":"2011-12-21T13:07:52","slug":"videos-xv-foro","status":"publish","type":"page","link":"https:\/\/blogs.ua.es\/foroturismobenidorm\/videos-xv-foro\/","title":{"rendered":"V\u00eddeos XV Foro"},"content":{"rendered":"<h2><a href=\"https:\/\/blogs.ua.es\/foroturismobenidorm\/files\/2011\/12\/Logos-Foro-2.jpg\"><img loading=\"lazy\" decoding=\"async\" class=\"aligncenter size-full wp-image-810\" src=\"https:\/\/blogs.ua.es\/foroturismobenidorm\/files\/2011\/12\/Logos-Foro-2.jpg\" alt=\"\" width=\"1417\" height=\"455\" srcset=\"https:\/\/blogs.ua.es\/foroturismobenidorm\/files\/2011\/12\/Logos-Foro-2.jpg 1417w, https:\/\/blogs.ua.es\/foroturismobenidorm\/files\/2011\/12\/Logos-Foro-2-300x96.jpg 300w, https:\/\/blogs.ua.es\/foroturismobenidorm\/files\/2011\/12\/Logos-Foro-2-1024x328.jpg 1024w\" sizes=\"auto, (max-width: 1417px) 100vw, 1417px\" \/><\/a><\/h2>\n<h2><\/h2>\n<h2>Jueves, 20 de octubre de 2011. 10.00 h. Acto inaugural<\/h2>\n<p><strong>Ilmo. Sr. D. Agust\u00edn Navarro, Alcalde-presidente del Excmo. Ayuntamiento de Benidorm<\/strong><\/p>\n<p><strong>Sr. D\u00f1a. Bego\u00f1a\u00a0San Miguel,\u00a0 Vicerrectora de Relaciones Internacionales\u00a0y Cooperaci\u00f3n\u00a0de la Universidad de Alicante.<\/strong><\/p>\n<p><strong>Ilma. Sra. D\u00f1a. Cristina Morat\u00f3,\u00a0Directora General de Turismo\u00a0de la Generalitat Valenciana<\/strong><\/p>\n <iframe src=\"https:\/\/vertice.cpd.ua.es\/25209?iframef=1&vrtapp=blogsua\" style=\"display:block; width:610px; height:343.125px;\" frameBorder=\"0\"  scrolling=\"no\" allowfullscreen>iframes no soportados en este navegador<\/iframe> \n<p>&nbsp;<\/p>\n<h2>10.30 h.\u00a0Conferencia inaugural<\/h2>\n<p><strong>Liveability and Tourism in urban strategies (Calidad de vida y turismo en las estrategias urbanas).<\/strong><\/p>\n<h4><strong>D.\u00a0Gustavo Ribeiro, responsable de presentaci\u00f3n y debate del Centro de Arquitectura Dan\u00e9s.\u00a0<\/strong><\/h4>\n<p>&nbsp;<\/p>\n <iframe src=\"https:\/\/vertice.cpd.ua.es\/25265?iframef=1&vrtapp=blogsua\" style=\"display:block; width:610px; height:343.125px;\" frameBorder=\"0\"  scrolling=\"no\" allowfullscreen>iframes no soportados en este navegador<\/iframe> \n<p>&nbsp;<\/p>\n<h2>12.00 h. -14.00 h. Panel 1. Sostenibilidad aplicada a la ociurbe. Una perspectiva internacional<\/h2>\n<p><strong>Coordinador: D. Vicente Castillo, Vocal de Cultura del Colegio de Territorial de Arquitectos de Alicante y miembro del Departamento de Arquitectura Sostenible de la Universidad de Alicante y <\/strong><\/p>\n<h4><strong>D\u00f1a. Esencan Terzibasoglu,\u00a0Coordinadora del Programa\u00a0de Gesti\u00f3n de Destinos de la Organizaci\u00f3n Mundial del Turismo.\u00a0<\/strong><\/h4>\n<p>&nbsp;<\/p>\n <iframe src=\"https:\/\/vertice.cpd.ua.es\/25241?iframef=1&vrtapp=blogsua\" style=\"display:block; width:610px; height:343.125px;\" frameBorder=\"0\"  scrolling=\"no\" allowfullscreen>iframes no soportados en este navegador<\/iframe> \n<p>&nbsp;<\/p>\n<h4><strong>D. Bart Tunissen, Director de proyectos de Waag Society, involucrado en proyectos de Living Lab y Smart City Programme de \u00c1msterdam.<\/strong><\/h4>\n<p>&nbsp;<\/p>\n <iframe src=\"https:\/\/vertice.cpd.ua.es\/25605?iframef=1&vrtapp=blogsua\" style=\"display:block; width:610px; height:343.125px;\" frameBorder=\"0\"  scrolling=\"no\" allowfullscreen>iframes no soportados en este navegador<\/iframe> \n<p>&nbsp;<\/p>\n<h4><strong>D. Stephen Tate, Assistant Director for Transport and Environment del Ayuntamiento de Londres.<\/strong><\/h4>\n <iframe src=\"https:\/\/vertice.cpd.ua.es\/25579?iframef=1&vrtapp=blogsua\" style=\"display:block; width:610px; height:343.125px;\" frameBorder=\"0\"  scrolling=\"no\" allowfullscreen>iframes no soportados en este navegador<\/iframe> \n<p>&nbsp;<\/p>\n<h2>Viernes 21 de octubre. 9.30 h. Panel 1. Ociurbes, un nuevo paradigma.<\/h2>\n<p><strong>Coordinador: D. Armando Ortu\u00f1o, Profesor de Urbanismo, Ordenaci\u00f3n del Territorio y Planificaci\u00f3n del Transporte de la Universidad de Alicante.<\/strong><\/p>\n<h4><strong>D\u00f1a. Silvia Banchini,\u00a0Arquitecta Urbanista, Co-directora de Intelligent Coast <\/strong><\/h4>\n<p>&nbsp;<\/p>\n <iframe src=\"https:\/\/vertice.cpd.ua.es\/25227?iframef=1&vrtapp=blogsua\" style=\"display:block; width:610px; height:343.125px;\" frameBorder=\"0\"  scrolling=\"no\" allowfullscreen>iframes no soportados en este navegador<\/iframe> \n<p>&nbsp;<\/p>\n<h4><strong>D.\u00a0\u00c1ngel D\u00edaz, Presidente de Advanced Leisure Services S.L.<\/strong><\/h4>\n<p>&nbsp;<\/p>\n <iframe src=\"https:\/\/vertice.cpd.ua.es\/25238?iframef=1&vrtapp=blogsua\" style=\"display:block; width:610px; height:343.125px;\" frameBorder=\"0\"  scrolling=\"no\" allowfullscreen>iframes no soportados en este navegador<\/iframe> \n<p>&nbsp;<\/p>\n<h4><strong>D.\u00a0Gareth Williams, Area\u00a0Manager Mainland Spain, TUI UK &amp; Ireland.<\/strong><\/h4>\n<p>&nbsp;<\/p>\n <iframe src=\"https:\/\/vertice.cpd.ua.es\/25457?iframef=1&vrtapp=blogsua\" style=\"display:block; width:610px; height:343.125px;\" frameBorder=\"0\"  scrolling=\"no\" allowfullscreen>iframes no soportados en este navegador<\/iframe> \n<p>&nbsp;<\/p>\n<h4><strong>D\u00f1a. Gwen Y Migita, Responsable de sostenibilidad del grupo Ceasar&#8217;s Entertainment de la ciudad de Las Vegas<\/strong><\/h4>\n<p>&nbsp;<\/p>\n <iframe src=\"https:\/\/vertice.cpd.ua.es\/25467?iframef=1&vrtapp=blogsua\" style=\"display:block; width:610px; height:343.125px;\" frameBorder=\"0\"  scrolling=\"no\" allowfullscreen>iframes no soportados en este navegador<\/iframe> \n<p>&nbsp;<\/p>\n<h2><strong>13.00 h. Presentaci\u00f3n de propuestas del 4\u00ba Concurso de Ideas &#8220;Pedro Zaragoza&#8221;. Benidorm: laboratorio de ideas y eco-propuestas.<\/strong><\/h2>\n<p>&nbsp;<\/p>\n <iframe src=\"https:\/\/vertice.cpd.ua.es\/25705?iframef=1&vrtapp=blogsua\" style=\"display:block; width:610px; height:343.125px;\" frameBorder=\"0\"  scrolling=\"no\" allowfullscreen>iframes no soportados en este navegador<\/iframe> \n<p>&nbsp;<\/p>\n<h2><strong>14.30 h. Entrega de premios y acto de clausura<\/strong><\/h2>\n<p>&nbsp;<\/p>\n <iframe src=\"https:\/\/vertice.cpd.ua.es\/25343?iframef=1&vrtapp=blogsua\" style=\"display:block; width:610px; height:343.125px;\" frameBorder=\"0\"  scrolling=\"no\" allowfullscreen>iframes no soportados en este navegador<\/iframe> \n","protected":false},"excerpt":{"rendered":"<p>Jueves, 20 de octubre de 2011. 10.00 h. Acto inaugural Ilmo. Sr. D. Agust\u00edn Navarro, Alcalde-presidente del Excmo. Ayuntamiento de Benidorm Sr. D\u00f1a. Bego\u00f1a\u00a0San Miguel,\u00a0 Vicerrectora de Relaciones Internacionales\u00a0y Cooperaci\u00f3n\u00a0de la Universidad de Alicante. Ilma. Sra. D\u00f1a. Cristina Morat\u00f3,\u00a0Directora General de Turismo\u00a0de la Generalitat Valenciana &nbsp; 10.30 h.\u00a0Conferencia inaugural Liveability and Tourism in urban strategies [&hellip;]<\/p>\n","protected":false},"author":766,"featured_media":0,"parent":0,"menu_order":0,"comment_status":"open","ping_status":"open","template":"","meta":{"footnotes":""},"class_list":["post-770","page","type-page","status-publish","hentry"],"_links":{"self":[{"href":"https:\/\/blogs.ua.es\/foroturismobenidorm\/wp-json\/wp\/v2\/pages\/770","targetHints":{"allow":["GET"]}}],"collection":[{"href":"https:\/\/blogs.ua.es\/foroturismobenidorm\/wp-json\/wp\/v2\/pages"}],"about":[{"href":"https:\/\/blogs.ua.es\/foroturismobenidorm\/wp-json\/wp\/v2\/types\/page"}],"author":[{"embeddable":true,"href":"https:\/\/blogs.ua.es\/foroturismobenidorm\/wp-json\/wp\/v2\/users\/766"}],"replies":[{"embeddable":true,"href":"https:\/\/blogs.ua.es\/foroturismobenidorm\/wp-json\/wp\/v2\/comments?post=770"}],"version-history":[{"count":35,"href":"https:\/\/blogs.ua.es\/foroturismobenidorm\/wp-json\/wp\/v2\/pages\/770\/revisions"}],"predecessor-version":[{"id":774,"href":"https:\/\/blogs.ua.es\/foroturismobenidorm\/wp-json\/wp\/v2\/pages\/770\/revisions\/774"}],"wp:attachment":[{"href":"https:\/\/blogs.ua.es\/foroturismobenidorm\/wp-json\/wp\/v2\/media?parent=770"}],"curies":[{"name":"wp","href":"https:\/\/api.w.org\/{rel}","templated":true}]}}