{"id":84,"date":"2012-10-03T09:36:24","date_gmt":"2012-10-03T07:36:24","guid":{"rendered":"https:\/\/blogs.ua.es\/foroturismobenidorm\/?page_id=84"},"modified":"2012-10-08T10:58:18","modified_gmt":"2012-10-08T08:58:18","slug":"programa","status":"publish","type":"page","link":"https:\/\/blogs.ua.es\/foroturismobenidorm\/programa\/","title":{"rendered":"Programa"},"content":{"rendered":"<h2 style=\"text-align: center\"><\/h2>\n<h3 style=\"text-align: center\"><span style=\"color: #888888\">\u00a0<\/span>\u00a0<a href=\"https:\/\/blogs.ua.es\/foroturismobenidorm\/files\/2012\/10\/Programa-XVI-Foro1.pdf\">Ver programa detallado del evento<\/a><\/h3>\n<h3 style=\"text-align: center\"><a href=\"https:\/\/blogs.ua.es\/foroturismobenidorm\/files\/2012\/10\/Programa-Foro-Valenciano.pdf\">Versi\u00f3n en valenciano<\/a><\/h3>\n<p style=\"text-align: center\">Todas las intervenciones tendr\u00e1n lugar en el <strong>Sal\u00f3n de Actos del Excmo. Ayuntamiento de Benidorm. <\/strong><\/p>\n<p style=\"text-align: center\"><strong>Es imprescindible notificar la asistencia al Foro y reservar plaza para la visita de la tarde\u00a0a trav\u00e9s del e-mail: <a href=\"mailto:b.alcaraz@ua.es\">b.alcaraz@ua.es<\/a>\u00a0<\/strong><\/p>\n<p>&nbsp;<\/p>\n","protected":false},"excerpt":{"rendered":"<p>\u00a0\u00a0Ver programa detallado del evento Versi\u00f3n en valenciano Todas las intervenciones tendr\u00e1n lugar en el Sal\u00f3n de Actos del Excmo. Ayuntamiento de Benidorm. Es imprescindible notificar la asistencia al Foro y reservar plaza para la visita de la tarde\u00a0a trav\u00e9s del e-mail: b.alcaraz@ua.es\u00a0 &nbsp;<\/p>\n","protected":false},"author":766,"featured_media":0,"parent":0,"menu_order":0,"comment_status":"closed","ping_status":"open","template":"","meta":{"footnotes":""},"class_list":["post-84","page","type-page","status-publish","hentry"],"_links":{"self":[{"href":"https:\/\/blogs.ua.es\/foroturismobenidorm\/wp-json\/wp\/v2\/pages\/84","targetHints":{"allow":["GET"]}}],"collection":[{"href":"https:\/\/blogs.ua.es\/foroturismobenidorm\/wp-json\/wp\/v2\/pages"}],"about":[{"href":"https:\/\/blogs.ua.es\/foroturismobenidorm\/wp-json\/wp\/v2\/types\/page"}],"author":[{"embeddable":true,"href":"https:\/\/blogs.ua.es\/foroturismobenidorm\/wp-json\/wp\/v2\/users\/766"}],"replies":[{"embeddable":true,"href":"https:\/\/blogs.ua.es\/foroturismobenidorm\/wp-json\/wp\/v2\/comments?post=84"}],"version-history":[{"count":38,"href":"https:\/\/blogs.ua.es\/foroturismobenidorm\/wp-json\/wp\/v2\/pages\/84\/revisions"}],"predecessor-version":[{"id":152,"href":"https:\/\/blogs.ua.es\/foroturismobenidorm\/wp-json\/wp\/v2\/pages\/84\/revisions\/152"}],"wp:attachment":[{"href":"https:\/\/blogs.ua.es\/foroturismobenidorm\/wp-json\/wp\/v2\/media?parent=84"}],"curies":[{"name":"wp","href":"https:\/\/api.w.org\/{rel}","templated":true}]}}