{"id":942,"date":"2013-01-11T14:03:05","date_gmt":"2013-01-11T12:03:05","guid":{"rendered":"https:\/\/blogs.ua.es\/foroturismobenidorm\/?page_id=942"},"modified":"2013-01-28T11:03:12","modified_gmt":"2013-01-28T09:03:12","slug":"videos-xvi-foro","status":"publish","type":"page","link":"https:\/\/blogs.ua.es\/foroturismobenidorm\/videos-xvi-foro\/","title":{"rendered":"Videos XVI Foro"},"content":{"rendered":"<h2>Jueves,\u00a018 de octubre de 2012. 10.00 h. Acto inaugural<\/h2>\n<p><strong>Ilmo. Sr. D. Agust\u00edn Navarro, Alcalde-presidente del Excmo. Ayuntamiento de Benidorm<\/strong><\/p>\n<p><strong>Sr. D. Juan Llopis,\u00a0 Vicerrector de Relaciones Internacionales\u00a0de la Universidad de Alicante.<\/strong><\/p>\n<p><strong>Ilma. Sra. D\u00f1a. Lola Johnson,\u00a0Consellera de Turismo de la Generalitat Valenciana<\/strong><\/p>\n <iframe src=\"https:\/\/vertice.cpd.ua.es\/42505?iframef=1&vrtapp=blogsua\" style=\"display:block; width:610px; height:343.125px;\" frameBorder=\"0\"  scrolling=\"no\" allowfullscreen>iframes no soportados en este navegador<\/iframe> \n<p>&nbsp;<\/p>\n<h2>10.30 h. Conferencia inaugural<\/h2>\n<p><strong>D. Gerry Dawes, escritor experto en turismo gastron\u00f3mico <\/strong><\/p>\n<p>&nbsp;<\/p>\n <iframe src=\"https:\/\/vertice.cpd.ua.es\/42645?iframef=1&vrtapp=blogsua\" style=\"display:block; width:610px; height:343.125px;\" frameBorder=\"0\"  scrolling=\"no\" allowfullscreen>iframes no soportados en este navegador<\/iframe> \n<p>&nbsp;<\/p>\n<h2>12.30 h. -14.00 h. Panel 1.\u00a0Gesti\u00f3n del patrimonio gastron\u00f3mico en los destinos tur\u00edsticos: claves de innovaci\u00f3n y marketing<\/h2>\n<p><strong>Moderador: D. \u00d3scar Carri\u00f3n,\u00a0Experto en gastronom\u00eda, turismo y redes sociales de la Universidad de\u00a0Alicante\u00a0 <\/strong><\/p>\n<h4><strong>D\u00f1a. Cristina Recoder,\u00a0Directora del Instituto de Estudios Tur\u00edsticos, TURESPA\u00d1A <\/strong><\/h4>\n<p>&nbsp;<\/p>\n <iframe src=\"https:\/\/vertice.cpd.ua.es\/42965?iframef=1&vrtapp=blogsua\" style=\"display:block; width:610px; height:343.125px;\" frameBorder=\"0\"  scrolling=\"no\" allowfullscreen>iframes no soportados en este navegador<\/iframe> \n<p>&nbsp;<\/p>\n<h4><strong>D. H\u00e9ctor P\u00e9rez Arru\u00f1ada y Jaime Rodr\u00edguez Alonso,\u00a0Gerente\u00a0 y Director T\u00e9cnico del Plan de\u00a0Competitividad Tur\u00edstica de Turismo Gastron\u00f3mico de Asturias &#8220;Saboreando\u00a0Asturias&#8221;.<\/strong><\/h4>\n<p>&nbsp;<\/p>\n <iframe src=\"https:\/\/vertice.cpd.ua.es\/43125?iframef=1&vrtapp=blogsua\" style=\"display:block; width:610px; height:343.125px;\" frameBorder=\"0\"  scrolling=\"no\" allowfullscreen>iframes no soportados en este navegador<\/iframe> \n<p>&nbsp;<\/p>\n<h4><strong>D. David Izquierdo, Gerente de empresas, Asociaci\u00f3n Saborea Espa\u00f1a<\/strong><\/h4>\n<p>&nbsp;<\/p>\n <iframe src=\"https:\/\/vertice.cpd.ua.es\/42945?iframef=1&vrtapp=blogsua\" style=\"display:block; width:610px; height:343.125px;\" frameBorder=\"0\"  scrolling=\"no\" allowfullscreen>iframes no soportados en este navegador<\/iframe> \n<p>&nbsp;<\/p>\n<h2>Viernes 19 de octubre. 10.00 &#8211; 11.30\u00a0h. Panel 2. Dinamizaci\u00f3n del turismo gastron\u00f3mico a trav\u00e9s de la tecnolog\u00eda y los medios de comunicaci\u00f3n.<\/h2>\n<p><strong>Coordinador: D. Paco Bernab\u00e9 Baeza, Diario Informaci\u00f3n Alicante<\/strong><\/p>\n<h4><strong>D. Paco Hig\u00f3n, Socio fundador de Verema.com, comunidad de aficionados al vino<\/strong><\/h4>\n<p>&nbsp;<\/p>\n <iframe src=\"https:\/\/vertice.cpd.ua.es\/45765?iframef=1&vrtapp=blogsua\" style=\"display:block; width:610px; height:343.125px;\" frameBorder=\"0\"  scrolling=\"no\" allowfullscreen>iframes no soportados en este navegador<\/iframe> \n<p>&nbsp;<\/p>\n<h4><strong>D. Frederic Vieuxmaire, Responsable de Marketing Digital, Estrategia y Nuevos Negocios Digitales de Telef\u00f3nica<\/strong><\/h4>\n<p>&nbsp;<\/p>\n <iframe src=\"https:\/\/vertice.cpd.ua.es\/42985?iframef=1&vrtapp=blogsua\" style=\"display:block; width:610px; height:343.125px;\" frameBorder=\"0\"  scrolling=\"no\" allowfullscreen>iframes no soportados en este navegador<\/iframe> \n<p>&nbsp;<\/p>\n<h4><strong>D. Zev Robinson, Director de documentales de regiones vitivin\u00edcolas<\/strong><\/h4>\n<p>&nbsp;<\/p>\n <iframe src=\"https:\/\/vertice.cpd.ua.es\/43846?iframef=1&vrtapp=blogsua\" style=\"display:block; width:610px; height:343.125px;\" frameBorder=\"0\"  scrolling=\"no\" allowfullscreen>iframes no soportados en este navegador<\/iframe> \n<p>&nbsp;<\/p>\n<h4><\/h4>\n<h2><strong>Panel 3. 12.00-13.30 h. Eventos gastron\u00f3micos y su contribuci\u00f3n a la imagen de los destinos.<\/strong><\/h2>\n<p><strong>Coordinador: D. Domenec Biosca, Experto comunicador en turismo, Premio al M\u00e9rito Tur\u00edstico 2011<\/strong><\/p>\n<h4><strong>D. Manuel Colmenero Larriba,\u00a0Director Ocio Vital &#8211; Food Wine Tours<\/strong><\/h4>\n<p>&nbsp;<\/p>\n <iframe src=\"https:\/\/vertice.cpd.ua.es\/45725?iframef=1&vrtapp=blogsua\" style=\"display:block; width:610px; height:343.125px;\" frameBorder=\"0\"  scrolling=\"no\" allowfullscreen>iframes no soportados en este navegador<\/iframe> \n<h4><\/h4>\n<p>&nbsp;<\/p>\n<h4><\/h4>\n<h4><strong>D. Nacho Coter\u00f3n, Director de la Gu\u00eda enogastron\u00f3mica elsumiller.com<\/strong><\/h4>\n<p>&nbsp;<\/p>\n <iframe src=\"https:\/\/vertice.cpd.ua.es\/42966?iframef=1&vrtapp=blogsua\" style=\"display:block; width:610px; height:343.125px;\" frameBorder=\"0\"  scrolling=\"no\" allowfullscreen>iframes no soportados en este navegador<\/iframe> \n<p>&nbsp;<\/p>\n<h4><strong>D. Pedro Palacios, Director General, iniciativa Capital Espa\u00f1ola de la\u00a0Gastronom\u00eda<\/strong><\/h4>\n<p>&nbsp;<\/p>\n <iframe src=\"https:\/\/vertice.cpd.ua.es\/44945?iframef=1&vrtapp=blogsua\" style=\"display:block; width:610px; height:343.125px;\" frameBorder=\"0\"  scrolling=\"no\" allowfullscreen>iframes no soportados en este navegador<\/iframe> \n<p>&nbsp;<\/p>\n<h2><strong>14.30 h. Entrega de premios 5\u00ba Concurso de Ideas Pedro Zaragoza y acto de clausura<\/strong><\/h2>\n<p>&nbsp;<\/p>\n<p><strong>Propuesta finalista: Gastroplaya Benidorm, presentada por Ainhoa Aguirregoitia Mart\u00ednez y\u00a0Jos\u00e9 Manuel Fern\u00e1ndez Agull\u00f3<\/strong><\/p>\n <iframe src=\"https:\/\/vertice.cpd.ua.es\/43026?iframef=1&vrtapp=blogsua\" style=\"display:block; width:610px; height:343.125px;\" frameBorder=\"0\"  scrolling=\"no\" allowfullscreen>iframes no soportados en este navegador<\/iframe> \n<p>&nbsp;<\/p>\n<p><strong>Propuesta finalista: Play on plate,\u00a0presentada por\u00a0Manuel D\u00edaz y Juzyk Jolanta Halina<\/strong><\/p>\n <iframe src=\"https:\/\/vertice.cpd.ua.es\/43085?iframef=1&vrtapp=blogsua\" style=\"display:block; width:610px; height:343.125px;\" frameBorder=\"0\"  scrolling=\"no\" allowfullscreen>iframes no soportados en este navegador<\/iframe> \n<p>&nbsp;<\/p>\n<p><strong>Propuesta ganadora: Maridar cultura y gastronom\u00eda, presentada por Francisco Juan Mart\u00ednez P\u00e9rez<\/strong><\/p>\n <iframe src=\"https:\/\/vertice.cpd.ua.es\/43065?iframef=1&vrtapp=blogsua\" style=\"display:block; width:610px; height:343.125px;\" frameBorder=\"0\"  scrolling=\"no\" allowfullscreen>iframes no soportados en este navegador<\/iframe> \n<h2><\/h2>\n<p><strong>Acto de clausura<\/strong><\/p>\n <iframe src=\"https:\/\/vertice.cpd.ua.es\/45305?iframef=1&vrtapp=blogsua\" style=\"display:block; width:610px; height:343.125px;\" frameBorder=\"0\"  scrolling=\"no\" allowfullscreen>iframes no soportados en este navegador<\/iframe> \n<h2><\/h2>\n","protected":false},"excerpt":{"rendered":"<p>Jueves,\u00a018 de octubre de 2012. 10.00 h. Acto inaugural Ilmo. Sr. D. Agust\u00edn Navarro, Alcalde-presidente del Excmo. Ayuntamiento de Benidorm Sr. D. Juan Llopis,\u00a0 Vicerrector de Relaciones Internacionales\u00a0de la Universidad de Alicante. Ilma. Sra. D\u00f1a. Lola Johnson,\u00a0Consellera de Turismo de la Generalitat Valenciana &nbsp; 10.30 h. Conferencia inaugural D. Gerry Dawes, escritor experto en turismo [&hellip;]<\/p>\n","protected":false},"author":766,"featured_media":0,"parent":0,"menu_order":0,"comment_status":"open","ping_status":"open","template":"","meta":{"footnotes":""},"class_list":["post-942","page","type-page","status-publish","hentry"],"_links":{"self":[{"href":"https:\/\/blogs.ua.es\/foroturismobenidorm\/wp-json\/wp\/v2\/pages\/942","targetHints":{"allow":["GET"]}}],"collection":[{"href":"https:\/\/blogs.ua.es\/foroturismobenidorm\/wp-json\/wp\/v2\/pages"}],"about":[{"href":"https:\/\/blogs.ua.es\/foroturismobenidorm\/wp-json\/wp\/v2\/types\/page"}],"author":[{"embeddable":true,"href":"https:\/\/blogs.ua.es\/foroturismobenidorm\/wp-json\/wp\/v2\/users\/766"}],"replies":[{"embeddable":true,"href":"https:\/\/blogs.ua.es\/foroturismobenidorm\/wp-json\/wp\/v2\/comments?post=942"}],"version-history":[{"count":31,"href":"https:\/\/blogs.ua.es\/foroturismobenidorm\/wp-json\/wp\/v2\/pages\/942\/revisions"}],"predecessor-version":[{"id":944,"href":"https:\/\/blogs.ua.es\/foroturismobenidorm\/wp-json\/wp\/v2\/pages\/942\/revisions\/944"}],"wp:attachment":[{"href":"https:\/\/blogs.ua.es\/foroturismobenidorm\/wp-json\/wp\/v2\/media?parent=942"}],"curies":[{"name":"wp","href":"https:\/\/api.w.org\/{rel}","templated":true}]}}