{"id":153,"date":"2016-12-09T09:32:27","date_gmt":"2016-12-09T09:32:27","guid":{"rendered":"https:\/\/blogs.ua.es\/fortmed\/?page_id=153"},"modified":"2016-12-09T09:34:33","modified_gmt":"2016-12-09T09:34:33","slug":"bloques-tematicos","status":"publish","type":"page","link":"https:\/\/blogs.ua.es\/fortmed\/bloques-tematicos\/","title":{"rendered":"Bloques tem\u00e1ticos"},"content":{"rendered":"<p><strong>1. Puerto y fortificaci\u00f3n.<\/strong> Sistemas defensivos de costa. Protecci\u00f3n de la actividad portuaria. Expansi\u00f3n de las ciudades y sistemas defensivos. Desarrollo econ\u00f3mico, obras p\u00fablicas y fortificaci\u00f3n. Desarrollo urbano y patrimonio fortificado.<\/p>\n<p><strong>2. Investigaci\u00f3n hist\u00f3rica: ciencia y arte de fortificar.<\/strong> Cartograf\u00eda hist\u00f3rica. Proyectos de fortificaci\u00f3n. Poliorc\u00e9tica. Ingenier\u00eda militar. Sistemas defensivos de frontera. La artiller\u00eda. Archiv\u00edstica. Tratad\u00edstica. Historia de la construcci\u00f3n. Biograf\u00edas.<\/p>\n<p><strong>3. Investigaci\u00f3n sobre patrimonio construido.<\/strong> Patrimonio arquitect\u00f3nico. Estudio, conocimiento y difusi\u00f3n. Castillos, torres y fortificaciones. El mundo digital. Estudios previos, levantamientos gr\u00e1ficos, hip\u00f3tesis reconstructivas. Intervenci\u00f3n y conservaci\u00f3n del patrimonio arquitect\u00f3nico.<\/p>\n<p><strong>4. Caracterizaci\u00f3n de geomateriales.<\/strong> An\u00e1lisis mineralo-petrogr\u00e1fico, geoqu\u00edmica y f\u00edsico. Estudio de procesos de alteraci\u00f3n. Investigaciones hist\u00f3ricas de tipo arqueom\u00e9trico o de conservaci\u00f3n. Propuestas de intervenci\u00f3n para la restauraci\u00f3n con productos qu\u00edmicos.<\/p>\n<p><strong>5. Digital heritage<\/strong>. Levantamiento digital mediante sistemas activos y pasivos; del l\u00e1ser-esc\u00e1ner 3D a la fotogrametr\u00eda. Modelaci\u00f3n tridimensional avanzada. Evoluci\u00f3n mediante la representaci\u00f3n gr\u00e1fica. Reconstrucci\u00f3n digital. Realidad virtual y realidad aumentada.<\/p>\n<p><strong>6. Cultura, gesti\u00f3n e intervenci\u00f3n.<\/strong> Paisaje cultural. Interpretaci\u00f3n y puesta en valor. Patrimonio fortificado e identidad ciudadana. Sistemas participativos de gesti\u00f3n. Gesti\u00f3n y turismo cultural.<\/p>\n<p><strong>7. Miscel\u00e1nea.<\/strong> Otros temas relacionados no incluidos en los bloques anteriores, pero pertinentes con el tema principal del congreso.<\/p>\n","protected":false},"excerpt":{"rendered":"<p>1. Puerto y fortificaci\u00f3n. Sistemas defensivos de costa. Protecci\u00f3n de la actividad portuaria. Expansi\u00f3n de las ciudades y sistemas defensivos. Desarrollo econ\u00f3mico, obras p\u00fablicas y fortificaci\u00f3n. Desarrollo urbano y patrimonio fortificado. 2. Investigaci\u00f3n hist\u00f3rica: ciencia y arte de fortificar. Cartograf\u00eda &hellip; <a href=\"https:\/\/blogs.ua.es\/fortmed\/bloques-tematicos\/\">Continue reading <span class=\"meta-nav\">&rarr;<\/span><\/a><\/p>\n","protected":false},"author":4209,"featured_media":0,"parent":0,"menu_order":0,"comment_status":"closed","ping_status":"closed","template":"sidebar-page.php","meta":{"footnotes":""},"class_list":["post-153","page","type-page","status-publish","hentry"],"_links":{"self":[{"href":"https:\/\/blogs.ua.es\/fortmed\/wp-json\/wp\/v2\/pages\/153","targetHints":{"allow":["GET"]}}],"collection":[{"href":"https:\/\/blogs.ua.es\/fortmed\/wp-json\/wp\/v2\/pages"}],"about":[{"href":"https:\/\/blogs.ua.es\/fortmed\/wp-json\/wp\/v2\/types\/page"}],"author":[{"embeddable":true,"href":"https:\/\/blogs.ua.es\/fortmed\/wp-json\/wp\/v2\/users\/4209"}],"replies":[{"embeddable":true,"href":"https:\/\/blogs.ua.es\/fortmed\/wp-json\/wp\/v2\/comments?post=153"}],"version-history":[{"count":2,"href":"https:\/\/blogs.ua.es\/fortmed\/wp-json\/wp\/v2\/pages\/153\/revisions"}],"predecessor-version":[{"id":156,"href":"https:\/\/blogs.ua.es\/fortmed\/wp-json\/wp\/v2\/pages\/153\/revisions\/156"}],"wp:attachment":[{"href":"https:\/\/blogs.ua.es\/fortmed\/wp-json\/wp\/v2\/media?parent=153"}],"curies":[{"name":"wp","href":"https:\/\/api.w.org\/{rel}","templated":true}]}}