{"id":159,"date":"2016-12-09T16:27:21","date_gmt":"2016-12-09T16:27:21","guid":{"rendered":"https:\/\/blogs.ua.es\/fortmed\/?page_id=159"},"modified":"2017-05-02T10:58:03","modified_gmt":"2017-05-02T10:58:03","slug":"comite-cientifico","status":"publish","type":"page","link":"https:\/\/blogs.ua.es\/fortmed\/comite-cientifico\/","title":{"rendered":"Comit\u00e9s"},"content":{"rendered":"<p><strong>Comit\u00e9 Honor\u00edfico:<\/strong><\/p>\n<p><strong>D. Manuel Palomar Sanz<\/strong><br \/>\nRector de la Universidad de Alicante<\/p>\n<p><strong>D. Gabriel Ech\u00e1varri Fern\u00e1ndez<\/strong><br \/>\nAlcalde de Alicante<\/p>\n<p><strong>Milagros Flores Rom\u00e1n<\/strong><br \/>\nPresidenta de ICOFORT (ICOMOS, UNESCO)<\/p>\n<p><strong>D. Daniel Sim\u00f3n Pl\u00e1<\/strong><br \/>\nConcejal de Cultura del Ayuntamiento de Alicante<\/p>\n<h1><\/h1>\n<h1>Comit\u00e9 Organizador<\/h1>\n<p><strong>Presidente:<\/strong><\/p>\n<p>V\u00edctor Echarri Iribarren. Universidad de Alicante<\/p>\n<p><strong>Secretario:<\/strong><\/p>\n<p>Angel Gonz\u00e1lez Avil\u00e9s. Universidad de Alicante<\/p>\n<p><strong>Vocales:<\/strong><\/p>\n<p>Jos\u00e9 Manuel P\u00e9rez Burgos (Jefe de Departamento de Patrimonio Integral y Unidad de la Isla de Nueva Tabarca. Ayuntamiento de Alicante)<\/p>\n<p>M\u00aa. Isabel P\u00e9rez Mill\u00e1n. Universidad de Alicante<\/p>\n<p>Antonio Galiano Garrig\u00f3s. Universidad de Alicante<\/p>\n<p>Jos\u00e9 Luis Men\u00e9ndez Fueyo. Fundaci\u00f3n MARQ. Alicante<\/p>\n<p><strong>Colaboradores:<\/strong><\/p>\n<p>Bego\u00f1a Echevarr\u00eda Pozuelo (T\u00e9cnico de Cultura. Ayuntamiento de Alicante)<\/p>\n<p>Luisa Biosca Bas (Restauradora. Ayuntamiento de Alicante)<\/p>\n<p>Maribel Serrano. Universidad de Alicante<\/p>\n<p>Roberto Y\u00e1\u00f1ez Pacios. Universidad de Alicante<\/p>\n<p>Mateo Aires Llinares. Universidad de Alicante<\/p>\n<p>Gin\u00e9s G\u00f3mez Castell\u00f3. Universidad de Alicante<\/p>\n<p>Aitor Guijarro. Universidad de Alicante<\/p>\n<p>Justo Romero del Hombrebueno. Universidad de Alicante<\/p>\n<h1><\/h1>\n<h1>Comit\u00e9 Asesor<\/h1>\n<p>Pablo Rodr\u00edguez-Navarro. Universitat Polit\u00e8cnica de Val\u00e8ncia<\/p>\n<p>M\u00aa. Teresa Gil Piqueras. Universitat Polit\u00e8cnica de Val\u00e8ncia<\/p>\n<p>Giorgio\u00a0Verdiani.\u00a0Universit\u00e0\u00a0degli\u00a0Studi\u00a0di\u00a0Firenze.\u00a0Italy<\/p>\n<p>&nbsp;<\/p>\n<p><strong>Comit\u00e9 cient\u00edfico<\/strong><\/p>\n<p><strong>Direcci\u00f3n<\/strong><\/p>\n<p>V\u00edctor Echarri Iribarren. Universidad de Alicante. Spain<\/p>\n<p>Pablo Rodr\u00edguez-Navarro. Universitat Polit\u00e8cnica de Val\u00e8ncia. Spain<\/p>\n<p><strong>Miembros<\/strong><\/p>\n<p>Alessandro Camiz, Girne American University. Cyprus<\/p>\n<p>Alicia\u00a0C\u00e1mara\u00a0Mu\u00f1oz.\u00a0UNED.\u00a0Spain<\/p>\n<p>Andreas Georgopoulos. Nat. Tec. University of Athens. Greece<\/p>\n<p>Andr\u00e9s Mart\u00ednez Medina. Universidad de Alicante. Spain<\/p>\n<p>Angel Benigno Gonz\u00e1lez. Universidad de Alicante. Spain<\/p>\n<p>Anna\u00a0Guarducci.\u00a0Universit\u00e0\u00a0di\u00a0Siena.\u00a0Italy<\/p>\n<p>Anna Marotta, Politecnico di Torino. Italy<\/p>\n<p>Antonio\u00a0Almagro\u00a0Gorbea.\u00a0CSIC.\u00a0Spain<\/p>\n<p>Arturo\u00a0Zaragoz\u00e1\u00a0Catal\u00e1n.\u00a0Generalitat\u00a0Valenciana.\u00a0Castell\u00f3n.\u00a0Spain<\/p>\n<p>Boutheina Bouzid. Ecole Nationale d\u2019Architecture. Tunisia<\/p>\n<p>Concepci\u00f3n\u00a0L\u00f3pez\u00a0Gonz\u00e1lez.\u00a0UPV.\u00a0Spain<\/p>\n<p>Faissal\u00a0Cherradi.\u00a0Ministerio\u00a0de\u00a0Cultura\u00a0del\u00a0Reino\u00a0de\u00a0Marruecos.\u00a0Morocco<\/p>\n<p>Fernando\u00a0Cobos\u00a0Guerra.\u00a0Arquitecto.\u00a0Spain<\/p>\n<p>Francisco Juan Vidal. Universitat Polit\u00e8cnica de Val\u00e8ncia, Spain<\/p>\n<p>Gabriele Guidi. Politecnico di Milano. Italy<\/p>\n<p>Giorgio\u00a0Verdiani.\u00a0Universit\u00e0\u00a0degli\u00a0Studi\u00a0di\u00a0Firenze.\u00a0Italy<\/p>\n<p>Gjergji Islami. Universiteti Politeknik i Tiran\u00ebs. Albania<\/p>\n<p>Jo\u00e3o Campos, Centro de Estudios de Arquitectura Militar de Almeida. Portugal<\/p>\n<p>John Harris. Fortress Study Group.\u00a0United Kingdom<\/p>\n<p>Maria Isabel P\u00e9rez. Universidad de Alicante. Spain<\/p>\n<p>Nicolas Faucherre. Aix-Marseille Universit\u00e9 &#8211; CNRS. France<\/p>\n<p>Per Cornell. University of Gothenburg. Sweden<\/p>\n<p>Philippe Bragard. <em>Universit\u00e9 catholique<\/em> de Louvain. Belgium.<\/p>\n<p>Rand Eppich. Universidad Polit\u00e9cnica de Madrid. Spain<\/p>\n<p>Sandro\u00a0Parrinello.\u00a0Universit\u00e0\u00a0di\u00a0Pavia.\u00a0Italy<\/p>\n<p>Santiago\u00a0Varela\u00a0Botella. Arquitecto Alicante.\u00a0Spain<\/p>\n<p>Stefano Bertocci. Universit\u00e0 degli Studi di Firenze. Italy<\/p>\n<p>Stefano Columbu, Universit\u00e0 di Cagliari. Italy<\/p>\n<p>Yolanda Spairani Berrio. Universidad de Alicante. Spain<\/p>\n","protected":false},"excerpt":{"rendered":"<p>Comit\u00e9 Honor\u00edfico: D. Manuel Palomar Sanz Rector de la Universidad de Alicante D. Gabriel Ech\u00e1varri Fern\u00e1ndez Alcalde de Alicante Milagros Flores Rom\u00e1n Presidenta de ICOFORT (ICOMOS, UNESCO) D. Daniel Sim\u00f3n Pl\u00e1 Concejal de Cultura del Ayuntamiento de Alicante Comit\u00e9 Organizador &hellip; <a href=\"https:\/\/blogs.ua.es\/fortmed\/comite-cientifico\/\">Continue reading <span class=\"meta-nav\">&rarr;<\/span><\/a><\/p>\n","protected":false},"author":4209,"featured_media":0,"parent":0,"menu_order":0,"comment_status":"closed","ping_status":"closed","template":"sidebar-page.php","meta":{"footnotes":""},"class_list":["post-159","page","type-page","status-publish","hentry"],"_links":{"self":[{"href":"https:\/\/blogs.ua.es\/fortmed\/wp-json\/wp\/v2\/pages\/159","targetHints":{"allow":["GET"]}}],"collection":[{"href":"https:\/\/blogs.ua.es\/fortmed\/wp-json\/wp\/v2\/pages"}],"about":[{"href":"https:\/\/blogs.ua.es\/fortmed\/wp-json\/wp\/v2\/types\/page"}],"author":[{"embeddable":true,"href":"https:\/\/blogs.ua.es\/fortmed\/wp-json\/wp\/v2\/users\/4209"}],"replies":[{"embeddable":true,"href":"https:\/\/blogs.ua.es\/fortmed\/wp-json\/wp\/v2\/comments?post=159"}],"version-history":[{"count":12,"href":"https:\/\/blogs.ua.es\/fortmed\/wp-json\/wp\/v2\/pages\/159\/revisions"}],"predecessor-version":[{"id":210,"href":"https:\/\/blogs.ua.es\/fortmed\/wp-json\/wp\/v2\/pages\/159\/revisions\/210"}],"wp:attachment":[{"href":"https:\/\/blogs.ua.es\/fortmed\/wp-json\/wp\/v2\/media?parent=159"}],"curies":[{"name":"wp","href":"https:\/\/api.w.org\/{rel}","templated":true}]}}