{"id":2,"date":"2016-11-25T11:35:06","date_gmt":"2016-11-25T11:35:06","guid":{"rendered":"https:\/\/blogs.ua.es\/fortmed\/?page_id=2"},"modified":"2017-10-27T13:45:32","modified_gmt":"2017-10-27T13:45:32","slug":"inicio","status":"publish","type":"page","link":"https:\/\/blogs.ua.es\/fortmed\/","title":{"rendered":"Inicio"},"content":{"rendered":"<div>Ya est\u00e1n disponibles en RUA las actas del congreso: <span style=\"color: #3366ff\"><a href=\"http:\/\/rua.ua.es\/dspace\/handle\/10045\/70379\">Vol V<\/a> y\u00a0<a href=\"http:\/\/rua.ua.es\/dspace\/handle\/10045\/70392\" target=\"_blank\" rel=\"noopener\">Vol VI<\/a><\/span><\/div>\n<p align=\"justify\">\n<p class=\"a1\" align=\"justify\"><span class=\"a1\">El Departamento de Construcciones Arquitect\u00f3nicas de la Universidad de Alicante <strong>invita a todos los acad\u00e9micos y profesionales<\/strong> interesados en el debate sobre <strong>FORTIFICACIONES DE LA EDAD MODERNA EN LA COSTA DEL MEDITERR\u00c1NEO<\/strong> a presentar sus contribuciones en el congreso <strong>FORTMED 2017<\/strong>, tanto en forma de <em>full paper<\/em> como en forma de<em> short paper<\/em>. <\/span><\/p>\n<p class=\"a1\" align=\"justify\"><span class=\"a1\">Todas las comunicaciones debidamente aceptadas ser\u00e1n publicadas en las actas del congreso con ISBN, previo pago de la matr\u00edcula de al menos un autor. La matr\u00edcula incluye una copia de las actas. <\/span><span class=\"a1\">Las aportaciones recibidas despu\u00e9s de las fechas l\u00edmite no podr\u00e1n ser incluidas en las actas del congreso. <\/span><\/p>\n<p class=\"a1\" align=\"justify\"><span class=\"a1\">Los idiomas oficiales del Congreso son el castellano y el ingl\u00e9s, no obstante se podr\u00e1 utilizar el italiano, tanto en la comunicaci\u00f3n escrita como en la presentaci\u00f3n oral. En el Congreso NO se realizar\u00e1 traducci\u00f3n simult\u00e1nea. Para un mejor entendimiento, si la presentaci\u00f3n dispone de textos, \u00e9stos se redactar\u00e1n en ingl\u00e9s. <\/span><\/p>\n<p class=\"a1\" align=\"justify\"><span class=\"a1\">Se establecen tres premios: <\/span><\/p>\n<ul>\n<li><span class=\"a1\">Mejor full paper<\/span><\/li>\n<li><span class=\"a1\">Mejor short paper<\/span><\/li>\n<li><span class=\"a1\">Mejor paper de estudiante<\/span><\/li>\n<\/ul>\n","protected":false},"excerpt":{"rendered":"<p>Ya est\u00e1n disponibles en RUA las actas del congreso: Vol V y\u00a0Vol VI El Departamento de Construcciones Arquitect\u00f3nicas de la Universidad de Alicante invita a todos los acad\u00e9micos y profesionales interesados en el debate sobre FORTIFICACIONES DE LA EDAD MODERNA &hellip; <a href=\"https:\/\/blogs.ua.es\/fortmed\/\">Continue reading <span class=\"meta-nav\">&rarr;<\/span><\/a><\/p>\n","protected":false},"author":4209,"featured_media":0,"parent":0,"menu_order":0,"comment_status":"closed","ping_status":"open","template":"sidebar-page.php","meta":{"footnotes":""},"class_list":["post-2","page","type-page","status-publish","hentry"],"_links":{"self":[{"href":"https:\/\/blogs.ua.es\/fortmed\/wp-json\/wp\/v2\/pages\/2","targetHints":{"allow":["GET"]}}],"collection":[{"href":"https:\/\/blogs.ua.es\/fortmed\/wp-json\/wp\/v2\/pages"}],"about":[{"href":"https:\/\/blogs.ua.es\/fortmed\/wp-json\/wp\/v2\/types\/page"}],"author":[{"embeddable":true,"href":"https:\/\/blogs.ua.es\/fortmed\/wp-json\/wp\/v2\/users\/4209"}],"replies":[{"embeddable":true,"href":"https:\/\/blogs.ua.es\/fortmed\/wp-json\/wp\/v2\/comments?post=2"}],"version-history":[{"count":10,"href":"https:\/\/blogs.ua.es\/fortmed\/wp-json\/wp\/v2\/pages\/2\/revisions"}],"predecessor-version":[{"id":241,"href":"https:\/\/blogs.ua.es\/fortmed\/wp-json\/wp\/v2\/pages\/2\/revisions\/241"}],"wp:attachment":[{"href":"https:\/\/blogs.ua.es\/fortmed\/wp-json\/wp\/v2\/media?parent=2"}],"curies":[{"name":"wp","href":"https:\/\/api.w.org\/{rel}","templated":true}]}}