{"id":50,"date":"2016-11-25T15:44:06","date_gmt":"2016-11-25T15:44:06","guid":{"rendered":"https:\/\/blogs.ua.es\/fortmed\/?page_id=50"},"modified":"2017-06-12T09:38:30","modified_gmt":"2017-06-12T09:38:30","slug":"fechas-clave","status":"publish","type":"page","link":"https:\/\/blogs.ua.es\/fortmed\/fechas-clave\/","title":{"rendered":"Fechas Clave"},"content":{"rendered":"<p align=\"justify\"><strong>30 de Noviembre de 2016<\/strong> \u2013 Call for abstracts<\/p>\n<p align=\"justify\"><strong><del>30 de Enero<\/del>\u00a0<span style=\"color: #ff0000\">13\u00a0de febrero de 2017<\/span><\/strong><span style=\"color: #ff0000\"> \u2013 Entrega de res\u00famenes<\/span><\/p>\n<p align=\"justify\"><del><strong>28 de Febrero de 2017<\/strong><\/del> \u2013 <strong><span style=\"color: #ff0000\">6 de marzo\u00a0de 2017\u00a0<\/span><\/strong><span style=\"color: #ff0000\">Aceptaci\u00f3n de res\u00famenes<\/span><\/p>\n<p align=\"justify\"><del><strong>30 de Abril de 2017<\/strong><\/del> \u2013 <span style=\"color: #ff0000\"><strong>15 de Mayo de 2017\u00a0<\/strong>Fecha l\u00edmite del env\u00edo de comunicaciones<\/span><\/p>\n<p align=\"justify\"><del><strong>15 de Mayo de 2017<\/strong><\/del>\u2013<span style=\"color: #ff0000\"><strong>15 de Junio de 2017<\/strong> Aceptaci\u00f3n condicionada de comunicaciones<\/span><\/p>\n<p align=\"justify\"><del><strong>31 de Mayo de 2017<\/strong><\/del> \u2013 <span style=\"color: #ff0000\"><strong>30 de Junio de 2017<\/strong> Aceptaci\u00f3n definitiva de comunicaciones<\/span><\/p>\n<p align=\"justify\"><strong>7 de Julio de 2017<\/strong> \u2013 Limite de inscripciones con tarifa reducida<\/p>\n<p align=\"justify\"><strong>14 de Julio de 2017<\/strong> \u2013 Fecha limite para realizar el pago de la inscripci\u00f3n para que la comunicaci\u00f3n se incluya en la publicaci\u00f3n de las actas.<\/p>\n<p align=\"left\"><strong>26, 27 y 28 de Octubre de 2017<\/strong> \u2013 Congreso Internacional FORTMED 2017<\/p>\n<p class=\"a1\" align=\"justify\">Las actas de FORTMED 2017 estar\u00e1n disponibles en la apertura del congreso.<\/p>\n","protected":false},"excerpt":{"rendered":"<p>30 de Noviembre de 2016 \u2013 Call for abstracts 30 de Enero\u00a013\u00a0de febrero de 2017 \u2013 Entrega de res\u00famenes 28 de Febrero de 2017 \u2013 6 de marzo\u00a0de 2017\u00a0Aceptaci\u00f3n de res\u00famenes 30 de Abril de 2017 \u2013 15 de Mayo &hellip; <a href=\"https:\/\/blogs.ua.es\/fortmed\/fechas-clave\/\">Continue reading <span class=\"meta-nav\">&rarr;<\/span><\/a><\/p>\n","protected":false},"author":4209,"featured_media":0,"parent":0,"menu_order":0,"comment_status":"closed","ping_status":"closed","template":"sidebar-page.php","meta":{"footnotes":""},"class_list":["post-50","page","type-page","status-publish","hentry"],"_links":{"self":[{"href":"https:\/\/blogs.ua.es\/fortmed\/wp-json\/wp\/v2\/pages\/50","targetHints":{"allow":["GET"]}}],"collection":[{"href":"https:\/\/blogs.ua.es\/fortmed\/wp-json\/wp\/v2\/pages"}],"about":[{"href":"https:\/\/blogs.ua.es\/fortmed\/wp-json\/wp\/v2\/types\/page"}],"author":[{"embeddable":true,"href":"https:\/\/blogs.ua.es\/fortmed\/wp-json\/wp\/v2\/users\/4209"}],"replies":[{"embeddable":true,"href":"https:\/\/blogs.ua.es\/fortmed\/wp-json\/wp\/v2\/comments?post=50"}],"version-history":[{"count":13,"href":"https:\/\/blogs.ua.es\/fortmed\/wp-json\/wp\/v2\/pages\/50\/revisions"}],"predecessor-version":[{"id":221,"href":"https:\/\/blogs.ua.es\/fortmed\/wp-json\/wp\/v2\/pages\/50\/revisions\/221"}],"wp:attachment":[{"href":"https:\/\/blogs.ua.es\/fortmed\/wp-json\/wp\/v2\/media?parent=50"}],"curies":[{"name":"wp","href":"https:\/\/api.w.org\/{rel}","templated":true}]}}