{"id":55,"date":"2016-11-25T15:49:36","date_gmt":"2016-11-25T15:49:36","guid":{"rendered":"https:\/\/blogs.ua.es\/fortmed\/?page_id=55"},"modified":"2017-05-02T12:40:27","modified_gmt":"2017-05-02T12:40:27","slug":"comunicaciones","status":"publish","type":"page","link":"https:\/\/blogs.ua.es\/fortmed\/comunicaciones\/","title":{"rendered":"Comunicaciones"},"content":{"rendered":"<div class=\"entry-content\">\n<p style=\"text-align: justify\">La Universitat d&#8217;Alacant invita a todos los acad\u00e9micos y profesionales interesados en el debate sobre FORTIFICACIONES DE LA EDAD MODERNA EN LA COSTA DEL MEDITERR\u00c1NEO a presentar sus contribuciones en el congreso <strong>FORTMED 2017<\/strong>, tanto en forma de <strong>full paper <\/strong>como en forma de <strong>short paper<\/strong>.<\/p>\n<p style=\"text-align: justify\"><strong>Res\u00famenes<\/strong><\/p>\n<p style=\"text-align: justify\">Para presentar una comunicaci\u00f3n en la conferencia es necesario realizar un resumen de 200 palabras como m\u00e1ximo, con el t\u00edtulo, nombre, afiliaci\u00f3n,\u00a0palabras clave, tema y\u00a0correo electr\u00f3nico de los autores . Los res\u00famenes deber\u00e1n presentarse en ingl\u00e9s o espa\u00f1ol.<\/p>\n<p style=\"text-align: justify\">Todos los res\u00famenes deber\u00e1n seguir las plantillas del congreso. La plantilla para el resumen se puede obtener en la secci\u00f3n de \u201cDescargas\u201d (ver la columna de la izquierda).<\/p>\n<p style=\"text-align: justify\">El env\u00edo de los res\u00famenes se realizar\u00e1 a trav\u00e9s de correo electr\u00f3nico a\u00a0<a href=\"mailto:fortmed2017alicante@gmail.com\">fortmed2017alicante@gmail.com<\/a>. Se incluir\u00e1 un archivo Word (.doc) y un archivo Adobe Acrobat (.pdf). El archivo pdf se enviar\u00e1 sin los datos personales.<\/p>\n<p style=\"text-align: justify\">El Comit\u00e9 Cient\u00edfico del Congreso determinar\u00e1 los res\u00famenes aceptados, lo que se comunicar\u00e1 a los autores.<\/p>\n<p style=\"text-align: justify\"><strong>Comunicaciones<\/strong><\/p>\n<p style=\"text-align: justify\">Una vez recibida la aceptaci\u00f3n del resumen se deber\u00e1 presentar la comunicaci\u00f3n.<\/p>\n<p style=\"text-align: justify\">Las comunicaciones incluir\u00e1n un resumen seguido de la comunicaci\u00f3n preferiblemente en ingl\u00e9s, aunque tambi\u00e9n se aceptar\u00e1n en espa\u00f1ol, italiano y franc\u00e9s. En caso de no redactarse en ingl\u00e9s incluir\u00e1n adem\u00e1s otro resumen en ingl\u00e9s.<\/p>\n<p style=\"text-align: justify\">Todas las comunicaciones deber\u00e1n seguir las plantillas del congreso. La plantilla para la comunicaci\u00f3n se puede obtener en la secci\u00f3n de \u201cDescargas\u201d (ver la columna de la izquierda).<\/p>\n<p style=\"text-align: justify\">Se admiten dos tipos de comunicaciones:<\/p>\n<p style=\"text-align: justify\">\u2013 Full paper: entre 5\u00a0y 8\u00a0p\u00e1ginas, incluidas im\u00e1genes, bibliograf\u00eda y referencias.<\/p>\n<p style=\"text-align: justify\">\u2013 Short paper: m\u00e1ximo 4\u00a0p\u00e1ginas, incluidas im\u00e1genes, bibliograf\u00eda y referencias.<\/p>\n<p style=\"text-align: justify\">El env\u00edo de las comunicaciones se realizar\u00e1 a trav\u00e9s del correo electr\u00f3nico <a href=\"mailto:fortmed2017alicante@gmail.com\">fortmed2017alicante@gmail.com<\/a>. Se incluir\u00e1 un archivo Word (.doc) y un archivo Adobe Acrobat (.pdf). El archivo pdf se enviar\u00e1 sin los datos personales.<\/p>\n<p style=\"text-align: justify\">El Comit\u00e9 Cient\u00edfico realizar\u00e1 una evaluaci\u00f3n ciega por pares, determinando la aceptaci\u00f3n o no de la comunicaci\u00f3n, y en todo caso, las causas que justifiquen la exclusi\u00f3n o la modificaci\u00f3n.<\/p>\n<p style=\"text-align: justify\">Todas las comunicaciones debidamente aceptadas ser\u00e1n publicadas en las actas del congreso con ISBN, previo pago de la matr\u00edcula de al menos un autor. Las aportaciones recibidas despu\u00e9s de las fechas l\u00edmite no podr\u00e1n ser incluidas en las actas del congreso.<\/p>\n<p style=\"text-align: justify\"><strong>Exposici\u00f3n oral<\/strong><\/p>\n<p style=\"text-align: justify\">El Comit\u00e9 Cient\u00edfico seleccionar\u00e1 las comunicaciones que se expondr\u00e1n oralmente en la celebraci\u00f3n del Congreso. La organizaci\u00f3n lo comunicar\u00e1 previamente a los autores.<\/p>\n<p style=\"text-align: justify\">Los\u00a0idiomas oficiales del Congreso son\u00a0el espa\u00f1ol y el ingl\u00e9s, no obstante se podr\u00e1 utilizar el italiano y el franc\u00e9s. En el Congreso NO se realizar\u00e1 traducci\u00f3n simult\u00e1nea. Para un mejor entendimiento, si la presentaci\u00f3n dispone de textos, \u00e9stos se redactar\u00e1n en ingl\u00e9s.<\/p>\n<p style=\"text-align: justify\">El tiempo destinado a cada intervenci\u00f3n ser\u00e1 de 20 minutos, de los cuales un m\u00e1ximo de 15 minutos estar\u00e1n dedicados a la exposici\u00f3n oral de la comunicaci\u00f3n, quedando 5 minutos para el cambio de un ponente a otro.<\/p>\n<p style=\"text-align: justify\">Se establecer\u00e1n debates organizados seg\u00fan indique el programa definitivo, en donde deber\u00e1n estar presentes los ponentes al objeto de dar respuesta a las preguntas sobre su intervenci\u00f3n.<\/p>\n<p style=\"text-align: justify\"><strong>Los participantes deber\u00e1n tener en cuenta en todo momento los plazos de entrega y pago de la inscripci\u00f3n.<\/strong><\/p>\n<\/div>\n","protected":false},"excerpt":{"rendered":"<p>La Universitat d&#8217;Alacant invita a todos los acad\u00e9micos y profesionales interesados en el debate sobre FORTIFICACIONES DE LA EDAD MODERNA EN LA COSTA DEL MEDITERR\u00c1NEO a presentar sus contribuciones en el congreso FORTMED 2017, tanto en forma de full paper &hellip; <a href=\"https:\/\/blogs.ua.es\/fortmed\/comunicaciones\/\">Continue reading <span class=\"meta-nav\">&rarr;<\/span><\/a><\/p>\n","protected":false},"author":4209,"featured_media":0,"parent":0,"menu_order":0,"comment_status":"closed","ping_status":"closed","template":"sidebar-page.php","meta":{"footnotes":""},"class_list":["post-55","page","type-page","status-publish","hentry"],"_links":{"self":[{"href":"https:\/\/blogs.ua.es\/fortmed\/wp-json\/wp\/v2\/pages\/55","targetHints":{"allow":["GET"]}}],"collection":[{"href":"https:\/\/blogs.ua.es\/fortmed\/wp-json\/wp\/v2\/pages"}],"about":[{"href":"https:\/\/blogs.ua.es\/fortmed\/wp-json\/wp\/v2\/types\/page"}],"author":[{"embeddable":true,"href":"https:\/\/blogs.ua.es\/fortmed\/wp-json\/wp\/v2\/users\/4209"}],"replies":[{"embeddable":true,"href":"https:\/\/blogs.ua.es\/fortmed\/wp-json\/wp\/v2\/comments?post=55"}],"version-history":[{"count":3,"href":"https:\/\/blogs.ua.es\/fortmed\/wp-json\/wp\/v2\/pages\/55\/revisions"}],"predecessor-version":[{"id":211,"href":"https:\/\/blogs.ua.es\/fortmed\/wp-json\/wp\/v2\/pages\/55\/revisions\/211"}],"wp:attachment":[{"href":"https:\/\/blogs.ua.es\/fortmed\/wp-json\/wp\/v2\/media?parent=55"}],"curies":[{"name":"wp","href":"https:\/\/api.w.org\/{rel}","templated":true}]}}