{"id":69,"date":"2016-11-25T16:10:09","date_gmt":"2016-11-25T16:10:09","guid":{"rendered":"https:\/\/blogs.ua.es\/fortmed\/?page_id=69"},"modified":"2016-11-30T18:17:51","modified_gmt":"2016-11-30T18:17:51","slug":"el-congreso","status":"publish","type":"page","link":"https:\/\/blogs.ua.es\/fortmed\/el-congreso\/","title":{"rendered":"El Congreso"},"content":{"rendered":"<div class=\"entry-content\">\n<p class=\"a1\" align=\"justify\"><span class=\"a1\"><strong>FORTMED 2017<\/strong> es el Congreso Internacional sobre Fortificaciones de la Edad Moderna en la costa del Mediterr\u00e1neo. <\/span><\/p>\n<p class=\"a1\" align=\"justify\"><span class=\"a1\">El congreso se realizar\u00e1 los d\u00edas 26, 27 y 28 de Octubre de 2017, en el Campus de la Universidad de Alicante. <\/span><\/p>\n<p class=\"a1\" align=\"justify\">El congreso tiene como objetivo principal el intercambio de investigaciones y la puesta en com\u00fan para el mejor conocimiento, valorizaci\u00f3n, gesti\u00f3n y explotaci\u00f3n de la cultura y del patrimonio que se desarroll\u00f3 en la costa mediterr\u00e1nea en la Edad Moderna, teniendo presente tambi\u00e9n las manifestaciones que tuvieron lugar en ultramar. La difusi\u00f3n de los resultados se plantea como recurso final para alcanzar los objetivos.<\/p>\n<p class=\"a1\" align=\"justify\"><span class=\"a1\">El congreso tiene un car\u00e1cter interdisciplinar, en donde participar\u00e1n arquitectos, ingenieros, arque\u00f3logos, historiadores, ge\u00f3grafos, ge\u00f3logos, cart\u00f3grafos, gestores del patrimonio, expertos de turismo, expertos en la restauraci\u00f3n-conservaci\u00f3n y difusi\u00f3n del patrimonio. La idea es aportar visiones m\u00e1s integradoras, m\u00e1s reales, m\u00e1s actuales, que nos lleven al nivel donde se deben encontrar las investigaciones de esta materia, en el siglo XXI. <\/span><\/p>\n<p class=\"a1\" align=\"justify\"><span class=\"a1\">La tem\u00e1tica est\u00e1 centrada en las fortificaciones del Mediterr\u00e1neo (Espa\u00f1a, Francia, Italia, Malta, T\u00fanez, Cyprus, Grecia, Albania, Argelia y Marruecos, etc..) en los siglos XV al XVIII, aunque no quedan excluidos el resto de pa\u00edses mediterr\u00e1neos ni otras fortificaciones de esta \u00e9poca que se construyeron en ultramar (Cuba, Puerto Rico, Filipinas, Panam\u00e1,&#8230;).<\/span><\/p>\n<\/div>\n","protected":false},"excerpt":{"rendered":"<p>FORTMED 2017 es el Congreso Internacional sobre Fortificaciones de la Edad Moderna en la costa del Mediterr\u00e1neo. El congreso se realizar\u00e1 los d\u00edas 26, 27 y 28 de Octubre de 2017, en el Campus de la Universidad de Alicante. El &hellip; <a href=\"https:\/\/blogs.ua.es\/fortmed\/el-congreso\/\">Continue reading <span class=\"meta-nav\">&rarr;<\/span><\/a><\/p>\n","protected":false},"author":4209,"featured_media":0,"parent":0,"menu_order":0,"comment_status":"closed","ping_status":"closed","template":"sidebar-page.php","meta":{"footnotes":""},"class_list":["post-69","page","type-page","status-publish","hentry"],"_links":{"self":[{"href":"https:\/\/blogs.ua.es\/fortmed\/wp-json\/wp\/v2\/pages\/69","targetHints":{"allow":["GET"]}}],"collection":[{"href":"https:\/\/blogs.ua.es\/fortmed\/wp-json\/wp\/v2\/pages"}],"about":[{"href":"https:\/\/blogs.ua.es\/fortmed\/wp-json\/wp\/v2\/types\/page"}],"author":[{"embeddable":true,"href":"https:\/\/blogs.ua.es\/fortmed\/wp-json\/wp\/v2\/users\/4209"}],"replies":[{"embeddable":true,"href":"https:\/\/blogs.ua.es\/fortmed\/wp-json\/wp\/v2\/comments?post=69"}],"version-history":[{"count":3,"href":"https:\/\/blogs.ua.es\/fortmed\/wp-json\/wp\/v2\/pages\/69\/revisions"}],"predecessor-version":[{"id":93,"href":"https:\/\/blogs.ua.es\/fortmed\/wp-json\/wp\/v2\/pages\/69\/revisions\/93"}],"wp:attachment":[{"href":"https:\/\/blogs.ua.es\/fortmed\/wp-json\/wp\/v2\/media?parent=69"}],"curies":[{"name":"wp","href":"https:\/\/api.w.org\/{rel}","templated":true}]}}