{"id":2,"date":"2016-12-09T08:31:17","date_gmt":"2016-12-09T08:31:17","guid":{"rendered":"https:\/\/blogs.ua.es\/fortmeditalian\/?page_id=2"},"modified":"2016-12-09T09:51:06","modified_gmt":"2016-12-09T09:51:06","slug":"home","status":"publish","type":"page","link":"https:\/\/blogs.ua.es\/fortmeditalian\/home\/","title":{"rendered":"Messaggio di benvenuto"},"content":{"rendered":"<header class=\"entry-header\">\n<p style=\"text-align: justify\">L\u2019Universit\u00e0 di Alicante invita tutti gli studiosi e i professionisti interessati al dibattito sulle FORTIFICAZIONI NELL\u2019ET\u00c0 MODERNA SULLA COSTA DEL MEDITERRANEO a presentare i propri contributi nel convegno <strong>FORTMED 2017<\/strong>, sia nella forma di <em><strong>Full Paper<\/strong> <\/em>che come <strong><em>Short Paper<\/em>.<\/strong><\/p>\n<\/header>\n<div class=\"entry-content\">\n<p style=\"text-align: justify\">Tutti contributi pienamente accettati saranno pubblicati negli <strong>atti<\/strong> del convegno in una pubblicazione con codice ISBN. Sar\u00e0 richiesta la registrazione e la quota di iscrizione per almeno un autore per ogni contributo. La quota di iscrizione comprende una copia degli atti. Tutti gli atti saranno predisposti per essere accessibili tramite web. I contributi presentati dopo la scadenza della <em>deadline<\/em> non potranno essere negli atti del convegno.<\/p>\n<p style=\"text-align: justify\">Le <strong>lingue<\/strong> ufficiali del convegno saranno Spagnolo ed Inglese, nonostante sar\u00e0 possibile utilizzare la lingua Italiana e la Francese sia per il testo scritto che per la presentazione orale. Il convegno NON adotter\u00e0 soluzioni di traduzione simultanea. Per aumentare la comprensibilit\u00e0 della propria presentazione \u00e8 consigliata comunque l\u2019adozione di testi in Inglese nelle <em>slide<\/em>.<\/p>\n<p style=\"text-align: justify\">Il convegno\u00a0prevede l\u2019attribuzione di tre <strong>premi<\/strong>:<\/p>\n<ul>\n<li style=\"text-align: justify\">Migliore Full Paper<\/li>\n<li style=\"text-align: justify\">Migliore Short Paper<\/li>\n<li style=\"text-align: justify\">Migliore contributo presentato da uno studente<\/li>\n<\/ul>\n<\/div>\n","protected":false},"excerpt":{"rendered":"<p>L\u2019Universit\u00e0 di Alicante invita tutti gli studiosi e i professionisti interessati al dibattito sulle FORTIFICAZIONI NELL\u2019ET\u00c0 MODERNA SULLA COSTA DEL MEDITERRANEO a presentare i propri contributi nel convegno FORTMED 2017, sia nella forma di Full Paper che come Short Paper. &hellip; <a href=\"https:\/\/blogs.ua.es\/fortmeditalian\/home\/\">Continue reading <span class=\"meta-nav\">&rarr;<\/span><\/a><\/p>\n","protected":false},"author":4209,"featured_media":0,"parent":0,"menu_order":0,"comment_status":"closed","ping_status":"open","template":"sidebar-page.php","meta":{"footnotes":""},"class_list":["post-2","page","type-page","status-publish","hentry"],"_links":{"self":[{"href":"https:\/\/blogs.ua.es\/fortmeditalian\/wp-json\/wp\/v2\/pages\/2","targetHints":{"allow":["GET"]}}],"collection":[{"href":"https:\/\/blogs.ua.es\/fortmeditalian\/wp-json\/wp\/v2\/pages"}],"about":[{"href":"https:\/\/blogs.ua.es\/fortmeditalian\/wp-json\/wp\/v2\/types\/page"}],"author":[{"embeddable":true,"href":"https:\/\/blogs.ua.es\/fortmeditalian\/wp-json\/wp\/v2\/users\/4209"}],"replies":[{"embeddable":true,"href":"https:\/\/blogs.ua.es\/fortmeditalian\/wp-json\/wp\/v2\/comments?post=2"}],"version-history":[{"count":9,"href":"https:\/\/blogs.ua.es\/fortmeditalian\/wp-json\/wp\/v2\/pages\/2\/revisions"}],"predecessor-version":[{"id":46,"href":"https:\/\/blogs.ua.es\/fortmeditalian\/wp-json\/wp\/v2\/pages\/2\/revisions\/46"}],"wp:attachment":[{"href":"https:\/\/blogs.ua.es\/fortmeditalian\/wp-json\/wp\/v2\/media?parent=2"}],"curies":[{"name":"wp","href":"https:\/\/api.w.org\/{rel}","templated":true}]}}