{"id":23,"date":"2016-12-09T09:10:19","date_gmt":"2016-12-09T09:10:19","guid":{"rendered":"https:\/\/blogs.ua.es\/fortmeditalian\/?page_id=23"},"modified":"2016-12-09T09:12:41","modified_gmt":"2016-12-09T09:12:41","slug":"il-convegno","status":"publish","type":"page","link":"https:\/\/blogs.ua.es\/fortmeditalian\/il-convegno\/","title":{"rendered":"Il Convegno"},"content":{"rendered":"<p style=\"text-align: justify\"><strong>FORTMED 2017<\/strong> \u00e8 il Convegno Internazionale dedicato alle fortificazioni del l\u2019 Et\u00e0 Moderna nella costa del Mediterraneo. Il convegno si terr\u00e0 nei giorni 26, 27 e 28 Ottobre 2017 nell Campus de San Vicente del Raspeig de la Universit\u00e0 di Alicante (UA).<\/p>\n<p style=\"text-align: justify\"><strong>L\u2019obiettivo principale<\/strong> della conferenza \u00e8 lo scambio di conoscenze e la condivisione per una migliore comprensione, valutazione, gestione e valorizzazione della cultura e del Patrimonio che si sono sviluppatati lungo la costa del Mediterraneo in Et\u00e0 Moderna, al fine di favorire la diffusione dei risultati conseguiti.<\/p>\n<p style=\"text-align: justify\">Il congresso avr\u00e0 un carattere <strong>multidisciplinare<\/strong>, a cui parteciperanno architetti, ingegneri, archeologi, storici, geografi, cartografi, operatori e amministratori del Patrimonio, professionisti del settore turistico, restauratori ed esperti nella comunicazione e diffusione dei Beni Culturali. Seguendo l\u2019idea di voler favorire il concretarsi di una visione collaborativa e integrata che sia adeguata per la nostra epoca.<\/p>\n<p style=\"text-align: justify\">Centro focale della tematica saranno le fortificazioni nel Mediterraneo (<strong>Spagna, Francia, Italia, Malta, Croazia, Albania, Grecia, Turchia, Cipro, Tunisia, Algeria, Marocco<\/strong>, etc.) dal XV al XVIII secolo, compresi gli altri paesi mediterranei e le e le fortificazioni di questo periodo che sono stati costruiti d&#8217;oltremare (<strong>Cuba, Porto Rico, Filippine, Panama<\/strong>, etc.).<\/p>\n","protected":false},"excerpt":{"rendered":"<p>FORTMED 2017 \u00e8 il Convegno Internazionale dedicato alle fortificazioni del l\u2019 Et\u00e0 Moderna nella costa del Mediterraneo. Il convegno si terr\u00e0 nei giorni 26, 27 e 28 Ottobre 2017 nell Campus de San Vicente del Raspeig de la Universit\u00e0 di &hellip; <a href=\"https:\/\/blogs.ua.es\/fortmeditalian\/il-convegno\/\">Continue reading <span class=\"meta-nav\">&rarr;<\/span><\/a><\/p>\n","protected":false},"author":4209,"featured_media":0,"parent":0,"menu_order":0,"comment_status":"closed","ping_status":"closed","template":"sidebar-page.php","meta":{"footnotes":""},"class_list":["post-23","page","type-page","status-publish","hentry"],"_links":{"self":[{"href":"https:\/\/blogs.ua.es\/fortmeditalian\/wp-json\/wp\/v2\/pages\/23","targetHints":{"allow":["GET"]}}],"collection":[{"href":"https:\/\/blogs.ua.es\/fortmeditalian\/wp-json\/wp\/v2\/pages"}],"about":[{"href":"https:\/\/blogs.ua.es\/fortmeditalian\/wp-json\/wp\/v2\/types\/page"}],"author":[{"embeddable":true,"href":"https:\/\/blogs.ua.es\/fortmeditalian\/wp-json\/wp\/v2\/users\/4209"}],"replies":[{"embeddable":true,"href":"https:\/\/blogs.ua.es\/fortmeditalian\/wp-json\/wp\/v2\/comments?post=23"}],"version-history":[{"count":1,"href":"https:\/\/blogs.ua.es\/fortmeditalian\/wp-json\/wp\/v2\/pages\/23\/revisions"}],"predecessor-version":[{"id":24,"href":"https:\/\/blogs.ua.es\/fortmeditalian\/wp-json\/wp\/v2\/pages\/23\/revisions\/24"}],"wp:attachment":[{"href":"https:\/\/blogs.ua.es\/fortmeditalian\/wp-json\/wp\/v2\/media?parent=23"}],"curies":[{"name":"wp","href":"https:\/\/api.w.org\/{rel}","templated":true}]}}