{"id":49,"date":"2016-12-09T16:29:21","date_gmt":"2016-12-09T16:29:21","guid":{"rendered":"https:\/\/blogs.ua.es\/fortmeditalian\/?page_id=49"},"modified":"2017-05-02T11:11:37","modified_gmt":"2017-05-02T11:11:37","slug":"comitato-scientifico","status":"publish","type":"page","link":"https:\/\/blogs.ua.es\/fortmeditalian\/comitato-scientifico\/","title":{"rendered":""},"content":{"rendered":"<p><span id=\"result_box\" class=\"\" lang=\"it\"><strong>Comitato d&#8217;onore:<\/strong><\/span><\/p>\n<p><strong>Manuel <span class=\"\">Palomar<\/span> <span class=\"\">Sanz<\/span><\/strong><br \/>\n<span class=\"\">Rettore dell&#8217;Universit\u00e0<\/span> <span class=\"\">di Alicante<\/span><\/p>\n<p><strong>Gabriel <span class=\"\">Echavarri<\/span> Fern\u00e1ndez<\/strong><br \/>\nSindaco di <span class=\"\">Alicante<\/span><\/p>\n<p><strong>Milagros Flores <span class=\"\">Rom\u00e1n<\/span><\/strong><br \/>\nChair ICOFORT (<span class=\"\">ICOMOS<\/span>, UNESCO)<\/p>\n<p><strong>Daniel D. Simon Pl\u00e1<\/strong><br \/>\nAssessore alla Cultura <span class=\"\">del Comune di<\/span> <span class=\"\">Alicante<\/span><\/p>\n<h1 class=\"entry-title\"><\/h1>\n<p class=\"entry-title\"><strong>Comitato Organizzatore<\/strong><\/p>\n<p><strong>Presidente:<\/strong><\/p>\n<p>V\u00edctor Echarri Iribarren. Universidad de Alicante<\/p>\n<p><strong>Segreterio:<\/strong><\/p>\n<p>Angel Gonz\u00e1lez Avil\u00e9s. Universidad de Alicante<\/p>\n<p><strong>Direttori scientifici:<\/strong><\/p>\n<p>Jos\u00e9 Manuel P\u00e9rez Burgos (Jefe de Departamento de Patrimonio Integral y Unidad de la Isla de Nueva Tabarca. Ayuntamiento de Alicante)<\/p>\n<p>M\u00aa. Isabel P\u00e9rez Mill\u00e1n. Universidad de Alicante<\/p>\n<p>Antonio Galiano Garrig\u00f3s. Universidad de Alicante<\/p>\n<p>Jos\u00e9 Luis Men\u00e9ndez Fueyo. Fundaci\u00f3n MARQ. Alicante<\/p>\n<p><strong>Membri:<\/strong><\/p>\n<p>Bego\u00f1a Echevarr\u00eda Pozuelo (T\u00e9cnico de Cultura. Ayuntamiento de Alicante)<\/p>\n<p>Luisa Biosca Bas (Restauradora. Ayuntamiento de Alicante)<\/p>\n<p>Maribel Serrano. Universidad de Alicante<\/p>\n<p>Roberto Y\u00e1\u00f1ez Pacios. Universidad de Alicante<\/p>\n<p>Mateo Aires Llinares. Universidad de Alicante<\/p>\n<p>Gin\u00e9s G\u00f3mez Castell\u00f3. Universidad de Alicante<\/p>\n<p>Aitor Guijarro. Universidad de Alicante<\/p>\n<p>Justo Romero del Hombrebueno. Universidad de Alicante<\/p>\n<p class=\"entry-title\">\n<p class=\"entry-title\"><strong>Comitato consigliere<\/strong><\/p>\n<p>Pablo Rodr\u00edguez-Navarro. Universitat Polit\u00e8cnica de Val\u00e8ncia<\/p>\n<p>M\u00aa. Teresa Gil Piqueras. Universitat Polit\u00e8cnica de Val\u00e8ncia<\/p>\n<p>Giorgio\u00a0Verdiani.\u00a0Universit\u00e0\u00a0degli\u00a0Studi\u00a0di\u00a0Firenze.\u00a0Italy<\/p>\n<p>&nbsp;<\/p>\n<p><strong>Comitato scientifico<\/strong><\/p>\n<p><strong>Direttori scientifici\u00a0<\/strong><\/p>\n<p>V\u00edctor Echarri Iribarren. Universidad de Alicante. Spain<\/p>\n<p>Pablo Rodr\u00edguez-Navarro. Universitat Polit\u00e8cnica de Val\u00e8ncia. Spain<\/p>\n<p><strong>Membri<\/strong><\/p>\n<p>Alessandro Camiz, Girne American University. Cyprus<\/p>\n<p>Alicia\u00a0C\u00e1mara\u00a0Mu\u00f1oz.\u00a0UNED.\u00a0Spain<\/p>\n<p>Andreas Georgopoulos. Nat. Tec. University of Athens. Greece<\/p>\n<p>Andr\u00e9s Mart\u00ednez Medina. Universidad de Alicante. Spain<\/p>\n<p>Angel Benigno Gonz\u00e1lez. Universidad de Alicante. Spain<\/p>\n<p>Anna\u00a0Guarducci.\u00a0Universit\u00e0\u00a0di\u00a0Siena.\u00a0Italy<\/p>\n<p>Anna Marotta, Politecnico di Torino. Italy<\/p>\n<p>Antonio\u00a0Almagro\u00a0Gorbea.\u00a0CSIC.\u00a0Spain<\/p>\n<p>Arturo\u00a0Zaragoz\u00e1\u00a0Catal\u00e1n.\u00a0Generalitat\u00a0Valenciana.\u00a0Castell\u00f3n.\u00a0Spain<\/p>\n<p>Boutheina Bouzid. Ecole Nationale d\u2019Architecture. Tunisia<\/p>\n<p>Concepci\u00f3n\u00a0L\u00f3pez\u00a0Gonz\u00e1lez.\u00a0UPV.\u00a0Spain<\/p>\n<p>Faissal\u00a0Cherradi.\u00a0Ministerio\u00a0de\u00a0Cultura\u00a0del\u00a0Reino\u00a0de\u00a0Marruecos.\u00a0Morocco<\/p>\n<p>Fernando\u00a0Cobos\u00a0Guerra.\u00a0Arquitecto.\u00a0Spain<\/p>\n<p>Francisco Juan Vidal. Universitat Polit\u00e8cnica de Val\u00e8ncia, Spain<\/p>\n<p>Gabriele Guidi. Politecnico di Milano. Italy<\/p>\n<p>Giorgio\u00a0Verdiani.\u00a0Universit\u00e0\u00a0degli\u00a0Studi\u00a0di\u00a0Firenze.\u00a0Italy<\/p>\n<p>Gjergji Islami. Universiteti Politeknik i Tiran\u00ebs. Albania<\/p>\n<p>Jo\u00e3o Campos, Centro de Estudios de Arquitectura Militar de Almeida. Portugal<\/p>\n<p>John Harris. Fortress Study Group.\u00a0United Kingdom<\/p>\n<p>Maria Isabel P\u00e9rez. Universidad de Alicante. Spain<\/p>\n<p>Nicolas Faucherre. Aix-Marseille Universit\u00e9 &#8211; CNRS. France<\/p>\n<p>Per Cornell. University of Gothenburg. Sweden<\/p>\n<p>Philippe Bragard. <em>Universit\u00e9 catholique<\/em> de Louvain. Belgium.<\/p>\n<p>Rand Eppich. Universidad Polit\u00e9cnica de Madrid. Spain<\/p>\n<p>Sandro\u00a0Parrinello.\u00a0Universit\u00e0\u00a0di\u00a0Pavia.\u00a0Italy<\/p>\n<p>Santiago\u00a0Varela\u00a0Botella. Architect.\u00a0Alicante.\u00a0Spain<\/p>\n<p>Stefano Bertocci. Universit\u00e0 degli Studi di Firenze. Italy<\/p>\n<p>Stefano Columbu, Universit\u00e0 di Cagliari. Italy<\/p>\n<p>Yolanda Spairani Berrio. Universidad de Alicante. Spain<\/p>\n<p>&nbsp;<\/p>\n","protected":false},"excerpt":{"rendered":"<p>Comitato d&#8217;onore: Manuel Palomar Sanz Rettore dell&#8217;Universit\u00e0 di Alicante Gabriel Echavarri Fern\u00e1ndez Sindaco di Alicante Milagros Flores Rom\u00e1n Chair ICOFORT (ICOMOS, UNESCO) Daniel D. Simon Pl\u00e1 Assessore alla Cultura del Comune di Alicante Comitato Organizzatore Presidente: V\u00edctor Echarri Iribarren. Universidad &hellip; <a href=\"https:\/\/blogs.ua.es\/fortmeditalian\/comitato-scientifico\/\">Continue reading <span class=\"meta-nav\">&rarr;<\/span><\/a><\/p>\n","protected":false},"author":4209,"featured_media":0,"parent":0,"menu_order":0,"comment_status":"closed","ping_status":"closed","template":"","meta":{"footnotes":""},"class_list":["post-49","page","type-page","status-publish","hentry"],"_links":{"self":[{"href":"https:\/\/blogs.ua.es\/fortmeditalian\/wp-json\/wp\/v2\/pages\/49","targetHints":{"allow":["GET"]}}],"collection":[{"href":"https:\/\/blogs.ua.es\/fortmeditalian\/wp-json\/wp\/v2\/pages"}],"about":[{"href":"https:\/\/blogs.ua.es\/fortmeditalian\/wp-json\/wp\/v2\/types\/page"}],"author":[{"embeddable":true,"href":"https:\/\/blogs.ua.es\/fortmeditalian\/wp-json\/wp\/v2\/users\/4209"}],"replies":[{"embeddable":true,"href":"https:\/\/blogs.ua.es\/fortmeditalian\/wp-json\/wp\/v2\/comments?post=49"}],"version-history":[{"count":13,"href":"https:\/\/blogs.ua.es\/fortmeditalian\/wp-json\/wp\/v2\/pages\/49\/revisions"}],"predecessor-version":[{"id":95,"href":"https:\/\/blogs.ua.es\/fortmeditalian\/wp-json\/wp\/v2\/pages\/49\/revisions\/95"}],"wp:attachment":[{"href":"https:\/\/blogs.ua.es\/fortmeditalian\/wp-json\/wp\/v2\/media?parent=49"}],"curies":[{"name":"wp","href":"https:\/\/api.w.org\/{rel}","templated":true}]}}