{"id":197,"date":"2012-01-18T18:39:15","date_gmt":"2012-01-18T18:39:15","guid":{"rendered":"https:\/\/blogs.ua.es\/fotografiadocumentalsocial\/?page_id=197"},"modified":"2012-01-18T18:39:15","modified_gmt":"2012-01-18T18:39:15","slug":"explicacio-general-del-tema","status":"publish","type":"page","link":"https:\/\/blogs.ua.es\/fotografiadocumentalsocial\/explicacio-general-del-tema\/","title":{"rendered":"Explicaci\u00f3 general del tema."},"content":{"rendered":"<p>El tema general del blog es el conocimiento y la difusi\u00f3n sobre diferentes temas relacionados con la fotograf\u00eda documental social espa\u00f1ola, como por ejemplo: diversos art\u00edculos de revistas o periodicos, exposiciones o dar a conocer a talentosos fot\u00f3grafos espa\u00f1oles.<\/p>\n","protected":false},"excerpt":{"rendered":"<p>El tema general del blog es el conocimiento y la difusi\u00f3n sobre diferentes temas relacionados con la fotograf\u00eda documental social espa\u00f1ola, como por ejemplo: diversos art\u00edculos de revistas o periodicos, exposiciones o dar a conocer a talentosos fot\u00f3grafos espa\u00f1oles.<\/p>\n","protected":false},"author":2482,"featured_media":0,"parent":0,"menu_order":0,"comment_status":"open","ping_status":"open","template":"","meta":{"footnotes":""},"class_list":["post-197","page","type-page","status-publish","hentry"],"_links":{"self":[{"href":"https:\/\/blogs.ua.es\/fotografiadocumentalsocial\/wp-json\/wp\/v2\/pages\/197","targetHints":{"allow":["GET"]}}],"collection":[{"href":"https:\/\/blogs.ua.es\/fotografiadocumentalsocial\/wp-json\/wp\/v2\/pages"}],"about":[{"href":"https:\/\/blogs.ua.es\/fotografiadocumentalsocial\/wp-json\/wp\/v2\/types\/page"}],"author":[{"embeddable":true,"href":"https:\/\/blogs.ua.es\/fotografiadocumentalsocial\/wp-json\/wp\/v2\/users\/2482"}],"replies":[{"embeddable":true,"href":"https:\/\/blogs.ua.es\/fotografiadocumentalsocial\/wp-json\/wp\/v2\/comments?post=197"}],"version-history":[{"count":1,"href":"https:\/\/blogs.ua.es\/fotografiadocumentalsocial\/wp-json\/wp\/v2\/pages\/197\/revisions"}],"predecessor-version":[{"id":198,"href":"https:\/\/blogs.ua.es\/fotografiadocumentalsocial\/wp-json\/wp\/v2\/pages\/197\/revisions\/198"}],"wp:attachment":[{"href":"https:\/\/blogs.ua.es\/fotografiadocumentalsocial\/wp-json\/wp\/v2\/media?parent=197"}],"curies":[{"name":"wp","href":"https:\/\/api.w.org\/{rel}","templated":true}]}}