{"id":199,"date":"2012-01-18T18:47:54","date_gmt":"2012-01-18T18:47:54","guid":{"rendered":"https:\/\/blogs.ua.es\/fotografiadocumentalsocial\/?page_id=199"},"modified":"2012-01-18T18:47:54","modified_gmt":"2012-01-18T18:47:54","slug":"metodologia","status":"publish","type":"page","link":"https:\/\/blogs.ua.es\/fotografiadocumentalsocial\/metodologia\/","title":{"rendered":"Metodologia."},"content":{"rendered":"<p>La metodolog\u00eda que hemos llevado a cabo para realizar este blog a sido la estudiada en clase, con resercas en diferentes medios como:<\/p>\n<p>-Dialnet<\/p>\n<p>-catalogo de la universidad de alicante<\/p>\n<p>-revistas electr\u00f3nicas de fotograf\u00eda como <em>piel de foto <\/em>y <em>ojo de pez<\/em><\/p>\n<p>-peri\u00f3dicos<\/p>\n<p>-p\u00e1ginas especializadas en fotograf\u00eda<\/p>\n<p>&nbsp;<\/p>\n","protected":false},"excerpt":{"rendered":"<p>La metodolog\u00eda que hemos llevado a cabo para realizar este blog a sido la estudiada en clase, con resercas en diferentes medios como: -Dialnet -catalogo de la universidad de alicante -revistas electr\u00f3nicas de fotograf\u00eda como piel de foto y ojo de pez -peri\u00f3dicos -p\u00e1ginas especializadas en fotograf\u00eda &nbsp;<\/p>\n","protected":false},"author":2482,"featured_media":0,"parent":0,"menu_order":0,"comment_status":"open","ping_status":"open","template":"","meta":{"footnotes":""},"class_list":["post-199","page","type-page","status-publish","hentry"],"_links":{"self":[{"href":"https:\/\/blogs.ua.es\/fotografiadocumentalsocial\/wp-json\/wp\/v2\/pages\/199","targetHints":{"allow":["GET"]}}],"collection":[{"href":"https:\/\/blogs.ua.es\/fotografiadocumentalsocial\/wp-json\/wp\/v2\/pages"}],"about":[{"href":"https:\/\/blogs.ua.es\/fotografiadocumentalsocial\/wp-json\/wp\/v2\/types\/page"}],"author":[{"embeddable":true,"href":"https:\/\/blogs.ua.es\/fotografiadocumentalsocial\/wp-json\/wp\/v2\/users\/2482"}],"replies":[{"embeddable":true,"href":"https:\/\/blogs.ua.es\/fotografiadocumentalsocial\/wp-json\/wp\/v2\/comments?post=199"}],"version-history":[{"count":1,"href":"https:\/\/blogs.ua.es\/fotografiadocumentalsocial\/wp-json\/wp\/v2\/pages\/199\/revisions"}],"predecessor-version":[{"id":200,"href":"https:\/\/blogs.ua.es\/fotografiadocumentalsocial\/wp-json\/wp\/v2\/pages\/199\/revisions\/200"}],"wp:attachment":[{"href":"https:\/\/blogs.ua.es\/fotografiadocumentalsocial\/wp-json\/wp\/v2\/media?parent=199"}],"curies":[{"name":"wp","href":"https:\/\/api.w.org\/{rel}","templated":true}]}}