{"id":101,"date":"2013-01-10T17:33:36","date_gmt":"2013-01-10T16:33:36","guid":{"rendered":"https:\/\/blogs.ua.es\/franciscojavierbalmis\/?page_id=101"},"modified":"2013-01-10T17:33:36","modified_gmt":"2013-01-10T16:33:36","slug":"metodologia","status":"publish","type":"page","link":"https:\/\/blogs.ua.es\/franciscojavierbalmis\/metodologia\/","title":{"rendered":"Metodolog\u00eda"},"content":{"rendered":"<p>Para comenzar este trabajo lo que primeramente hicimos fue crear una cuenta en &#8220;Blogs.ua&#8221;, tras crearla elegimos el dise\u00f1o de la p\u00e1gina y la configuramos a nuestro gusto para que en ella saliera lo que nos interesaba. M\u00e1s tarde comenzamos a rellenar el blog sabiendo ya quien es el personaje alicantino que nos hab\u00eda tocado, que para nosotros fue el m\u00e9dico Francisco Javier Balmis, pero para poder dejar el trabajo lo mejor posible nos dividimos el trabajo haciendo cada uno diez entradas, todas ellas tratan del Dr. Balmis ya sean libros, cap\u00edtulos de libros o revistas, pero para encontrar estas entradas tenido que utilizar el cat\u00e1logo de la biblioteca de la UA, la biblioteca nacional de Espa\u00f1a, o alguna otra biblioteca en la que apareciese la informaci\u00f3n que\u00a0busc\u00e1bamos, adem\u00e1s escribimos una peque\u00f1a biograf\u00eda sobre nuestro amado doctor, donde explica brevemente su vida.<\/p>\n","protected":false},"excerpt":{"rendered":"<p>Para comenzar este trabajo lo que primeramente hicimos fue crear una cuenta en &#8220;Blogs.ua&#8221;, tras crearla elegimos el dise\u00f1o de la p\u00e1gina y la configuramos a nuestro gusto para que en ella saliera lo que nos interesaba. M\u00e1s tarde comenzamos a rellenar el blog sabiendo ya quien es el personaje alicantino que nos hab\u00eda tocado, [&hellip;]<\/p>\n","protected":false},"author":2831,"featured_media":0,"parent":0,"menu_order":0,"comment_status":"open","ping_status":"open","template":"","meta":{"footnotes":""},"class_list":["post-101","page","type-page","status-publish","hentry"],"_links":{"self":[{"href":"https:\/\/blogs.ua.es\/franciscojavierbalmis\/wp-json\/wp\/v2\/pages\/101","targetHints":{"allow":["GET"]}}],"collection":[{"href":"https:\/\/blogs.ua.es\/franciscojavierbalmis\/wp-json\/wp\/v2\/pages"}],"about":[{"href":"https:\/\/blogs.ua.es\/franciscojavierbalmis\/wp-json\/wp\/v2\/types\/page"}],"author":[{"embeddable":true,"href":"https:\/\/blogs.ua.es\/franciscojavierbalmis\/wp-json\/wp\/v2\/users\/2831"}],"replies":[{"embeddable":true,"href":"https:\/\/blogs.ua.es\/franciscojavierbalmis\/wp-json\/wp\/v2\/comments?post=101"}],"version-history":[{"count":1,"href":"https:\/\/blogs.ua.es\/franciscojavierbalmis\/wp-json\/wp\/v2\/pages\/101\/revisions"}],"predecessor-version":[{"id":102,"href":"https:\/\/blogs.ua.es\/franciscojavierbalmis\/wp-json\/wp\/v2\/pages\/101\/revisions\/102"}],"wp:attachment":[{"href":"https:\/\/blogs.ua.es\/franciscojavierbalmis\/wp-json\/wp\/v2\/media?parent=101"}],"curies":[{"name":"wp","href":"https:\/\/api.w.org\/{rel}","templated":true}]}}