{"id":7,"date":"2012-11-16T12:06:34","date_gmt":"2012-11-16T12:06:34","guid":{"rendered":"https:\/\/blogs.ua.es\/franciscojavierbalmis\/?page_id=7"},"modified":"2012-11-16T12:06:34","modified_gmt":"2012-11-16T12:06:34","slug":"presentacion","status":"publish","type":"page","link":"https:\/\/blogs.ua.es\/franciscojavierbalmis\/presentacion\/","title":{"rendered":"Presentaci\u00f3n"},"content":{"rendered":"<p>Hola somos Javier y Mar\u00eda y estamos haciendo nuestro blog que tratar\u00e1 sobre Francisco Javier Balmis, el cual ser\u00e1 nuestro trabajo para la asignatura de Fuentes y documentos de 1\u00ba de Grado de Historia y Geograf\u00eda.<\/p>\n<p><a href=\"https:\/\/blogs.ua.es\/franciscojavierbalmis\/files\/2012\/11\/logo-ua.png\"><img loading=\"lazy\" decoding=\"async\" class=\"aligncenter size-full wp-image-8\" src=\"https:\/\/blogs.ua.es\/franciscojavierbalmis\/files\/2012\/11\/logo-ua.png\" alt=\"Universidad de Alicante\" width=\"263\" height=\"45\" \/><\/a><\/p>\n","protected":false},"excerpt":{"rendered":"<p>Hola somos Javier y Mar\u00eda y estamos haciendo nuestro blog que tratar\u00e1 sobre Francisco Javier Balmis, el cual ser\u00e1 nuestro trabajo para la asignatura de Fuentes y documentos de 1\u00ba de Grado de Historia y Geograf\u00eda.<\/p>\n","protected":false},"author":2831,"featured_media":0,"parent":0,"menu_order":0,"comment_status":"open","ping_status":"open","template":"","meta":{"footnotes":""},"class_list":["post-7","page","type-page","status-publish","hentry"],"_links":{"self":[{"href":"https:\/\/blogs.ua.es\/franciscojavierbalmis\/wp-json\/wp\/v2\/pages\/7","targetHints":{"allow":["GET"]}}],"collection":[{"href":"https:\/\/blogs.ua.es\/franciscojavierbalmis\/wp-json\/wp\/v2\/pages"}],"about":[{"href":"https:\/\/blogs.ua.es\/franciscojavierbalmis\/wp-json\/wp\/v2\/types\/page"}],"author":[{"embeddable":true,"href":"https:\/\/blogs.ua.es\/franciscojavierbalmis\/wp-json\/wp\/v2\/users\/2831"}],"replies":[{"embeddable":true,"href":"https:\/\/blogs.ua.es\/franciscojavierbalmis\/wp-json\/wp\/v2\/comments?post=7"}],"version-history":[{"count":1,"href":"https:\/\/blogs.ua.es\/franciscojavierbalmis\/wp-json\/wp\/v2\/pages\/7\/revisions"}],"predecessor-version":[{"id":9,"href":"https:\/\/blogs.ua.es\/franciscojavierbalmis\/wp-json\/wp\/v2\/pages\/7\/revisions\/9"}],"wp:attachment":[{"href":"https:\/\/blogs.ua.es\/franciscojavierbalmis\/wp-json\/wp\/v2\/media?parent=7"}],"curies":[{"name":"wp","href":"https:\/\/api.w.org\/{rel}","templated":true}]}}