{"id":70,"date":"2013-01-08T14:07:00","date_gmt":"2013-01-08T13:07:00","guid":{"rendered":"https:\/\/blogs.ua.es\/franciscojavierbalmis\/?page_id=70"},"modified":"2013-01-10T17:55:21","modified_gmt":"2013-01-10T16:55:21","slug":"inicio","status":"publish","type":"page","link":"https:\/\/blogs.ua.es\/franciscojavierbalmis\/inicio\/","title":{"rendered":"Valoraci\u00f3n"},"content":{"rendered":"<p>Este trabajo no ha sido del todo f\u00e1cil, ya que hemos tenido que recoger una gran cantidad de informaci\u00f3n a cerca del Dr. Balmis y como \u00e9l no escribi\u00f3 ning\u00fan libro nos ha sido m\u00e1s dif\u00edcil encontrar la informaci\u00f3n, as\u00ed que nos hemos dedicado a recopilar libros o revistas en los que aparece, ya que nuestro doctor fue muy importante para muchos pa\u00edses donde se mor\u00edan miles de personas a causa de la viruela, esto ocurri\u00f3 en pa\u00edses de Am\u00e9rica del Sur, sobretodo, as\u00ed que por ello aparecen revistas de pa\u00edses latinoamericanos. Pero todo ello nos ha aportado tanto una gran informaci\u00f3n sobre el doctor como un gran descubrimiento de los blogs y de los cat\u00e1logos de bibliotecas, as\u00ed que en mi opini\u00f3n aunque halla sido un trabajo duro creo que nos a aportado grandes conocimientos.<\/p>\n","protected":false},"excerpt":{"rendered":"<p>Este trabajo no ha sido del todo f\u00e1cil, ya que hemos tenido que recoger una gran cantidad de informaci\u00f3n a cerca del Dr. Balmis y como \u00e9l no escribi\u00f3 ning\u00fan libro nos ha sido m\u00e1s dif\u00edcil encontrar la informaci\u00f3n, as\u00ed que nos hemos dedicado a recopilar libros o revistas en los que aparece, ya que [&hellip;]<\/p>\n","protected":false},"author":2831,"featured_media":0,"parent":0,"menu_order":0,"comment_status":"open","ping_status":"open","template":"","meta":{"footnotes":""},"class_list":["post-70","page","type-page","status-publish","hentry"],"_links":{"self":[{"href":"https:\/\/blogs.ua.es\/franciscojavierbalmis\/wp-json\/wp\/v2\/pages\/70","targetHints":{"allow":["GET"]}}],"collection":[{"href":"https:\/\/blogs.ua.es\/franciscojavierbalmis\/wp-json\/wp\/v2\/pages"}],"about":[{"href":"https:\/\/blogs.ua.es\/franciscojavierbalmis\/wp-json\/wp\/v2\/types\/page"}],"author":[{"embeddable":true,"href":"https:\/\/blogs.ua.es\/franciscojavierbalmis\/wp-json\/wp\/v2\/users\/2831"}],"replies":[{"embeddable":true,"href":"https:\/\/blogs.ua.es\/franciscojavierbalmis\/wp-json\/wp\/v2\/comments?post=70"}],"version-history":[{"count":8,"href":"https:\/\/blogs.ua.es\/franciscojavierbalmis\/wp-json\/wp\/v2\/pages\/70\/revisions"}],"predecessor-version":[{"id":103,"href":"https:\/\/blogs.ua.es\/franciscojavierbalmis\/wp-json\/wp\/v2\/pages\/70\/revisions\/103"}],"wp:attachment":[{"href":"https:\/\/blogs.ua.es\/franciscojavierbalmis\/wp-json\/wp\/v2\/media?parent=70"}],"curies":[{"name":"wp","href":"https:\/\/api.w.org\/{rel}","templated":true}]}}