{"id":85,"date":"2013-01-10T10:24:12","date_gmt":"2013-01-10T09:24:12","guid":{"rendered":"https:\/\/blogs.ua.es\/franciscojavierbalmis\/?page_id=85"},"modified":"2013-01-24T20:35:23","modified_gmt":"2013-01-24T19:35:23","slug":"fuentes","status":"publish","type":"page","link":"https:\/\/blogs.ua.es\/franciscojavierbalmis\/fuentes\/","title":{"rendered":"Fuentes"},"content":{"rendered":"<p>A traves de\u00a0http:\/\/es.wikipedia.org\/wiki\/Francisco_Javier_Balmis\u00a0encontramos la pagina http:\/\/www.balmis.org\/ que nos ofrece una\u00a0amplia bibliograf\u00eda sobre nuestro personaje Francisco Javier Balmis, as\u00ed comenzamos la b\u00fasqueda de libros que hablan de \u00e9l como m\u00e9dico, su vacuna, y libros en los que aparece tambi\u00e9n su vida personal. Fundamentalmente las fuentes de nuestras entradas se basan en diferentes p\u00e1ginas como http:\/\/books.google.es\/ o\u00a0http:\/\/www.cervantesvirtual.com\/, en ellas encontramos muchos libros de\u00a0inter\u00e9s que publicar en nuestro blog, y as\u00ed poder hacer una cr\u00edtica de ellos. Pero para encontrar las referencias de estos libros hemos tenido que utilizar estos cat\u00e1logos:\u00a0http:\/\/gaudi.ua.es\/uhtbin\/cgisirsi\/0\/0\/0\/38\/0\/POWER_SEARCH ( catalogo de la ua) o\u00a0http:\/\/catalogo.bne.es\/uhtbin\/webcat (el catalogo de la biblioteca nacional de Espa\u00f1a). Consiguendo as\u00ed el resultado de nuestro blog.<\/p>\n","protected":false},"excerpt":{"rendered":"<p>A traves de\u00a0http:\/\/es.wikipedia.org\/wiki\/Francisco_Javier_Balmis\u00a0encontramos la pagina http:\/\/www.balmis.org\/ que nos ofrece una\u00a0amplia bibliograf\u00eda sobre nuestro personaje Francisco Javier Balmis, as\u00ed comenzamos la b\u00fasqueda de libros que hablan de \u00e9l como m\u00e9dico, su vacuna, y libros en los que aparece tambi\u00e9n su vida personal. Fundamentalmente las fuentes de nuestras entradas se basan en diferentes p\u00e1ginas como http:\/\/books.google.es\/ o\u00a0http:\/\/www.cervantesvirtual.com\/, [&hellip;]<\/p>\n","protected":false},"author":2831,"featured_media":0,"parent":0,"menu_order":0,"comment_status":"open","ping_status":"open","template":"","meta":{"footnotes":""},"class_list":["post-85","page","type-page","status-publish","hentry"],"_links":{"self":[{"href":"https:\/\/blogs.ua.es\/franciscojavierbalmis\/wp-json\/wp\/v2\/pages\/85","targetHints":{"allow":["GET"]}}],"collection":[{"href":"https:\/\/blogs.ua.es\/franciscojavierbalmis\/wp-json\/wp\/v2\/pages"}],"about":[{"href":"https:\/\/blogs.ua.es\/franciscojavierbalmis\/wp-json\/wp\/v2\/types\/page"}],"author":[{"embeddable":true,"href":"https:\/\/blogs.ua.es\/franciscojavierbalmis\/wp-json\/wp\/v2\/users\/2831"}],"replies":[{"embeddable":true,"href":"https:\/\/blogs.ua.es\/franciscojavierbalmis\/wp-json\/wp\/v2\/comments?post=85"}],"version-history":[{"count":3,"href":"https:\/\/blogs.ua.es\/franciscojavierbalmis\/wp-json\/wp\/v2\/pages\/85\/revisions"}],"predecessor-version":[{"id":124,"href":"https:\/\/blogs.ua.es\/franciscojavierbalmis\/wp-json\/wp\/v2\/pages\/85\/revisions\/124"}],"wp:attachment":[{"href":"https:\/\/blogs.ua.es\/franciscojavierbalmis\/wp-json\/wp\/v2\/media?parent=85"}],"curies":[{"name":"wp","href":"https:\/\/api.w.org\/{rel}","templated":true}]}}