{"id":88,"date":"2013-01-10T10:24:56","date_gmt":"2013-01-10T09:24:56","guid":{"rendered":"https:\/\/blogs.ua.es\/franciscojavierbalmis\/?page_id=88"},"modified":"2013-01-24T20:44:36","modified_gmt":"2013-01-24T19:44:36","slug":"bibliografia","status":"publish","type":"page","link":"https:\/\/blogs.ua.es\/franciscojavierbalmis\/bibliografia\/","title":{"rendered":"Bibliograf\u00eda"},"content":{"rendered":"<p><strong>FRANCISCO JAVIER BALMIS, (1753-1819)<\/strong><\/p>\n<p>&nbsp;<\/p>\n<p><img loading=\"lazy\" decoding=\"async\" class=\"alignleft size-full wp-image-127\" src=\"https:\/\/blogs.ua.es\/franciscojavierbalmis\/files\/2013\/01\/200px-Francisco_Javier_Balmis.jpg\" alt=\"\" width=\"200\" height=\"266\" \/><\/p>\n<p>Este hombre es sin duda uno de los personajes de los cuales la humanidad nos debemos enorgullecer, su vida dedicada a la medicina, pionero en el estudio de las aplicaciones de la vacuna, en particular de la viruela, considerada una de las enfermedades que m\u00e1s muertes ha causado a los hombres.<\/p>\n<p>Con su vacuna realiz\u00f3 una expedici\u00f3n filantr\u00f3pica, que le hace ser un h\u00e9roe\u00a0reconocido en la historia de la medicina, y por los pueblos hispano americanos como la acci\u00f3n mas importante realizada por Espa\u00f1a en la colonizaci\u00f3n de los pueblos descubiertos por Colon, circunnavego el planeta\u00a0difundiendo la vacuna no solo en Am\u00e9rica sino tambi\u00e9n en Filipinas, Goa, China, y Santa Elena.<\/p>\n<p>La mayor\u00eda historiadores est\u00e1n seguros que las vidas que se salvaron con esta expedici\u00f3n definieron la estructura demogr\u00e1fica actual de los pa\u00edses que fueron colonias Espa\u00f1olas.<\/p>\n<p>&nbsp;<\/p>\n<p>&nbsp;<\/p>\n<p>&nbsp;<\/p>\n","protected":false},"excerpt":{"rendered":"<p>FRANCISCO JAVIER BALMIS, (1753-1819) &nbsp; Este hombre es sin duda uno de los personajes de los cuales la humanidad nos debemos enorgullecer, su vida dedicada a la medicina, pionero en el estudio de las aplicaciones de la vacuna, en particular de la viruela, considerada una de las enfermedades que m\u00e1s muertes ha causado a los [&hellip;]<\/p>\n","protected":false},"author":2831,"featured_media":0,"parent":0,"menu_order":0,"comment_status":"open","ping_status":"open","template":"","meta":{"footnotes":""},"class_list":["post-88","page","type-page","status-publish","hentry"],"_links":{"self":[{"href":"https:\/\/blogs.ua.es\/franciscojavierbalmis\/wp-json\/wp\/v2\/pages\/88","targetHints":{"allow":["GET"]}}],"collection":[{"href":"https:\/\/blogs.ua.es\/franciscojavierbalmis\/wp-json\/wp\/v2\/pages"}],"about":[{"href":"https:\/\/blogs.ua.es\/franciscojavierbalmis\/wp-json\/wp\/v2\/types\/page"}],"author":[{"embeddable":true,"href":"https:\/\/blogs.ua.es\/franciscojavierbalmis\/wp-json\/wp\/v2\/users\/2831"}],"replies":[{"embeddable":true,"href":"https:\/\/blogs.ua.es\/franciscojavierbalmis\/wp-json\/wp\/v2\/comments?post=88"}],"version-history":[{"count":4,"href":"https:\/\/blogs.ua.es\/franciscojavierbalmis\/wp-json\/wp\/v2\/pages\/88\/revisions"}],"predecessor-version":[{"id":129,"href":"https:\/\/blogs.ua.es\/franciscojavierbalmis\/wp-json\/wp\/v2\/pages\/88\/revisions\/129"}],"wp:attachment":[{"href":"https:\/\/blogs.ua.es\/franciscojavierbalmis\/wp-json\/wp\/v2\/media?parent=88"}],"curies":[{"name":"wp","href":"https:\/\/api.w.org\/{rel}","templated":true}]}}