{"id":28,"date":"2013-01-08T10:17:17","date_gmt":"2013-01-08T10:17:17","guid":{"rendered":"https:\/\/blogs.ua.es\/franciscoribalta\/?page_id=28"},"modified":"2013-01-28T11:13:52","modified_gmt":"2013-01-28T11:13:52","slug":"explicacion-general-del-tema","status":"publish","type":"page","link":"https:\/\/blogs.ua.es\/franciscoribalta\/explicacion-general-del-tema\/","title":{"rendered":"Explicaci\u00f3n general del tema"},"content":{"rendered":"<p>El tema tratado en este blog es el del pintor valenciano, Francisco Ribalta.<\/p>\n<p><strong>Francisco Ribalta<\/strong>\u00a0naci\u00f3 en\u00a0Solsona\u00a0(L\u00e9rida) en 1565. Pas\u00f3 su ni\u00f1ez y su juventud en Barcelona, donde su padre trabajaba como sastre. Comenz\u00f3 sus estudios art\u00edsticos cuando se traslad\u00f3 a Madrid, en 1581, form\u00e1ndose en El Escorial dentro del \u00faltimo manierismo. Se relacion\u00f3 con los pintores italianos que hab\u00edan venido para trabajar en la decoraci\u00f3n del monasterio y en especial con Navarrete. All\u00ed realiz\u00f3 su primera obra conocida,\u00a0<em>Preparativos para la Crucifixi\u00f3n<\/em>\u00a0(1582), de clara impronta veneciana.<\/p>\n<p align=\"center\"><img loading=\"lazy\" decoding=\"async\" src=\"http:\/\/www.arteespana.com\/imagenes\/franciscoribalta.jpg\" alt=\"Cristo abrazado a San Bernardo, obra maestra de Francisco Ribalta\" width=\"350\" height=\"501\" border=\"1\" vspace=\"4\" \/><\/p>\n<p>Hacia 1590 se traslad\u00f3 a Madrid y se cree que tambi\u00e9n visit\u00f3 Italia. En Madrid, conoci\u00f3 a Lope de Vega, con quien mantuvo una estrecha amistad hasta el fin de sus d\u00edas. Seguramente, a trav\u00e9s de Lope de Vega se enter\u00f3 de que el arzobispo Ribera buscaba artistas para varios encargos, por lo que en 1599 fue a Valencia, donde se afinc\u00f3 hasta su muerte en 1628.<\/p>\n<p>La influencia del naturalismo de\u00a0Caravaggio, con el que probablemente entr\u00f3 en contacto durante su estancia en Italia y de\u00a0Jos\u00e9 de Ribera, le llev\u00f3 a evolucionar desde el lenguaje manierista de sus inicios hacia el\u00a0naturalismo tenebrista del Barroco. El cambio definitivo se produjo hacia 1620 y fue el primer espa\u00f1ol en destacarse por eltenebrismo\u00a0de su obra. Se caracteriz\u00f3 por un fuerte realismo y un gran inter\u00e9s en el uso de la luz y la sombra para subrayar los vol\u00famenes.<\/p>\n<p>Sus primeros encargos en Valencia fueron retratos y obras religiosas, como el\u00a0retablo de Santiago de Algemes\u00ed, donde se observan las influencias de El Escorial y de de Navarrete. Poco despu\u00e9s, realiz\u00f3 la\u00a0Santa Cena\u00a0para el retablo mayor de la\u00a0capilla del Colegio del Corpus Christi, por encargo del arzobispo Ribera. A partir de este momento, alcanz\u00f3 gran \u00e9xito, siendo considerado el pintor m\u00e1s importante de la\u00a0escuela valenciana\u00a0del siglo XVII. Entre sus trabajos m\u00e1s importantes de los \u00faltimos a\u00f1os destacan\u00a0San Francisco confortado por un \u00e1ngel m\u00edstico,\u00a0Cristo abrazado a San Bernardo\u00a0y su famosoSan Bruno, cuya imagen monumental y austera anuncia el arte de Zurbar\u00e1n.<\/p>\n","protected":false},"excerpt":{"rendered":"<p>El tema tratado en este blog es el del pintor valenciano, Francisco Ribalta. Francisco Ribalta\u00a0naci\u00f3 en\u00a0Solsona\u00a0(L\u00e9rida) en 1565. Pas\u00f3 su ni\u00f1ez y su juventud en Barcelona, donde su padre trabajaba como sastre. Comenz\u00f3 sus estudios art\u00edsticos cuando se traslad\u00f3 a &hellip; <a href=\"https:\/\/blogs.ua.es\/franciscoribalta\/explicacion-general-del-tema\/\">Continue reading <span class=\"meta-nav\">&rarr;<\/span><\/a><\/p>\n","protected":false},"author":2870,"featured_media":0,"parent":0,"menu_order":1,"comment_status":"open","ping_status":"closed","template":"","meta":{"footnotes":""},"class_list":["post-28","page","type-page","status-publish","hentry"],"_links":{"self":[{"href":"https:\/\/blogs.ua.es\/franciscoribalta\/wp-json\/wp\/v2\/pages\/28","targetHints":{"allow":["GET"]}}],"collection":[{"href":"https:\/\/blogs.ua.es\/franciscoribalta\/wp-json\/wp\/v2\/pages"}],"about":[{"href":"https:\/\/blogs.ua.es\/franciscoribalta\/wp-json\/wp\/v2\/types\/page"}],"author":[{"embeddable":true,"href":"https:\/\/blogs.ua.es\/franciscoribalta\/wp-json\/wp\/v2\/users\/2870"}],"replies":[{"embeddable":true,"href":"https:\/\/blogs.ua.es\/franciscoribalta\/wp-json\/wp\/v2\/comments?post=28"}],"version-history":[{"count":7,"href":"https:\/\/blogs.ua.es\/franciscoribalta\/wp-json\/wp\/v2\/pages\/28\/revisions"}],"predecessor-version":[{"id":114,"href":"https:\/\/blogs.ua.es\/franciscoribalta\/wp-json\/wp\/v2\/pages\/28\/revisions\/114"}],"wp:attachment":[{"href":"https:\/\/blogs.ua.es\/franciscoribalta\/wp-json\/wp\/v2\/media?parent=28"}],"curies":[{"name":"wp","href":"https:\/\/api.w.org\/{rel}","templated":true}]}}