{"id":34,"date":"2013-01-08T10:18:32","date_gmt":"2013-01-08T10:18:32","guid":{"rendered":"https:\/\/blogs.ua.es\/franciscoribalta\/?page_id=34"},"modified":"2013-01-27T13:42:03","modified_gmt":"2013-01-27T13:42:03","slug":"valoracion-general","status":"publish","type":"page","link":"https:\/\/blogs.ua.es\/franciscoribalta\/valoracion-general\/","title":{"rendered":"Valoraci\u00f3n general"},"content":{"rendered":"<p>La creaci\u00f3n de este blog result\u00f3 ser un trabajo que dio muchos frutos, ya que, aprendimos a \u00a0 buscar recursos para futuras investigaciones y aprendimos tambi\u00e9n sobre el tema tratado en el blog.<\/p>\n<p>La experiencia mas importante que nos dej\u00f3 este trabajo fue ir a consultar informaci\u00f3n a la biblioteca de la Universidad de Alicante, a la que no hab\u00edamos ido con esta finalidad.<\/p>\n<p>Sobre el tema tratado fue dif\u00edcil por momentos encontrar informaci\u00f3n, ya que, todo lo que encontramos fue de car\u00e1cter muy general y nos hubiera gustado encontrar cosas mas espec\u00edficas. Pero al final acabamos encontrando varias cosas sobre el tema por lo que esto no fue un problema mayor.<\/p>\n<p>En conclusi\u00f3n la creaci\u00f3n de este blog fue algo muy enriquecedor, porque no sirve para adaptarnos a las nuevas formas de difusi\u00f3n de informaci\u00f3n y porque nos sirve para futuras tareas de investigaci\u00f3n.<\/p>\n<p>&nbsp;<\/p>\n","protected":false},"excerpt":{"rendered":"<p>La creaci\u00f3n de este blog result\u00f3 ser un trabajo que dio muchos frutos, ya que, aprendimos a \u00a0 buscar recursos para futuras investigaciones y aprendimos tambi\u00e9n sobre el tema tratado en el blog. La experiencia mas importante que nos dej\u00f3 &hellip; <a href=\"https:\/\/blogs.ua.es\/franciscoribalta\/valoracion-general\/\">Continue reading <span class=\"meta-nav\">&rarr;<\/span><\/a><\/p>\n","protected":false},"author":2870,"featured_media":0,"parent":0,"menu_order":4,"comment_status":"open","ping_status":"closed","template":"","meta":{"footnotes":""},"class_list":["post-34","page","type-page","status-publish","hentry"],"_links":{"self":[{"href":"https:\/\/blogs.ua.es\/franciscoribalta\/wp-json\/wp\/v2\/pages\/34","targetHints":{"allow":["GET"]}}],"collection":[{"href":"https:\/\/blogs.ua.es\/franciscoribalta\/wp-json\/wp\/v2\/pages"}],"about":[{"href":"https:\/\/blogs.ua.es\/franciscoribalta\/wp-json\/wp\/v2\/types\/page"}],"author":[{"embeddable":true,"href":"https:\/\/blogs.ua.es\/franciscoribalta\/wp-json\/wp\/v2\/users\/2870"}],"replies":[{"embeddable":true,"href":"https:\/\/blogs.ua.es\/franciscoribalta\/wp-json\/wp\/v2\/comments?post=34"}],"version-history":[{"count":5,"href":"https:\/\/blogs.ua.es\/franciscoribalta\/wp-json\/wp\/v2\/pages\/34\/revisions"}],"predecessor-version":[{"id":118,"href":"https:\/\/blogs.ua.es\/franciscoribalta\/wp-json\/wp\/v2\/pages\/34\/revisions\/118"}],"wp:attachment":[{"href":"https:\/\/blogs.ua.es\/franciscoribalta\/wp-json\/wp\/v2\/media?parent=34"}],"curies":[{"name":"wp","href":"https:\/\/api.w.org\/{rel}","templated":true}]}}