{"id":121,"date":"2012-07-06T12:20:33","date_gmt":"2012-07-06T12:20:33","guid":{"rendered":"https:\/\/blogs.ua.es\/franciscosevillano\/?page_id=121"},"modified":"2019-11-17T22:51:54","modified_gmt":"2019-11-17T22:51:54","slug":"principales-publicaciones","status":"publish","type":"page","link":"https:\/\/blogs.ua.es\/franciscosevillano\/principales-publicaciones\/","title":{"rendered":"principales publicaciones"},"content":{"rendered":"<p>Sevillano Calero, Francisco,\u00a0<em>La Guerra Civil en Albacete: rebeli\u00f3n militar y justicia popular\u00a0(1936-1939)<\/em>, Alicante, Instituto de Cultura Juan Gil-Albert, 1995.<\/p>\n<p>Sevillano Calero, Francisco,<em> Propaganda y medios de comunicaci\u00f3n en el franquismo (1936-1951)<\/em>, Alicante, Publicaciones de la Universidad de Alicante, 1998.<\/p>\n<p>Sevillano Calero, Francisco, <em>Ecos de papel. La opini\u00f3n de los espa\u00f1oles en la \u00e9poca de Franco<\/em>, Madrid, Biblioteca Nueva, 2000.<\/p>\n<p>Sevillano Calero, Francisco, <em>Exterminio. El terror con Franco<\/em>, Madrid, Oberon, 2004.<\/p>\n<p>Sevillano Calero, Francisco, <em>Rojos. La imagen del enemigo en la Guerra Civil espa\u00f1ola<\/em>, Madrid, Alianza Editorial, 2007.<\/p>\n<p>Sevillano Calero, Francisco, <em>Franco, &#8220;Caudillo&#8221; por la gracia de Dios<\/em>, Madrid, Alianza Editorial, 2010.<\/p>\n<p>N\u00fa\u00f1ez Seixas, Xos\u00e9-Manoel y Sevillano, Francisco (eds.), <em>Los enemigos de Espa\u00f1a. Imagen del otro, conflictos b\u00e9licos y disputas nacionales (siglo XVI-XX)<\/em>, Madrid, CEPC, 2010<em>.<\/em><\/p>\n<p><a href=\"https:\/\/books.google.es\/books?id=aMLUoxOZMZgC&amp;pg=PA93&amp;lpg=PA93&amp;dq=francisco+sevillano+calero+pdf&amp;source=bl&amp;ots=z__LM_8uH0&amp;sig=ygcZgA4_rLrlBRjfUB81K4w8FXw&amp;hl=es&amp;sa=X&amp;ved=0ahUKEwjb4_Pa-8XOAhXG6xoKHQCwADs4FBDoAQgiMAE#v=onepage&amp;q=francisco%20sevillano%20calero%20pdf&amp;f=false\">Langlois, Charles-Victor y Seignobos, Charles, <em>Introducci\u00f3n a los estudios hist\u00f3ricos<\/em>, edici\u00f3n y presentaci\u00f3n de Francisco Sevillano, Alicante, Publicaciones de la Universidad de Alicante, 2004.<\/a><\/p>\n<p>Valla, Lorenzo, <em>Refutaci\u00f3n de la donaci\u00f3n de Constantino<\/em>, edici\u00f3n de Antoni Biosca y Francisco Sevillano, Madrid, Akal, 2011.<\/p>\n<p><a href=\"https:\/\/books.google.es\/books?id=uDNgBuUSZ-AC&amp;lpg=PP1&amp;hl=es&amp;pg=PP1#v=onepage&amp;q&amp;f=false\"><em>Diarios de viaje de Fernando VII<\/em> <em>(1823 y 1827-1828)<\/em>, edici\u00f3n de Francisco Sevillano y Emilio Soler Pascual, Alicante, Publicaciones de la Universidad de Alicante, 2013.<\/a><\/p>\n<p><a href=\"https:\/\/books.google.es\/books?id=m1xODwAAQBAJ&amp;printsec=frontcover&amp;hl=es&amp;source=gbs_ge_summary_r&amp;cad=0#v=onepage&amp;q&amp;f=false\">Sevillano Calero, Francisco (ed.), <em>La pol\u00e9mica sobre el m\u00e9todo hist\u00f3rico (1900-1908). Textos escogidos<\/em>, Alicante, Publicaciones de la Universidad de Alicante, 2017.<\/a><\/p>\n<p>Sevillano Calero, Francisco, <em>La cultura de guerra del \u00abnuevo Estado\u00bb franquista.<\/em>\u00a0<em>Enemigos, h\u00e9roes y ca\u00eddos de Espa\u00f1a<\/em>, Madrid, Biblioteca Nueva, 2017.<\/p>\n","protected":false},"excerpt":{"rendered":"<p>Sevillano Calero, Francisco,\u00a0La Guerra Civil en Albacete: rebeli\u00f3n militar y justicia popular\u00a0(1936-1939), Alicante, Instituto de Cultura Juan Gil-Albert, 1995. Sevillano Calero, Francisco, Propaganda y medios de comunicaci\u00f3n en el franquismo (1936-1951), Alicante, Publicaciones de la Universidad de Alicante, 1998. Sevillano &hellip; <a href=\"https:\/\/blogs.ua.es\/franciscosevillano\/principales-publicaciones\/\">Continue reading <span class=\"meta-nav\">&rarr;<\/span><\/a><\/p>\n","protected":false},"author":2700,"featured_media":0,"parent":0,"menu_order":0,"comment_status":"open","ping_status":"open","template":"","meta":{"footnotes":""},"class_list":["post-121","page","type-page","status-publish","hentry"],"_links":{"self":[{"href":"https:\/\/blogs.ua.es\/franciscosevillano\/wp-json\/wp\/v2\/pages\/121","targetHints":{"allow":["GET"]}}],"collection":[{"href":"https:\/\/blogs.ua.es\/franciscosevillano\/wp-json\/wp\/v2\/pages"}],"about":[{"href":"https:\/\/blogs.ua.es\/franciscosevillano\/wp-json\/wp\/v2\/types\/page"}],"author":[{"embeddable":true,"href":"https:\/\/blogs.ua.es\/franciscosevillano\/wp-json\/wp\/v2\/users\/2700"}],"replies":[{"embeddable":true,"href":"https:\/\/blogs.ua.es\/franciscosevillano\/wp-json\/wp\/v2\/comments?post=121"}],"version-history":[{"count":11,"href":"https:\/\/blogs.ua.es\/franciscosevillano\/wp-json\/wp\/v2\/pages\/121\/revisions"}],"predecessor-version":[{"id":168,"href":"https:\/\/blogs.ua.es\/franciscosevillano\/wp-json\/wp\/v2\/pages\/121\/revisions\/168"}],"wp:attachment":[{"href":"https:\/\/blogs.ua.es\/franciscosevillano\/wp-json\/wp\/v2\/media?parent=121"}],"curies":[{"name":"wp","href":"https:\/\/api.w.org\/{rel}","templated":true}]}}