{"id":146,"date":"2009-12-06T21:05:47","date_gmt":"2009-12-06T20:05:47","guid":{"rendered":"https:\/\/blogs.ua.es\/friedrichludwiggottlobfrege\/?page_id=146"},"modified":"2009-12-06T21:20:12","modified_gmt":"2009-12-06T20:20:12","slug":"aprende-logica","status":"publish","type":"page","link":"https:\/\/blogs.ua.es\/friedrichludwiggottlobfrege\/aprende-logica\/","title":{"rendered":"Aprende L\u00f3gica"},"content":{"rendered":"<p><img loading=\"lazy\" decoding=\"async\" class=\"alignnone size-full wp-image-97\" src=\"https:\/\/blogs.ua.es\/friedrichludwiggottlobfrege\/files\/2009\/12\/barrasup06f.jpg\" alt=\"barrasup06f\" width=\"117\" height=\"111\" \/><\/p>\n<p><a href=\"http:\/\/www.isftic.mepsyd.es\/w3\/eos\/MaterialesEducativos\/mem2003\/logica\/\" target=\"_blank\">Aprende l\u00f3gica<\/a> de Francisco Jos\u00e9 Calzado Fern\u00e1ndez. Materiales multimedia premiados en el concurso de la edici\u00f3n 2003 convocado por el Ministerio de Educaci\u00f3n y Ciencia a trav\u00e9s del <a href=\"http:\/\/www.isftic.mepsyd.es\/\" target=\"_blank\">Centro Nacional de Investigaci\u00f3n y Comunicaci\u00f3n Educativa<\/a>.<\/p>\n","protected":false},"excerpt":{"rendered":"<p>Aprende l\u00f3gica de Francisco Jos\u00e9 Calzado Fern\u00e1ndez. Materiales multimedia premiados en el concurso de la edici\u00f3n 2003 convocado por el Ministerio de Educaci\u00f3n y Ciencia a trav\u00e9s del Centro Nacional de Investigaci\u00f3n y Comunicaci\u00f3n Educativa.<\/p>\n","protected":false},"author":1543,"featured_media":0,"parent":0,"menu_order":0,"comment_status":"open","ping_status":"open","template":"","meta":{"footnotes":""},"class_list":["post-146","page","type-page","status-publish","hentry"],"_links":{"self":[{"href":"https:\/\/blogs.ua.es\/friedrichludwiggottlobfrege\/wp-json\/wp\/v2\/pages\/146","targetHints":{"allow":["GET"]}}],"collection":[{"href":"https:\/\/blogs.ua.es\/friedrichludwiggottlobfrege\/wp-json\/wp\/v2\/pages"}],"about":[{"href":"https:\/\/blogs.ua.es\/friedrichludwiggottlobfrege\/wp-json\/wp\/v2\/types\/page"}],"author":[{"embeddable":true,"href":"https:\/\/blogs.ua.es\/friedrichludwiggottlobfrege\/wp-json\/wp\/v2\/users\/1543"}],"replies":[{"embeddable":true,"href":"https:\/\/blogs.ua.es\/friedrichludwiggottlobfrege\/wp-json\/wp\/v2\/comments?post=146"}],"version-history":[{"count":6,"href":"https:\/\/blogs.ua.es\/friedrichludwiggottlobfrege\/wp-json\/wp\/v2\/pages\/146\/revisions"}],"predecessor-version":[{"id":155,"href":"https:\/\/blogs.ua.es\/friedrichludwiggottlobfrege\/wp-json\/wp\/v2\/pages\/146\/revisions\/155"}],"wp:attachment":[{"href":"https:\/\/blogs.ua.es\/friedrichludwiggottlobfrege\/wp-json\/wp\/v2\/media?parent=146"}],"curies":[{"name":"wp","href":"https:\/\/api.w.org\/{rel}","templated":true}]}}