{"id":150,"date":"2009-12-06T21:15:01","date_gmt":"2009-12-06T20:15:01","guid":{"rendered":"https:\/\/blogs.ua.es\/friedrichludwiggottlobfrege\/?page_id=150"},"modified":"2009-12-07T00:48:14","modified_gmt":"2009-12-06T23:48:14","slug":"el-lenguaje-prolog-o-prolog","status":"publish","type":"page","link":"https:\/\/blogs.ua.es\/friedrichludwiggottlobfrege\/el-lenguaje-prolog-o-prolog\/","title":{"rendered":"El lenguaje Prolog (o PROLOG)"},"content":{"rendered":"<p><img loading=\"lazy\" decoding=\"async\" class=\"alignnone size-full wp-image-164\" src=\"https:\/\/blogs.ua.es\/friedrichludwiggottlobfrege\/files\/2009\/12\/images1.jpg\" alt=\"images\" width=\"104\" height=\"78\" \/><\/p>\n<p>El <strong>Prolog<\/strong> (o <strong>PROLOG<\/strong>), proveniente del <a title=\"Idioma franc\u00e9s\" href=\"http:\/\/es.wikipedia.org\/wiki\/Idioma_franc%C3%A9s\">franc\u00e9s<\/a>: <em><strong>PRO<\/strong>grammation en <strong>LOG<\/strong>ique<\/em>,<sup><a href=\"http:\/\/es.wikipedia.org\/wiki\/Prolog#cite_note-0\"><span>[<\/span>1<span>]<\/span><\/a><\/sup> es un <a title=\"Lenguaje de programaci\u00f3n\" href=\"http:\/\/es.wikipedia.org\/wiki\/Lenguaje_de_programaci%C3%B3n\">lenguaje de programaci\u00f3n<\/a> l\u00f3gico e interpretado, suficientemente conocido en el medio de investigaci\u00f3n en <a title=\"Inteligencia Artificial\" href=\"http:\/\/es.wikipedia.org\/wiki\/Inteligencia_Artificial\">Inteligencia Artificial<\/a>.<\/p>\n","protected":false},"excerpt":{"rendered":"<p>El Prolog (o PROLOG), proveniente del franc\u00e9s: PROgrammation en LOGique,[1] es un lenguaje de programaci\u00f3n l\u00f3gico e interpretado, suficientemente conocido en el medio de investigaci\u00f3n en Inteligencia Artificial.<\/p>\n","protected":false},"author":1543,"featured_media":0,"parent":0,"menu_order":0,"comment_status":"open","ping_status":"open","template":"","meta":{"footnotes":""},"class_list":["post-150","page","type-page","status-publish","hentry"],"_links":{"self":[{"href":"https:\/\/blogs.ua.es\/friedrichludwiggottlobfrege\/wp-json\/wp\/v2\/pages\/150","targetHints":{"allow":["GET"]}}],"collection":[{"href":"https:\/\/blogs.ua.es\/friedrichludwiggottlobfrege\/wp-json\/wp\/v2\/pages"}],"about":[{"href":"https:\/\/blogs.ua.es\/friedrichludwiggottlobfrege\/wp-json\/wp\/v2\/types\/page"}],"author":[{"embeddable":true,"href":"https:\/\/blogs.ua.es\/friedrichludwiggottlobfrege\/wp-json\/wp\/v2\/users\/1543"}],"replies":[{"embeddable":true,"href":"https:\/\/blogs.ua.es\/friedrichludwiggottlobfrege\/wp-json\/wp\/v2\/comments?post=150"}],"version-history":[{"count":4,"href":"https:\/\/blogs.ua.es\/friedrichludwiggottlobfrege\/wp-json\/wp\/v2\/pages\/150\/revisions"}],"predecessor-version":[{"id":181,"href":"https:\/\/blogs.ua.es\/friedrichludwiggottlobfrege\/wp-json\/wp\/v2\/pages\/150\/revisions\/181"}],"wp:attachment":[{"href":"https:\/\/blogs.ua.es\/friedrichludwiggottlobfrege\/wp-json\/wp\/v2\/media?parent=150"}],"curies":[{"name":"wp","href":"https:\/\/api.w.org\/{rel}","templated":true}]}}