{"id":23,"date":"2009-12-05T18:06:39","date_gmt":"2009-12-05T17:06:39","guid":{"rendered":"https:\/\/blogs.ua.es\/friedrichludwiggottlobfrege\/?page_id=23"},"modified":"2009-12-06T23:44:29","modified_gmt":"2009-12-06T22:44:29","slug":"sobre-mi","status":"publish","type":"page","link":"https:\/\/blogs.ua.es\/friedrichludwiggottlobfrege\/sobre-mi\/","title":{"rendered":"Sobre m\u00ed"},"content":{"rendered":"<p><img loading=\"lazy\" decoding=\"async\" class=\"alignnone size-full wp-image-58\" src=\"https:\/\/blogs.ua.es\/friedrichludwiggottlobfrege\/files\/2009\/12\/Aitor_Garcia_138.sized.jpg\" alt=\"Aitor_Garcia_138.sized\" width=\"600\" height=\"527\" srcset=\"https:\/\/blogs.ua.es\/friedrichludwiggottlobfrege\/files\/2009\/12\/Aitor_Garcia_138.sized.jpg 600w, https:\/\/blogs.ua.es\/friedrichludwiggottlobfrege\/files\/2009\/12\/Aitor_Garcia_138.sized-300x263.jpg 300w\" sizes=\"auto, (max-width: 600px) 100vw, 600px\" \/><\/p>\n<p>Mi nombre es <strong>Francisco Garc\u00eda Lillo, <\/strong>soy natural de Villena (Alicante), estudiante de 1er curso de la Licenciatura en Matem\u00e1ticas en la UA y PDI en la citada Universidad.<\/p>\n<p>El de la fotograf\u00eda, evidentemente, no soy yo, aunque, la verdad, <strong>\u00a1este beb\u00e9 se parece bastante a m\u00ed! <\/strong>Es una fotograf\u00eda de uno de mis hijos, <strong>Aitor.<\/strong><\/p>\n<p><strong>No suelo publicar mis fotograf\u00edas en la web a no ser que, el de la instant\u00e1nea, se parezca bastante a m\u00ed, y es dif\u00edcil pues no soy nada fotog\u00e9nico.<\/strong><\/p>\n<p>\u00bfEres capaz de formalizar la anterior <strong>sentencia,<\/strong> es decir, de obtener la <strong>fbf,<\/strong> utilizando el lenguaje de la l\u00f3gica proposional?<\/p>\n<p><em> <\/em>\u00a1Adelante! Es muy sencillo.<em><br \/>\n<\/em><\/p>\n","protected":false},"excerpt":{"rendered":"<p>Mi nombre es Francisco Garc\u00eda Lillo, soy natural de Villena (Alicante), estudiante de 1er curso de la Licenciatura en Matem\u00e1ticas en la UA y PDI en la citada Universidad. El de la fotograf\u00eda, evidentemente, no soy yo, aunque, la verdad, \u00a1este beb\u00e9 se parece bastante a m\u00ed! Es una fotograf\u00eda de uno de mis hijos, [&hellip;]<\/p>\n","protected":false},"author":1543,"featured_media":0,"parent":0,"menu_order":0,"comment_status":"open","ping_status":"open","template":"","meta":{"footnotes":""},"class_list":["post-23","page","type-page","status-publish","hentry"],"_links":{"self":[{"href":"https:\/\/blogs.ua.es\/friedrichludwiggottlobfrege\/wp-json\/wp\/v2\/pages\/23","targetHints":{"allow":["GET"]}}],"collection":[{"href":"https:\/\/blogs.ua.es\/friedrichludwiggottlobfrege\/wp-json\/wp\/v2\/pages"}],"about":[{"href":"https:\/\/blogs.ua.es\/friedrichludwiggottlobfrege\/wp-json\/wp\/v2\/types\/page"}],"author":[{"embeddable":true,"href":"https:\/\/blogs.ua.es\/friedrichludwiggottlobfrege\/wp-json\/wp\/v2\/users\/1543"}],"replies":[{"embeddable":true,"href":"https:\/\/blogs.ua.es\/friedrichludwiggottlobfrege\/wp-json\/wp\/v2\/comments?post=23"}],"version-history":[{"count":14,"href":"https:\/\/blogs.ua.es\/friedrichludwiggottlobfrege\/wp-json\/wp\/v2\/pages\/23\/revisions"}],"predecessor-version":[{"id":171,"href":"https:\/\/blogs.ua.es\/friedrichludwiggottlobfrege\/wp-json\/wp\/v2\/pages\/23\/revisions\/171"}],"wp:attachment":[{"href":"https:\/\/blogs.ua.es\/friedrichludwiggottlobfrege\/wp-json\/wp\/v2\/media?parent=23"}],"curies":[{"name":"wp","href":"https:\/\/api.w.org\/{rel}","templated":true}]}}