{"id":157,"date":"2008-11-23T15:12:22","date_gmt":"2008-11-23T14:12:22","guid":{"rendered":"https:\/\/blogs.ua.es\/fsfua\/?page_id=157"},"modified":"2009-02-05T20:08:57","modified_gmt":"2009-02-05T19:08:57","slug":"comentarios","status":"publish","type":"page","link":"https:\/\/blogs.ua.es\/fsfua\/comentarios\/","title":{"rendered":"Comentarios"},"content":{"rendered":"<p style=\"text-align: center\">Viendo la acogida que el blog est\u00e1 teniendo (\u00a1gracias a tod@s!) y que la parte de fotos es la secci\u00f3n principal de escribir, hemos pensado que estar\u00eda bien crear una parte s\u00f3lo para ello, a modo de semi-tag o semi-foro.<\/p>\n<p style=\"text-align: center\">Este hueco es para que escribas todo lo que se te ocurra (manteniendo, siempre, el respeto).<\/p>\n<p style=\"text-align: center\">\n<h2 style=\"text-align: center\">ESTAD\u00cdSTICAS Y VISITAS<\/h2>\n<p style=\"text-align: center\">Aqu\u00ed os a\u00f1ado el link de enlace para que ve\u00e1is un poco las conexiones que hay, las visitas, de donde, por d\u00edas y por horas del d\u00eda =&gt;<\/p>\n<p style=\"text-align: center\"><a href=\"http:\/\/webstats.motigo.com\/s?id=4595644\" target=\"_blank\"><img loading=\"lazy\" decoding=\"async\" class=\"aligncenter size-medium wp-image-351\" src=\"https:\/\/blogs.ua.es\/fsfua\/files\/2009\/02\/mundo-300x300.jpg\" alt=\"\" width=\"180\" height=\"180\" \/><\/a><\/p>\n","protected":false},"excerpt":{"rendered":"<p>Viendo la acogida que el blog est\u00e1 teniendo (\u00a1gracias a tod@s!) y que la parte de fotos es la secci\u00f3n principal de escribir, hemos pensado que estar\u00eda bien crear una parte s\u00f3lo para ello, a modo de semi-tag o semi-foro. Este hueco es para que escribas todo lo que se te ocurra (manteniendo, siempre, el [&hellip;]<\/p>\n","protected":false},"author":1023,"featured_media":0,"parent":0,"menu_order":8,"comment_status":"open","ping_status":"open","template":"","meta":{"footnotes":""},"class_list":["post-157","page","type-page","status-publish","hentry"],"_links":{"self":[{"href":"https:\/\/blogs.ua.es\/fsfua\/wp-json\/wp\/v2\/pages\/157","targetHints":{"allow":["GET"]}}],"collection":[{"href":"https:\/\/blogs.ua.es\/fsfua\/wp-json\/wp\/v2\/pages"}],"about":[{"href":"https:\/\/blogs.ua.es\/fsfua\/wp-json\/wp\/v2\/types\/page"}],"author":[{"embeddable":true,"href":"https:\/\/blogs.ua.es\/fsfua\/wp-json\/wp\/v2\/users\/1023"}],"replies":[{"embeddable":true,"href":"https:\/\/blogs.ua.es\/fsfua\/wp-json\/wp\/v2\/comments?post=157"}],"version-history":[{"count":13,"href":"https:\/\/blogs.ua.es\/fsfua\/wp-json\/wp\/v2\/pages\/157\/revisions"}],"predecessor-version":[{"id":343,"href":"https:\/\/blogs.ua.es\/fsfua\/wp-json\/wp\/v2\/pages\/157\/revisions\/343"}],"wp:attachment":[{"href":"https:\/\/blogs.ua.es\/fsfua\/wp-json\/wp\/v2\/media?parent=157"}],"curies":[{"name":"wp","href":"https:\/\/api.w.org\/{rel}","templated":true}]}}