{"id":305,"date":"2009-02-05T17:51:34","date_gmt":"2009-02-05T16:51:34","guid":{"rendered":"https:\/\/blogs.ua.es\/fsfua\/?page_id=305"},"modified":"2009-02-05T18:01:44","modified_gmt":"2009-02-05T17:01:44","slug":"enlaces","status":"publish","type":"page","link":"https:\/\/blogs.ua.es\/fsfua\/enlaces\/","title":{"rendered":"Enlaces"},"content":{"rendered":"<p style=\"text-align: center\"><a href=\"https:\/\/blogs.ua.es\/fsfua\/files\/2009\/02\/enlacelink2.jpg\"><img loading=\"lazy\" decoding=\"async\" class=\"aligncenter size-medium wp-image-302\" src=\"https:\/\/blogs.ua.es\/fsfua\/files\/2009\/02\/enlacelink2.jpg\" alt=\"\" width=\"210\" height=\"210\" \/><\/a><\/p>\n<p style=\"text-align: center\">\n<p style=\"text-align: center\">(Por cuestiones de espacio, nos hemos visto obligados a reducir la buena imagen de esta p\u00e1gina de enlaces. Por delante pedir disculpas a los patrocinadores, as\u00ed como a aquellos equipos que nos han pedido una conexi\u00f3n, por no poder crear una mejor calidad de momento de sus links.<\/p>\n<p style=\"text-align: center\">Esperamos poder mejorar en breves.<\/p>\n<p style=\"text-align: center\">La administraci\u00f3n)<\/p>\n<p style=\"text-align: center\">\n<h2 style=\"text-align: center\"><span style=\"text-decoration: underline\">LINKS<\/span><\/h2>\n<ul>\n<li><span style=\"text-decoration: underline\"><strong>UNIVERSIDAD DE ALICANTE<\/strong><\/span><strong>: \u00a0 \u00a0 \u00a0 \u00a0 \u00a0 <a href=\"http:\/\/www.ua.es\/\" target=\"_blank\">http:\/\/www.ua.es\/<\/a><\/strong><\/li>\n<\/ul>\n<ul>\n<li><strong><span style=\"text-decoration: underline\">SUMA ASOCIADOS<\/span>:\u00a0\u00a0\u00a0\u00a0\u00a0\u00a0\u00a0\u00a0\u00a0\u00a0\u00a0\u00a0\u00a0 \u00a0 \u00a0 \u00a0 \u00a0\u00a0\u00a0\u00a0\u00a0 <a href=\"http:\/\/www.suma.es\/\" target=\"_blank\">http:\/\/www.suma.es\/<\/a><\/strong><\/li>\n<\/ul>\n<ul>\n<li><strong><span style=\"text-decoration: underline\">ASOCIACI\u00d3N NACIONAL DE <\/span><\/strong><span style=\"text-decoration: underline\"><strong>CLUBES DE FUTBOL SALA FEMENINO:<\/strong><\/span><\/li>\n<\/ul>\n<p><strong> <a href=\"http:\/\/www.acfsf.org\/\" target=\"_blank\">http:\/\/www.acfsf.org\/<\/a><\/strong><\/p>\n<ul>\n<li><span style=\"text-decoration: underline\"><strong>UNIVERSIDAD DE GRANADA<\/strong><\/span><strong>:\u00a0\u00a0\u00a0\u00a0\u00a0\u00a0\u00a0\u00a0\u00a0 <a href=\"http:\/\/www.futsalgranada.com\/\" target=\"_blank\">http:\/\/www.futsalgranada.com\/<\/a><\/strong><\/li>\n<\/ul>\n<ul>\n<li><span style=\"text-decoration: underline\"><strong>FUTSALFEMENINO:<\/strong><\/span><strong> <a href=\"http:\/\/futsalfemenino.es.tl\/\" target=\"_blank\">http:\/\/futsalfemenino.es.tl\/<\/a><\/strong><\/li>\n<\/ul>\n","protected":false},"excerpt":{"rendered":"<p>(Por cuestiones de espacio, nos hemos visto obligados a reducir la buena imagen de esta p\u00e1gina de enlaces. Por delante pedir disculpas a los patrocinadores, as\u00ed como a aquellos equipos que nos han pedido una conexi\u00f3n, por no poder crear una mejor calidad de momento de sus links. Esperamos poder mejorar en breves. La administraci\u00f3n) [&hellip;]<\/p>\n","protected":false},"author":1023,"featured_media":0,"parent":0,"menu_order":45,"comment_status":"open","ping_status":"open","template":"","meta":{"footnotes":""},"class_list":["post-305","page","type-page","status-publish","hentry"],"_links":{"self":[{"href":"https:\/\/blogs.ua.es\/fsfua\/wp-json\/wp\/v2\/pages\/305","targetHints":{"allow":["GET"]}}],"collection":[{"href":"https:\/\/blogs.ua.es\/fsfua\/wp-json\/wp\/v2\/pages"}],"about":[{"href":"https:\/\/blogs.ua.es\/fsfua\/wp-json\/wp\/v2\/types\/page"}],"author":[{"embeddable":true,"href":"https:\/\/blogs.ua.es\/fsfua\/wp-json\/wp\/v2\/users\/1023"}],"replies":[{"embeddable":true,"href":"https:\/\/blogs.ua.es\/fsfua\/wp-json\/wp\/v2\/comments?post=305"}],"version-history":[{"count":2,"href":"https:\/\/blogs.ua.es\/fsfua\/wp-json\/wp\/v2\/pages\/305\/revisions"}],"predecessor-version":[{"id":307,"href":"https:\/\/blogs.ua.es\/fsfua\/wp-json\/wp\/v2\/pages\/305\/revisions\/307"}],"wp:attachment":[{"href":"https:\/\/blogs.ua.es\/fsfua\/wp-json\/wp\/v2\/media?parent=305"}],"curies":[{"name":"wp","href":"https:\/\/api.w.org\/{rel}","templated":true}]}}