{"id":2,"date":"2011-03-11T12:21:20","date_gmt":"2011-03-11T12:21:20","guid":{"rendered":"https:\/\/blogs.ua.es\/fundamentoscomunicacion\/?page_id=2"},"modified":"2011-05-23T16:23:38","modified_gmt":"2011-05-23T16:23:38","slug":"acerca-de","status":"publish","type":"page","link":"https:\/\/blogs.ua.es\/fundamentoscomunicacion\/acerca-de\/","title":{"rendered":"Acerca de"},"content":{"rendered":"<p>Este es el blog de la materia Fundamentos de la Comunicaci\u00f3n (impartida por Marta Mart\u00f3n Llaguno, Cristina Gonz\u00e1lez y Vicente L\u00f3pez Deltell)- En este blog los alumnos y alumnas de esta asignatura expresan sus valoraciones sobre sucesos actuales que se pueden interpretar a la luz de la Teor\u00eda General de la Informaci\u00f3n. !Comentarios, ideas y reflexiones son bienvenidos\u00a1<\/p>\n","protected":false},"excerpt":{"rendered":"<p>Este es el blog de la materia Fundamentos de la Comunicaci\u00f3n (impartida por Marta Mart\u00f3n Llaguno, Cristina Gonz\u00e1lez y Vicente L\u00f3pez Deltell)- En este blog los alumnos y alumnas de esta asignatura expresan sus valoraciones sobre sucesos actuales que se &hellip; <a href=\"https:\/\/blogs.ua.es\/fundamentoscomunicacion\/acerca-de\/\">Continue reading <span class=\"meta-nav\">&rarr;<\/span><\/a><\/p>\n","protected":false},"author":2082,"featured_media":0,"parent":0,"menu_order":0,"comment_status":"open","ping_status":"open","template":"","meta":{"footnotes":""},"class_list":["post-2","page","type-page","status-publish","hentry"],"_links":{"self":[{"href":"https:\/\/blogs.ua.es\/fundamentoscomunicacion\/wp-json\/wp\/v2\/pages\/2","targetHints":{"allow":["GET"]}}],"collection":[{"href":"https:\/\/blogs.ua.es\/fundamentoscomunicacion\/wp-json\/wp\/v2\/pages"}],"about":[{"href":"https:\/\/blogs.ua.es\/fundamentoscomunicacion\/wp-json\/wp\/v2\/types\/page"}],"author":[{"embeddable":true,"href":"https:\/\/blogs.ua.es\/fundamentoscomunicacion\/wp-json\/wp\/v2\/users\/2082"}],"replies":[{"embeddable":true,"href":"https:\/\/blogs.ua.es\/fundamentoscomunicacion\/wp-json\/wp\/v2\/comments?post=2"}],"version-history":[{"count":2,"href":"https:\/\/blogs.ua.es\/fundamentoscomunicacion\/wp-json\/wp\/v2\/pages\/2\/revisions"}],"predecessor-version":[{"id":27,"href":"https:\/\/blogs.ua.es\/fundamentoscomunicacion\/wp-json\/wp\/v2\/pages\/2\/revisions\/27"}],"wp:attachment":[{"href":"https:\/\/blogs.ua.es\/fundamentoscomunicacion\/wp-json\/wp\/v2\/media?parent=2"}],"curies":[{"name":"wp","href":"https:\/\/api.w.org\/{rel}","templated":true}]}}