{"id":16,"date":"2011-03-02T13:31:01","date_gmt":"2011-03-02T13:31:01","guid":{"rendered":"https:\/\/blogs.ua.es\/galileo\/"},"modified":"2011-06-10T11:54:27","modified_gmt":"2011-06-10T11:54:27","slug":"inicio","status":"publish","type":"page","link":"https:\/\/blogs.ua.es\/galileo\/inicio\/","title":{"rendered":"Inici"},"content":{"rendered":"<p style=\"text-align: center\"><a href=\"https:\/\/blogs.ua.es\/galileo\/files\/2011\/03\/galileo.jpg\"><img loading=\"lazy\" decoding=\"async\" class=\"alignnone size-medium wp-image-179\" src=\"https:\/\/blogs.ua.es\/galileo\/files\/2011\/03\/galileo-235x300.jpg\" alt=\"\" width=\"235\" height=\"300\" srcset=\"https:\/\/blogs.ua.es\/galileo\/files\/2011\/03\/galileo-235x300.jpg 235w, https:\/\/blogs.ua.es\/galileo\/files\/2011\/03\/galileo.jpg 350w\" sizes=\"auto, (max-width: 235px) 100vw, 235px\" \/><\/a><\/p>\n<p style=\"text-align: center\">Galileo Galilei va ser un gran cient\u00edfic e inventor, que mereix una clara atenci\u00f3, per aix\u00f2 li he dedicat aquest blog. La finalitat \u00e9s que pugueu con\u00e8ixer d\u2019una manera f\u00e0cil, c\u00f2moda i r\u00e0pida tota la informaci\u00f3 que necessiteu o tingueu inter\u00e8s.<\/p>\n","protected":false},"excerpt":{"rendered":"<p>Galileo Galilei va ser un gran cient\u00edfic e inventor, que mereix una clara atenci\u00f3, per aix\u00f2 li he dedicat aquest blog. La finalitat \u00e9s que pugueu con\u00e8ixer d\u2019una manera f\u00e0cil, c\u00f2moda i r\u00e0pida tota la informaci\u00f3 que necessiteu o tingueu inter\u00e8s.<\/p>\n","protected":false},"author":2036,"featured_media":0,"parent":0,"menu_order":0,"comment_status":"open","ping_status":"open","template":"","meta":{"footnotes":""},"class_list":["post-16","page","type-page","status-publish","hentry"],"_links":{"self":[{"href":"https:\/\/blogs.ua.es\/galileo\/wp-json\/wp\/v2\/pages\/16","targetHints":{"allow":["GET"]}}],"collection":[{"href":"https:\/\/blogs.ua.es\/galileo\/wp-json\/wp\/v2\/pages"}],"about":[{"href":"https:\/\/blogs.ua.es\/galileo\/wp-json\/wp\/v2\/types\/page"}],"author":[{"embeddable":true,"href":"https:\/\/blogs.ua.es\/galileo\/wp-json\/wp\/v2\/users\/2036"}],"replies":[{"embeddable":true,"href":"https:\/\/blogs.ua.es\/galileo\/wp-json\/wp\/v2\/comments?post=16"}],"version-history":[{"count":7,"href":"https:\/\/blogs.ua.es\/galileo\/wp-json\/wp\/v2\/pages\/16\/revisions"}],"predecessor-version":[{"id":180,"href":"https:\/\/blogs.ua.es\/galileo\/wp-json\/wp\/v2\/pages\/16\/revisions\/180"}],"wp:attachment":[{"href":"https:\/\/blogs.ua.es\/galileo\/wp-json\/wp\/v2\/media?parent=16"}],"curies":[{"name":"wp","href":"https:\/\/api.w.org\/{rel}","templated":true}]}}