{"id":51,"date":"2011-05-09T16:11:42","date_gmt":"2011-05-09T16:11:42","guid":{"rendered":"https:\/\/blogs.ua.es\/galileo\/"},"modified":"2011-06-10T10:53:28","modified_gmt":"2011-06-10T10:53:28","slug":"bibliografia-2","status":"publish","type":"page","link":"https:\/\/blogs.ua.es\/galileo\/bibliografia-2\/","title":{"rendered":"bibliograf\u00eda"},"content":{"rendered":"<p><strong><em><span style=\"text-decoration: underline\"><a href=\"https:\/\/blogs.ua.es\/galileo\/files\/2011\/05\/galileo1.jpg\"><img loading=\"lazy\" decoding=\"async\" class=\"alignright size-full wp-image-127\" src=\"https:\/\/blogs.ua.es\/galileo\/files\/2011\/05\/galileo1.jpg\" alt=\"\" width=\"213\" height=\"235\" \/><\/a><\/span><\/em><\/strong><\/p>\n<p><strong><em><span style=\"text-decoration: underline\">Cronologia de les obres principals de Galileo<br \/>\n<\/span><\/em><\/strong><\/p>\n<ol>\n<li> La Billancetta (1586).<\/li>\n<li>De Motu (1590).<\/li>\n<li>Le Operazioni del Compasso Geometrico et Militare (1606).<\/li>\n<li>Le Meccaniche (1600).<\/li>\n<li>Sidereus Nuncius (<strong>El Missatger sideral<\/strong>), (1610).<\/li>\n<li>Carta a la Gran Duquesa Cristina (publicada en 1636, per\u00f2 escrita en 1615)<\/li>\n<li>Discorso del flusso e reflusso del mare, (1616).<\/li>\n<li>Discorso Delle Comete, (1619).<\/li>\n<li>Il Saggiatore, (1623).<\/li>\n<li>Dialogo sopra i due massimi sistemi del mondo tolemaico e copernicano: <strong>Di\u00e0leg sobre els principals sistemes del m\u00f3n. <\/strong>(1632)<\/li>\n<li>Discorsi e Dimostrazioni Matematiche, intorno a due nuove scienze attenenti alla meccanica &amp; i movimenti locali: <strong>Di\u00e0leg sobre dos noves ci\u00e8ncies. <\/strong>(1638).<\/li>\n<\/ol>\n<p><strong><em><span style=\"text-decoration: underline\"> <\/span><\/em><\/strong><\/p>\n<p><strong><em><span style=\"text-decoration: underline\">Obres en Espanyol de galileo<br \/>\n<\/span><\/em><\/strong><\/p>\n<ul>\n<li>Di\u00e0leg sobre els dos m\u00e0xims sistemes del mon ptolemaic y copernic\u00e0.<\/li>\n<li>Carta a Cristina de Lorena i altres textos sobre ci\u00e8ncia i religi\u00f3.<\/li>\n<li>Cartes del Senyor Galileo Galilei, acad\u00e8mic Liceu: escrits a  Benedetto Castilli i la Senyora Cristina de Lorena, gran duquessa de  Tosacana.<\/li>\n<li>Consideracions i demostracions matem\u00e0tiques sobre dos noves ci\u00e8ncies.<\/li>\n<li>Di\u00e0leg sobre sistemes m\u00e0xims: Jornada primera.<\/li>\n<li>El assaig.<\/li>\n<\/ul>\n<p><span style=\"text-decoration: underline\"><em><strong>Obres sobre Galileo<\/strong><\/em><\/span><\/p>\n<ul>\n<li><a title=\"Mariano Artigas\" href=\"http:\/\/es.wikipedia.org\/wiki\/Mariano_Artigas\">Mariano Artigas<\/a>, <a title=\"William R. Shea\" href=\"http:\/\/es.wikipedia.org\/wiki\/William_R._Shea\">William R. Shea<\/a> (2009). <a href=\"http:\/\/books.google.es\/books?id=YNRMzFq5n-AC\"><em>El caso Galileo. Mito y realidad<\/em><\/a>.      Encuentro. <a title=\"ISBN\" href=\"http:\/\/es.wikipedia.org\/wiki\/ISBN\">ISBN<\/a> <a title=\"Especial:FuentesDeLibros\/9788474909883\" href=\"http:\/\/es.wikipedia.org\/wiki\/Especial:FuentesDeLibros\/9788474909883\">9788474909883<\/a>.<\/li>\n<li><a title=\"Antonio Beltr\u00e1n Mar\u00ed (la p\u00e1gina no existe)\" href=\"http:\/\/es.wikipedia.org\/w\/index.php?title=Antonio_Beltr%C3%A1n_Mar%C3%AD&amp;action=edit&amp;redlink=1\">Beltr\u00e1n Mar\u00ed, Antonio<\/a> (2006). <em>Talento y poder<\/em>.      Laetoli. <a title=\"ISBN\" href=\"http:\/\/es.wikipedia.org\/wiki\/ISBN\">ISBN<\/a> <a title=\"Especial:FuentesDeLibros\/8493486256\" href=\"http:\/\/es.wikipedia.org\/wiki\/Especial:FuentesDeLibros\/8493486256\">8493486256<\/a>.<\/li>\n<li><a title=\"Yves Cheraqui (la p\u00e1gina no existe)\" href=\"http:\/\/es.wikipedia.org\/w\/index.php?title=Yves_Cheraqui&amp;action=edit&amp;redlink=1\">Cheraqui,      Yves<\/a>: <em>Yo, Galileo, matem\u00e1tico y fil\u00f3sofo florentino que,      frente a todos, tuvo la osad\u00eda de encararse con la verdad del firmamento<\/em> (Jean-Michel Payet, il.; Luis Santos Guti\u00e9rrez, trad.). Madrid: Anaya,      1990. <a href=\"http:\/\/es.wikipedia.org\/wiki\/Especial:FuentesDeLibros\/8420738239\">ISBN 84-207-3823-9<\/a><\/li>\n<li><a title=\"Maurice A. Finocchiaro (la p\u00e1gina no existe)\" href=\"http:\/\/es.wikipedia.org\/w\/index.php?title=Maurice_A._Finocchiaro&amp;action=edit&amp;redlink=1\">Finocchiaro, Maurice A.<\/a> (1989). <a href=\"http:\/\/books.google.es\/books?id=wKCZFJuMCaQC\"><em>The Galileo affair: a      documentary history<\/em><\/a>. University      of California Press. <a title=\"ISBN\" href=\"http:\/\/es.wikipedia.org\/wiki\/ISBN\">ISBN<\/a> <a title=\"Especial:FuentesDeLibros\/9780520066625\" href=\"http:\/\/es.wikipedia.org\/wiki\/Especial:FuentesDeLibros\/9780520066625\">9780520066625<\/a>.<\/li>\n<li>Finocchiaro, Maurice A.      (2008). <a href=\"http:\/\/books.google.es\/books?id=9D2Tf8k06N0C\"><em>The Essential      Galileo<\/em><\/a>. Hackett      Publishing. <a title=\"ISBN\" href=\"http:\/\/es.wikipedia.org\/wiki\/ISBN\">ISBN<\/a> <a title=\"Especial:FuentesDeLibros\/9780872209374\" href=\"http:\/\/es.wikipedia.org\/wiki\/Especial:FuentesDeLibros\/9780872209374\">9780872209374<\/a>.<\/li>\n<li><a title=\"Ludovico Geymonat\" href=\"http:\/\/es.wikipedia.org\/wiki\/Ludovico_Geymonat\">Geymonat, Ludovico<\/a>.      <em>Galileo Galilei<\/em> (Joan Ram\u00f3n Capella, trad.). Barcelona: Pen\u00ednsula,      1986. <a href=\"http:\/\/es.wikipedia.org\/wiki\/Especial:FuentesDeLibros\/8429724036\">ISBN 84-297-2403-6<\/a>.<\/li>\n<li>Miguel Rodr\u00edguez, Jos\u00e9 Luis de: <em>En defensa de Galileo. Lecci\u00f3n      inaugural del curso 1988-1989 de la Universidad de Valladolid<\/em> (14      p\u00e1ginas). Valladolid, 1988.<\/li>\n<li>Montesinos Sirera, Jos\u00e9; Sol\u00eds, Carlos (2001). <a href=\"http:\/\/www.gobiernodecanarias.org\/educacion\/3\/Usrn\/fundoro\/web_fcohc\/005_publicaciones\/actas_congresos\/largo_campo.htm\"><em>Largo Campo di Filosofare. Eurosymposium Galileo 2001<\/em><\/a>.      Fundaci\u00f3n Canaria Orotava de Historia de la Ciencia. <a title=\"ISBN\" href=\"http:\/\/es.wikipedia.org\/wiki\/ISBN\">ISBN<\/a> <a title=\"Especial:FuentesDeLibros\/978-84-607-3613-4\" href=\"http:\/\/es.wikipedia.org\/wiki\/Especial:FuentesDeLibros\/978-84-607-3613-4\">978-84-607-3613-4<\/a>.<\/li>\n<li>Montesinos Sirera, Jos\u00e9; Toledo Prats, Sergio (2001). <a href=\"http:\/\/www.gobiernodecanarias.org\/educacion\/3\/Usrn\/fundoro\/web_fcohc\/005_publicaciones\/seminario\/galileo.htm\"><em>Galileo y la gestaci\u00f3n de la ciencia moderna<\/em><\/a>.      Fundaci\u00f3n Canaria Orotava de Historia de la Ciencia. <a title=\"ISBN\" href=\"http:\/\/es.wikipedia.org\/wiki\/ISBN\">ISBN<\/a> <a title=\"Especial:FuentesDeLibros\/84-699-3242-X\" href=\"http:\/\/es.wikipedia.org\/wiki\/Especial:FuentesDeLibros\/84-699-3242-X\">84-699-3242-X<\/a>.<\/li>\n<li><a title=\"Jos\u00e9 Ortega y Gasset\" href=\"http:\/\/es.wikipedia.org\/wiki\/Jos%C3%A9_Ortega_y_Gasset\">Ortega y Gasset,      Jos\u00e9<\/a>: <em>En torno a Galileo<\/em> (conferencias de 1933) en <em>Obras      completas<\/em>, volumen V, 1951<\/li>\n<li><a title=\"Pietro Redondi (la p\u00e1gina no existe)\" href=\"http:\/\/es.wikipedia.org\/w\/index.php?title=Pietro_Redondi&amp;action=edit&amp;redlink=1\">Redondi,      Pietro<\/a>: <em>Galileo her\u00e9tico<\/em>. Madrid: Alianza, 1990. <a href=\"http:\/\/es.wikipedia.org\/wiki\/Especial:FuentesDeLibros\/8420626406\">ISBN 84-206-2640-6<\/a><\/li>\n<li><a title=\"James Reston (la p\u00e1gina no existe)\" href=\"http:\/\/es.wikipedia.org\/w\/index.php?title=James_Reston&amp;action=edit&amp;redlink=1\">Reston,      James<\/a>: <em>Galileo<\/em>. Barcelona: Ediciones B, 1996, <a href=\"http:\/\/es.wikipedia.org\/wiki\/Especial:FuentesDeLibros\/8440666977\">ISBN 84-406-6697-7<\/a><\/li>\n<li>Sharratt, Michael: <em>Galileo: el desaf\u00edo de la verdad<\/em>. Madrid:      Temas de Hoy, 1996. <a href=\"http:\/\/es.wikipedia.org\/wiki\/Especial:FuentesDeLibros\/8478806784\">ISBN 84-7880-678-4<\/a><\/li>\n<li>Shea, William R.: <a href=\"http:\/\/books.google.es\/books?id=XsDUaOpDgaQC\"><em>Galileo en Roma: cr\u00f3nica de 500 d\u00edas<\/em><\/a>.      Madrid: Encuentro, 2003. <a href=\"http:\/\/es.wikipedia.org\/wiki\/Especial:FuentesDeLibros\/8474906768\">ISBN 84-7490-676-8<\/a><\/li>\n<li>Shea, William R. (1983). <em>La revoluci\u00f3n intelectual de Galileo<\/em>.      Editorial Ariel. <a href=\"http:\/\/es.wikipedia.org\/wiki\/Especial:FuentesDeLibros\/9788434480094\">ISBN 978-84-344-8009-4<\/a>.<\/li>\n<\/ul>\n","protected":false},"excerpt":{"rendered":"<p>Cronologia de les obres principals de Galileo La Billancetta (1586). De Motu (1590). Le Operazioni del Compasso Geometrico et Militare (1606). Le Meccaniche (1600). Sidereus Nuncius (El Missatger sideral), (1610). Carta a la Gran Duquesa Cristina (publicada en 1636, per\u00f2 escrita en 1615) Discorso del flusso e reflusso del mare, (1616). Discorso Delle Comete, (1619). [&hellip;]<\/p>\n","protected":false},"author":2036,"featured_media":0,"parent":0,"menu_order":0,"comment_status":"open","ping_status":"open","template":"","meta":{"footnotes":""},"class_list":["post-51","page","type-page","status-publish","hentry"],"_links":{"self":[{"href":"https:\/\/blogs.ua.es\/galileo\/wp-json\/wp\/v2\/pages\/51","targetHints":{"allow":["GET"]}}],"collection":[{"href":"https:\/\/blogs.ua.es\/galileo\/wp-json\/wp\/v2\/pages"}],"about":[{"href":"https:\/\/blogs.ua.es\/galileo\/wp-json\/wp\/v2\/types\/page"}],"author":[{"embeddable":true,"href":"https:\/\/blogs.ua.es\/galileo\/wp-json\/wp\/v2\/users\/2036"}],"replies":[{"embeddable":true,"href":"https:\/\/blogs.ua.es\/galileo\/wp-json\/wp\/v2\/comments?post=51"}],"version-history":[{"count":6,"href":"https:\/\/blogs.ua.es\/galileo\/wp-json\/wp\/v2\/pages\/51\/revisions"}],"predecessor-version":[{"id":130,"href":"https:\/\/blogs.ua.es\/galileo\/wp-json\/wp\/v2\/pages\/51\/revisions\/130"}],"wp:attachment":[{"href":"https:\/\/blogs.ua.es\/galileo\/wp-json\/wp\/v2\/media?parent=51"}],"curies":[{"name":"wp","href":"https:\/\/api.w.org\/{rel}","templated":true}]}}