{"id":223,"date":"2010-05-20T19:58:28","date_gmt":"2010-05-20T19:58:28","guid":{"rendered":"https:\/\/blogs.ua.es\/galileogalilei\/?page_id=223"},"modified":"2010-05-20T20:09:49","modified_gmt":"2010-05-20T20:09:49","slug":"obras-de-galileo","status":"publish","type":"page","link":"https:\/\/blogs.ua.es\/galileogalilei\/obras-de-galileo\/","title":{"rendered":"OBRAS DE GALILEO"},"content":{"rendered":"<p><strong>Obra cronol\u00f3gica:    <a href=\"https:\/\/blogs.ua.es\/galileogalilei\/files\/2010\/05\/galilei2.jpg\"><img loading=\"lazy\" decoding=\"async\" src=\"https:\/\/blogs.ua.es\/galileogalilei\/files\/2010\/05\/galilei2-300x237.jpg\" alt=\"\" title=\"galilei\" width=\"300\" height=\"237\" class=\"alignright size-medium wp-image-229\" srcset=\"https:\/\/blogs.ua.es\/galileogalilei\/files\/2010\/05\/galilei2-300x237.jpg 300w, https:\/\/blogs.ua.es\/galileogalilei\/files\/2010\/05\/galilei2.jpg 640w\" sizes=\"auto, (max-width: 300px) 100vw, 300px\" \/><\/a><br \/>\n<\/strong><\/p>\n<p>    * 1586 &#8212;- Galileo Galilei. La Billancetta<br \/>\n    * 1590 &#8212;- De Motu<br \/>\n    * 1606 &#8212;- Le Operazioni del Compasso Geometrico et Militare<br \/>\n    * 1600 &#8212;- Le Meccaniche<br \/>\n    * 1610 &#8212;- Sidereus Nuncius (<strong>El Mensajero sideral<\/strong>)<br \/>\n    * 1615 &#8212;- Carta a la Gran Duquesa Cristina (publicada en 1636)<br \/>\n    * 1616 &#8212;- Discorso del flusso e reflusso del mare<br \/>\n    * 1619 &#8212;- Discorso Delle Comete<br \/>\n    * 1623 &#8212;- Il Saggiatore<br \/>\n    * 1632 &#8212;- Dialogo sopra i due massimi sistemi del mondo tolemaico e copernicano (<strong>Di\u00e1logo sobre los principales sistemas del mundo)<\/strong><br \/>\n    * 1638 &#8212;- Discorsi e Dimostrazioni Matematiche, intorno a due nuove scienze attenenti alla meccanica &amp; i movimenti locali (<strong>Di\u00e1logos sobre dos nuevas ciencias)<br \/>\n<\/strong><\/p>\n<p><strong>Obra en espa\u00f1ol:<br \/>\n<\/strong><br \/>\n    * Galilei, Galileo.<strong> Di\u00e1logo sobre los dos m\u00e1ximos sistemas del mundo ptolemaico y copernicano<\/strong><br \/>\n    * &#8212;- <strong>Carta a Cristina de Lorena y otros textos sobre ciencia y religi\u00f3n<\/strong><br \/>\n    * &#8212;-<strong> Cartas del Se\u00f1or Galileo Galilei, Acad\u00e9mico Linceo: escritos a Benedetto Castelli y a la Se\u00f1ora Cristina de Lorena, gran duquesa de Toscana<\/strong><br \/>\n    * &#8212;- <strong>Consideraciones y demostraciones matem\u00e1ticas sobre dos nuevas ciencias<\/strong><br \/>\n    * &#8212;-<strong> Di\u00e1logo sobre los sistemas m\u00e1ximos: Jornada primera <\/strong><br \/>\n    * Galilei, Galileo. <strong>El ensayado<br \/>\n<\/strong><\/p>\n","protected":false},"excerpt":{"rendered":"<p>Obra cronol\u00f3gica: * 1586 &#8212;- Galileo Galilei. La Billancetta * 1590 &#8212;- De Motu * 1606 &#8212;- Le Operazioni del Compasso Geometrico et Militare * 1600 &#8212;- Le Meccaniche * 1610 &#8212;- Sidereus Nuncius (El Mensajero sideral) * 1615 &#8212;- Carta a la Gran Duquesa Cristina (publicada en 1636) * 1616 &#8212;- Discorso del flusso [&hellip;]<\/p>\n","protected":false},"author":1679,"featured_media":0,"parent":0,"menu_order":0,"comment_status":"open","ping_status":"open","template":"","meta":{"footnotes":""},"class_list":["post-223","page","type-page","status-publish","hentry"],"_links":{"self":[{"href":"https:\/\/blogs.ua.es\/galileogalilei\/wp-json\/wp\/v2\/pages\/223","targetHints":{"allow":["GET"]}}],"collection":[{"href":"https:\/\/blogs.ua.es\/galileogalilei\/wp-json\/wp\/v2\/pages"}],"about":[{"href":"https:\/\/blogs.ua.es\/galileogalilei\/wp-json\/wp\/v2\/types\/page"}],"author":[{"embeddable":true,"href":"https:\/\/blogs.ua.es\/galileogalilei\/wp-json\/wp\/v2\/users\/1679"}],"replies":[{"embeddable":true,"href":"https:\/\/blogs.ua.es\/galileogalilei\/wp-json\/wp\/v2\/comments?post=223"}],"version-history":[{"count":6,"href":"https:\/\/blogs.ua.es\/galileogalilei\/wp-json\/wp\/v2\/pages\/223\/revisions"}],"predecessor-version":[{"id":231,"href":"https:\/\/blogs.ua.es\/galileogalilei\/wp-json\/wp\/v2\/pages\/223\/revisions\/231"}],"wp:attachment":[{"href":"https:\/\/blogs.ua.es\/galileogalilei\/wp-json\/wp\/v2\/media?parent=223"}],"curies":[{"name":"wp","href":"https:\/\/api.w.org\/{rel}","templated":true}]}}