{"id":232,"date":"2010-05-20T21:15:00","date_gmt":"2010-05-20T21:15:00","guid":{"rendered":"https:\/\/blogs.ua.es\/galileogalilei\/?page_id=232"},"modified":"2010-05-20T21:24:40","modified_gmt":"2010-05-20T21:24:40","slug":"libros-sobre-galileo","status":"publish","type":"page","link":"https:\/\/blogs.ua.es\/galileogalilei\/libros-sobre-galileo\/","title":{"rendered":"OBRAS SOBRE GALILEO"},"content":{"rendered":"<p>    * Beltr\u00e1n Mari, Antonio (2006). <strong>Talento y poder.<\/strong>   <a href=\"https:\/\/blogs.ua.es\/galileogalilei\/files\/2010\/05\/TeleskopGalileoGalilei.jpg\"><img loading=\"lazy\" decoding=\"async\" src=\"https:\/\/blogs.ua.es\/galileogalilei\/files\/2010\/05\/TeleskopGalileoGalilei-249x300.jpg\" alt=\"\" title=\"TeleskopGalileoGalilei\" width=\"249\" height=\"300\" class=\"alignright size-medium wp-image-237\" srcset=\"https:\/\/blogs.ua.es\/galileogalilei\/files\/2010\/05\/TeleskopGalileoGalilei-249x300.jpg 249w, https:\/\/blogs.ua.es\/galileogalilei\/files\/2010\/05\/TeleskopGalileoGalilei.jpg 472w\" sizes=\"auto, (max-width: 249px) 100vw, 249px\" \/><\/a><br \/>\n    * Cheraqui, Yves: <strong>Yo, Galileo, matem\u00e1tico y fil\u00f3sofo florentino que, frente a todos, tuvo la osad\u00eda de encararse con la verdad del firmamento <\/strong><br \/>\n    * Finocchiaro, Maurice A. (1989). T<strong>he Galileo affair: a documentary history. <\/strong><br \/>\n    * Finocchiaro, Maurice A. (2008).<strong> The Essential Galileo.<\/strong><br \/>\n    * Geymonat, Ludovico. <strong>Galileo Galilei <\/strong><br \/>\n    * Miguel Rodr\u00edguez, Jos\u00e9 Luis de: <strong>En defensa de Galileo<\/strong>.<br \/>\n    * Montesinos Sirera, Jos\u00e9; Sol\u00eds, Carlos (2001). <strong>Largo Campo di Filosofare<\/strong>.<br \/>\n    * Montesinos Sirera, Jos\u00e9; Toledo Prats, Sergio (2001). <strong>Galileo y la gestaci\u00f3n de la ciencia moderna.<br \/>\n    * Ortega y Gasset, Jos\u00e9: En torno a Galileo <\/strong><br \/>\n    * Redondi, Pietro: <strong>Galileo her\u00e9tico. <\/strong><br \/>\n    * Reston, James: <strong>Galileo. <\/strong><br \/>\n    * Sharratt, Michael: <strong>Galileo: el desaf\u00edo de la verdad.<\/strong><br \/>\n    * Shea, William R.: <strong>Galileo en Roma: cr\u00f3nica de 500 d\u00edas.<\/strong><br \/>\n    * Shea, William R. (1983). <strong>La revoluci\u00f3n intelectual de Galileo.<\/strong> <\/p>\n<p><strong> Objetos y misiones astron\u00f3micas en honor a Galileo <\/strong><\/p>\n<p>En el siglo XX la figura de Galileo ha inspirado los nombres de numerosos objetos astron\u00f3micos as\u00ed como diferentes misiones tecnol\u00f3gicas.<\/p>\n<p>    * La misi\u00f3n Galileo a J\u00fapiter            <a href=\"https:\/\/blogs.ua.es\/galileogalilei\/files\/2010\/05\/80c19afgalileolucruri.jpg\"><img loading=\"lazy\" decoding=\"async\" src=\"https:\/\/blogs.ua.es\/galileogalilei\/files\/2010\/05\/80c19afgalileolucruri-300x300.jpg\" alt=\"\" title=\"80c19afgalileolucruri\" width=\"300\" height=\"300\" class=\"alignright size-medium wp-image-235\" srcset=\"https:\/\/blogs.ua.es\/galileogalilei\/files\/2010\/05\/80c19afgalileolucruri-300x300.jpg 300w, https:\/\/blogs.ua.es\/galileogalilei\/files\/2010\/05\/80c19afgalileolucruri-150x150.jpg 150w, https:\/\/blogs.ua.es\/galileogalilei\/files\/2010\/05\/80c19afgalileolucruri.jpg 400w\" sizes=\"auto, (max-width: 300px) 100vw, 300px\" \/><\/a><br \/>\n    * Las lunas galileanas de J\u00fapiter<br \/>\n    * Gao en Ganimedes<br \/>\n    * El cr\u00e1ter Galileo en la Luna<br \/>\n    * El cr\u00e1ter Galileo en Marte<br \/>\n    * Galileo (unidad)<br \/>\n    * El sistema de posicionamiento europeo Galileo<br \/>\n    * El asteroide (697) Galilea (nombrado en el 300\u00ba aniversario del descubrimiento de las lunas galileanas)<\/p>\n","protected":false},"excerpt":{"rendered":"<p>* Beltr\u00e1n Mari, Antonio (2006). Talento y poder. * Cheraqui, Yves: Yo, Galileo, matem\u00e1tico y fil\u00f3sofo florentino que, frente a todos, tuvo la osad\u00eda de encararse con la verdad del firmamento * Finocchiaro, Maurice A. (1989). The Galileo affair: a documentary history. * Finocchiaro, Maurice A. (2008). The Essential Galileo. * Geymonat, Ludovico. Galileo Galilei [&hellip;]<\/p>\n","protected":false},"author":1679,"featured_media":0,"parent":0,"menu_order":0,"comment_status":"open","ping_status":"open","template":"","meta":{"footnotes":""},"class_list":["post-232","page","type-page","status-publish","hentry"],"_links":{"self":[{"href":"https:\/\/blogs.ua.es\/galileogalilei\/wp-json\/wp\/v2\/pages\/232","targetHints":{"allow":["GET"]}}],"collection":[{"href":"https:\/\/blogs.ua.es\/galileogalilei\/wp-json\/wp\/v2\/pages"}],"about":[{"href":"https:\/\/blogs.ua.es\/galileogalilei\/wp-json\/wp\/v2\/types\/page"}],"author":[{"embeddable":true,"href":"https:\/\/blogs.ua.es\/galileogalilei\/wp-json\/wp\/v2\/users\/1679"}],"replies":[{"embeddable":true,"href":"https:\/\/blogs.ua.es\/galileogalilei\/wp-json\/wp\/v2\/comments?post=232"}],"version-history":[{"count":5,"href":"https:\/\/blogs.ua.es\/galileogalilei\/wp-json\/wp\/v2\/pages\/232\/revisions"}],"predecessor-version":[{"id":239,"href":"https:\/\/blogs.ua.es\/galileogalilei\/wp-json\/wp\/v2\/pages\/232\/revisions\/239"}],"wp:attachment":[{"href":"https:\/\/blogs.ua.es\/galileogalilei\/wp-json\/wp\/v2\/media?parent=232"}],"curies":[{"name":"wp","href":"https:\/\/api.w.org\/{rel}","templated":true}]}}