{"id":40,"date":"2010-05-08T18:00:25","date_gmt":"2010-05-08T18:00:25","guid":{"rendered":"https:\/\/blogs.ua.es\/galileogalilei\/la-obra-de-galileo-galilei\/"},"modified":"2010-05-13T08:47:20","modified_gmt":"2010-05-13T08:47:20","slug":"su-obra","status":"publish","type":"page","link":"https:\/\/blogs.ua.es\/galileogalilei\/su-obra\/","title":{"rendered":"SU OBRA"},"content":{"rendered":"<p><a href=\"https:\/\/blogs.ua.es\/galileogalilei\/files\/2010\/05\/galilei.jpg\"><img loading=\"lazy\" decoding=\"async\" src=\"https:\/\/blogs.ua.es\/galileogalilei\/files\/2010\/05\/galilei-300x237.jpg\" alt=\"\" title=\"galilei\" width=\"300\" height=\"237\" class=\"aligncenter size-medium wp-image-164\" srcset=\"https:\/\/blogs.ua.es\/galileogalilei\/files\/2010\/05\/galilei-300x237.jpg 300w, https:\/\/blogs.ua.es\/galileogalilei\/files\/2010\/05\/galilei.jpg 640w\" sizes=\"auto, (max-width: 300px) 100vw, 300px\" \/><\/a><\/p>\n<p>El astr\u00f3nomo y f\u00edsico italiano Galileo Galilei <strong>desempe\u00f1\u00f3 un papel fundamental en el movimiento intelectual <\/strong><strong>que transform\u00f3 la imagen medieval del universo<\/strong> y sen<strong>t\u00f3 las bases de la concepci\u00f3n de la naturaleza propia de la ciencia moderna.<\/strong> Sus teor\u00edas -cuyo car\u00e1cter pol\u00e9mico para la \u00e9poca provoc\u00f3 la condena de la <em>Iglesia cat\u00f3lica<\/em>&#8211; rebatieron las nociones heredadas del aristotelismo y de la escol\u00e1stica cristiana.<\/p>\n<p><strong>F\u00edsica<\/strong><\/p>\n<p><strong>Galileo realiz\u00f3 notables aportaciones cient\u00edficas en el campo de la f\u00edsica<\/strong>, que pusieron en entredicho teor\u00edas consideradas verdaderas durante siglos. As\u00ed, por ejemplo, <strong>demostr\u00f3 la falsedad del postulado aristot\u00e9lico<\/strong> que afirmaba que la aceleraci\u00f3n de la ca\u00edda de los cuerpos -en ca\u00edda libre- era proporcional a su peso, y conjetur\u00f3 que, en el vac\u00edo, todos los cuerpos caer\u00edan con igual velocidad. Para ello hizo deslizar esferas cuesta abajo por la superficie lisa de planos inclinados con distinto \u00e1ngulo de inclinaci\u00f3n (y no fue con el lanzamiento de cuerpos de distinto peso, desde la torre inclinada de Pisa, como se hab\u00eda cre\u00eddo durante mucho tiempo).<\/p>\n<p>Entre otros hallazgos notables figuran <strong>las leyes del movimiento pendular<\/strong> (sobre el cual comenz\u00f3 a pensar, seg\u00fan la conocida an\u00e9cdota, mientras observaba una l\u00e1mpara que oscilaba en la catedral de Pisa), y<strong> las leyes del movimiento acelerado.<br \/>\n<\/strong><br \/>\n<strong>La obra<\/strong> que le hizo merecedor del t\u00edtulo de Padre de la F\u00edsica Matem\u00e1tica fue <strong>el Discorsi e dimostrazioni matematiche intorno a due nuove scienze attinenti la meccanica<\/strong> (Discursos y demostraciones en torno a dos nuevas ciencias relacionadas con la mec\u00e1nica), escrita con la ayuda de su disc\u00edpulo Torricelli, donde <strong>describe los resultados de sus investigaciones sobre mec\u00e1nica.<\/strong> <strong>Esta obra sent\u00f3 las bases f\u00edsicas y matem\u00e1ticas para un an\u00e1lisis del movimiento, y se convirti\u00f3 en la base de la ciencia de la mec\u00e1nica<\/strong>, edificada por cient\u00edficos posteriores, como Isaac Newton. Galileo cre\u00f3 dos nuevas ciencias conocidas en la actualidad como Din\u00e1mica y Resistencia de materiales.<\/p>\n<p><strong>Astronom\u00eda<\/strong><\/p>\n<p>Sus aportaciones en el terreno de la astronom\u00eda y el estudio del universo no fueron menos importantes. A principios del siglo XVII, perfeccion\u00f3 el catalejo, un instrumento \u00f3ptico de reciente invenci\u00f3n, para obtener <strong>un telescopio<\/strong> de sesenta aumentos.<\/p>\n<p><a href=\"https:\/\/blogs.ua.es\/galileogalilei\/files\/2010\/05\/galileo_dialogo.jpg\"><img loading=\"lazy\" decoding=\"async\" class=\"alignleft size-medium wp-image-52\" title=\"Di\u00e1logo sobre los dos m\u00e1ximos sistemas del mundo\" src=\"https:\/\/blogs.ua.es\/galileogalilei\/files\/2010\/05\/galileo_dialogo-242x300.jpg\" alt=\"\" width=\"242\" height=\"300\" srcset=\"https:\/\/blogs.ua.es\/galileogalilei\/files\/2010\/05\/galileo_dialogo-242x300.jpg 242w, https:\/\/blogs.ua.es\/galileogalilei\/files\/2010\/05\/galileo_dialogo.jpg 340w\" sizes=\"auto, (max-width: 242px) 100vw, 242px\" \/><\/a><\/p>\n<p>Con la ayuda del telescopio , Galileo<strong> explor\u00f3 el cielo <\/strong>y lleg\u00f3 a conclusiones que revolucionaron profundamente la manera de entender el orden del universo. En contra de la creencia general, <strong>demostr\u00f3 que la superficie de la Luna no era cristalina, sino que estaba cubierta de cr\u00e1teres y monta\u00f1as<\/strong>, con lo que refut\u00f3 la idea aristot\u00e9lica de la absoluta perfecci\u00f3n de los astros. De la misma manera, <strong>descubri\u00f3 las manchas solares<\/strong>, con lo que pudo determinar el per\u00edodo de rotaci\u00f3n del Sol y la direcci\u00f3n de su eje. Galileo <strong>descubri\u00f3,<\/strong> asimismo, los <strong>cuatro sat\u00e9lites mayores de J\u00fapiter y demostr\u00f3 que no todos los astros giraban alrededor de la Tierra<\/strong>. Esta constataci\u00f3n de las teor\u00edas copernicanas, contraria a la cosmolog\u00eda de Tolomeo vigente hasta entonces, le vali\u00f3 la condena de las autoridades eclesi\u00e1sticas, pero desempe\u00f1\u00f3 un papel fundamental para edificar la moderna visi\u00f3n del universo.<\/p>\n<p><strong>Metodolog\u00eda cient\u00edfica<br \/>\n<\/strong><br \/>\nPuede considerarse a Galileo como <strong>el fundador de la astronom\u00eda moderna<\/strong>, y m\u00e1s en general, como<strong> el introductor del m\u00e9todo experimental en la investigaci\u00f3n cient\u00edfica.<\/strong> Adem\u00e1s de sus extraordinarios resultados como f\u00edsico y astr\u00f3nomo, la importancia de Galileo est\u00e1 precisamente en haber creado <strong>una mentalidad cient\u00edfica nueva<\/strong>, cuyas bases son a\u00fan las nuestras. Por estos motivos, puede considerarse a Galileo como<strong> el fundador de la ciencia moderna,<\/strong> basada en la observaci\u00f3n de los hechos, la realizaci\u00f3n de experimentos y la formulaci\u00f3n de teor\u00edas explicatorias. En la historia de la cultura, <strong>Galileo se ha convertido en el s\u00edmbolo de la lucha contra la autoridad y de la libertad en la investigaci\u00f3n.<\/strong><\/p>\n<p><strong>Las lunas de Galileo<\/strong><\/p>\n<p>En 1609 Galileo Galilei recibe una carta en donde un antiguo alumno le notifica, le confirma porque se rumoreaba insistentemente, que en Holanda han construido un aparato para ver objetos a distancia. Galileo no era un te\u00f3rico de la \u00f3ptica y fabric\u00f3 muchos telescopios que no eran buenos para astronom\u00eda, pero si que construyo algunos de buenos, lo que le permiti\u00f3 ser el primer cient\u00edfico de alto nivel que escudri\u00f1aba los cielos. Imaginaos las maravillas que descubri\u00f3 en, por ejemplo, la Luna: monta\u00f1as, cr\u00e1teres, superficies planas parecidas a mares, debieron de ser unos momentos magn\u00edficos para este pensador privilegiado. Y no solo fijo sus ojos en la Luna, tambi\u00e9n descubri\u00f3 sat\u00e9lites en J\u00fapiter (los sat\u00e9lites galineanos) Io, Europa, Ganimedes y Calisto. Ahora se han descubierto los originales de unos primeros dibujos de las fases de la Luna publicados en el \u201cSiderevs Nunciun\u201d, conocido como \u201cGaceta sideral\u201d.<a href=\"https:\/\/blogs.ua.es\/galileogalilei\/files\/2010\/05\/luna2_little1.jpg\"><img loading=\"lazy\" decoding=\"async\" src=\"https:\/\/blogs.ua.es\/galileogalilei\/files\/2010\/05\/luna2_little1-300x210.jpg\" alt=\"\" title=\"luna2_little1\" width=\"300\" height=\"210\" class=\"aligncenter size-medium wp-image-154\" srcset=\"https:\/\/blogs.ua.es\/galileogalilei\/files\/2010\/05\/luna2_little1-300x210.jpg 300w, https:\/\/blogs.ua.es\/galileogalilei\/files\/2010\/05\/luna2_little1-1024x716.jpg 1024w, https:\/\/blogs.ua.es\/galileogalilei\/files\/2010\/05\/luna2_little1.jpg 1897w\" sizes=\"auto, (max-width: 300px) 100vw, 300px\" \/><\/a><\/p>\n<p><a href=\"https:\/\/blogs.ua.es\/galileogalilei\/files\/2010\/05\/full-moon.gif.jpg\"><img loading=\"lazy\" decoding=\"async\" src=\"https:\/\/blogs.ua.es\/galileogalilei\/files\/2010\/05\/full-moon.gif-300x273.jpg\" alt=\"\" title=\"full-moon.gif\" width=\"300\" height=\"273\" class=\"alignright size-medium wp-image-157\" srcset=\"https:\/\/blogs.ua.es\/galileogalilei\/files\/2010\/05\/full-moon.gif-300x273.jpg 300w, https:\/\/blogs.ua.es\/galileogalilei\/files\/2010\/05\/full-moon.gif.jpg 400w\" sizes=\"auto, (max-width: 300px) 100vw, 300px\" \/><\/a><\/p>\n<p><a href=\"https:\/\/blogs.ua.es\/galileogalilei\/files\/2010\/05\/La_Luna_ripresa_dalla_Galileo.jpg\"><img loading=\"lazy\" decoding=\"async\" src=\"https:\/\/blogs.ua.es\/galileogalilei\/files\/2010\/05\/La_Luna_ripresa_dalla_Galileo-300x300.jpg\" alt=\"\" title=\"La_Luna_ripresa_dalla_Galileo\" width=\"300\" height=\"300\" class=\"alignleft size-medium wp-image-159\" srcset=\"https:\/\/blogs.ua.es\/galileogalilei\/files\/2010\/05\/La_Luna_ripresa_dalla_Galileo-300x300.jpg 300w, https:\/\/blogs.ua.es\/galileogalilei\/files\/2010\/05\/La_Luna_ripresa_dalla_Galileo-150x150.jpg 150w, https:\/\/blogs.ua.es\/galileogalilei\/files\/2010\/05\/La_Luna_ripresa_dalla_Galileo.jpg 577w\" sizes=\"auto, (max-width: 300px) 100vw, 300px\" \/><\/a><\/p>\n<p><a href=\"https:\/\/blogs.ua.es\/galileogalilei\/files\/2010\/05\/lunas-galileo4.jpg\"><img loading=\"lazy\" decoding=\"async\" src=\"https:\/\/blogs.ua.es\/galileogalilei\/files\/2010\/05\/lunas-galileo4-193x300.jpg\" alt=\"\" title=\"lunas-galileo\" width=\"193\" height=\"300\" class=\"aligncenter size-medium wp-image-162\" srcset=\"https:\/\/blogs.ua.es\/galileogalilei\/files\/2010\/05\/lunas-galileo4-193x300.jpg 193w, https:\/\/blogs.ua.es\/galileogalilei\/files\/2010\/05\/lunas-galileo4.jpg 300w\" sizes=\"auto, (max-width: 193px) 100vw, 193px\" \/><\/a><\/p>\n","protected":false},"excerpt":{"rendered":"<p>El astr\u00f3nomo y f\u00edsico italiano Galileo Galilei desempe\u00f1\u00f3 un papel fundamental en el movimiento intelectual que transform\u00f3 la imagen medieval del universo y sent\u00f3 las bases de la concepci\u00f3n de la naturaleza propia de la ciencia moderna. Sus teor\u00edas -cuyo car\u00e1cter pol\u00e9mico para la \u00e9poca provoc\u00f3 la condena de la Iglesia cat\u00f3lica&#8211; rebatieron las nociones [&hellip;]<\/p>\n","protected":false},"author":1679,"featured_media":0,"parent":0,"menu_order":0,"comment_status":"open","ping_status":"open","template":"","meta":{"footnotes":""},"class_list":["post-40","page","type-page","status-publish","hentry"],"_links":{"self":[{"href":"https:\/\/blogs.ua.es\/galileogalilei\/wp-json\/wp\/v2\/pages\/40","targetHints":{"allow":["GET"]}}],"collection":[{"href":"https:\/\/blogs.ua.es\/galileogalilei\/wp-json\/wp\/v2\/pages"}],"about":[{"href":"https:\/\/blogs.ua.es\/galileogalilei\/wp-json\/wp\/v2\/types\/page"}],"author":[{"embeddable":true,"href":"https:\/\/blogs.ua.es\/galileogalilei\/wp-json\/wp\/v2\/users\/1679"}],"replies":[{"embeddable":true,"href":"https:\/\/blogs.ua.es\/galileogalilei\/wp-json\/wp\/v2\/comments?post=40"}],"version-history":[{"count":25,"href":"https:\/\/blogs.ua.es\/galileogalilei\/wp-json\/wp\/v2\/pages\/40\/revisions"}],"predecessor-version":[{"id":165,"href":"https:\/\/blogs.ua.es\/galileogalilei\/wp-json\/wp\/v2\/pages\/40\/revisions\/165"}],"wp:attachment":[{"href":"https:\/\/blogs.ua.es\/galileogalilei\/wp-json\/wp\/v2\/media?parent=40"}],"curies":[{"name":"wp","href":"https:\/\/api.w.org\/{rel}","templated":true}]}}