{"id":20,"date":"2012-12-20T13:41:18","date_gmt":"2012-12-20T13:41:18","guid":{"rendered":"https:\/\/blogs.ua.es\/gastoncastello\/?page_id=20"},"modified":"2013-01-26T11:29:45","modified_gmt":"2013-01-26T11:29:45","slug":"resena-biografica","status":"publish","type":"page","link":"https:\/\/blogs.ua.es\/gastoncastello\/resena-biografica\/","title":{"rendered":"Rese\u00f1a biogr\u00e1fica"},"content":{"rendered":"<h1>Gast\u00f3n Castell\u00f3 Bravo\u00a0(1901 &#8211; 1986)<\/h1>\n<p>Nacido en el alicantino barrio de Benal\u00faa, desde muy peque\u00f1o sinti\u00f3 gran inclinaci\u00f3n por el dibujo, d\u00e1ndose su padre cuenta de esto, le acompa\u00f1o en diligencia a Alcoy ( 8 horas de viaje ). Su progenitor cargado con sus dibujos le llevo a ver a su amigo de juventud el pintor Fernando Cabrera. A los 17 a\u00f1os iba dos veces por semana para pintar bajo la tutela de \u00e9ste. Por las noches acud\u00eda a estudiar dibujo en la escuela de artes y oficio &#8220;Casa de la Bolla&#8221;.<\/p>\n<p>En 1921 muestra por vez primera en p\u00fablico sus obras en la\u00a0<strong>Exposici\u00f3n de Arte organizada por el Centro de Escritores y Artistas de Alicante<\/strong>\u00a0que presid\u00eda Miguel LLorente Marbeuf y en donde se exhib\u00edan tambi\u00e9n lienzos de Jos\u00e9 Marced, Andr\u00e9s Buforn y su mentor Emilio Varela.<\/p>\n<p>En 1924 realiza el cartel anunciador de la\u00a0<strong>Olimpiada Alicantina<\/strong>\u00a0con el que logra 200 ptas. que le animan a desplazarse a Madrid, trabajando en alguna agencia publicitaria y recibe clases gratuitas en el Circulo de Bellas Artes. En 1926 marcha a Paris y all\u00ed realizar\u00e1 trabajos de tipo publicitario.<\/p>\n<p>En 1928 regresa a Alicante y realiza con Jose Marced y Juan Such Roca, la hoguera de Benal\u00faa &#8220;Parada y Fonda&#8221; que consigue el primer premio, dotado con 1000 pesetas. Alquila su primer taller de hogueras y hasta 1950 que dar\u00e1 por concluida esta actividad, construir\u00e1 treinta y dos monumentos fogueriles, logrando diez primeros premios, siete segundos y un tercero.<\/p>\n<p>En homenaje a Alicante realiza dos murales de la Estaci\u00f3n de Autobuses en 1949. Llegando en 1951 a exponer en la sala Argos de Barcelona.<\/p>\n<p>Realiza durante d\u00e9cadas un\u00a0<strong>sinf\u00edn de murales y mosaicos, \u00f3leos y acuarelas<\/strong>, expone, dirige los cursillos del &#8220;Cercle de Vall de Laguart&#8221; y goza del reconocimiento popular. Se le recompensa el 3 de noviembre de 1979, d\u00eda de su 78 cumplea\u00f1os, en que el ayuntamiento le concede el titulo de hijo predilecto de Alicante. La Diputaci\u00f3n de Alicante lo nombra el 21 de mayo de 1983\u00a0<strong>hijo predilecto de la Provincia<\/strong>.<\/p>\n<p>Extra\u00eddo de la p\u00e1gina web de Ayuntamiento de Alicante:<\/p>\n<p>Ayuntamiento de Alicante.\u00a0<em>Alicante cerca de ti\u00a0<\/em>[en l\u00ednea]. Concejal\u00eda de modernizaci\u00f3n, 2001-2013 [consulta: 26 de enero de 2013]. Disponible en: <a href=\"http:\/\/www.alicante.es\/redir.php?apartado=laciudad\/alicerca&amp;pagina=personajes8.html&amp;titulo=Alicante%20Cerca%20de%20Ti%20-%20Personajes%20\/%20Ayuntamiento%20de%20Alicante\">http:\/\/www.alicante.es\/redir.php?apartado=laciudad\/alicerca&amp;pagina=personajes8.html&amp;titulo=Alicante%20Cerca%20de%20Ti%20-%20Personajes%20\/%20Ayuntamiento%20de%20Alicante<\/a><\/p>\n<p>&nbsp;<\/p>\n","protected":false},"excerpt":{"rendered":"<p>Gast\u00f3n Castell\u00f3 Bravo\u00a0(1901 &#8211; 1986) Nacido en el alicantino barrio de Benal\u00faa, desde muy peque\u00f1o sinti\u00f3 gran inclinaci\u00f3n por el dibujo, d\u00e1ndose su padre cuenta de esto, le acompa\u00f1o en diligencia a Alcoy ( 8 horas de viaje ). Su progenitor cargado con sus dibujos le llevo a ver a su amigo de juventud el [&hellip;]<\/p>\n","protected":false},"author":2931,"featured_media":0,"parent":0,"menu_order":0,"comment_status":"open","ping_status":"open","template":"","meta":{"footnotes":""},"class_list":["post-20","page","type-page","status-publish","hentry"],"_links":{"self":[{"href":"https:\/\/blogs.ua.es\/gastoncastello\/wp-json\/wp\/v2\/pages\/20","targetHints":{"allow":["GET"]}}],"collection":[{"href":"https:\/\/blogs.ua.es\/gastoncastello\/wp-json\/wp\/v2\/pages"}],"about":[{"href":"https:\/\/blogs.ua.es\/gastoncastello\/wp-json\/wp\/v2\/types\/page"}],"author":[{"embeddable":true,"href":"https:\/\/blogs.ua.es\/gastoncastello\/wp-json\/wp\/v2\/users\/2931"}],"replies":[{"embeddable":true,"href":"https:\/\/blogs.ua.es\/gastoncastello\/wp-json\/wp\/v2\/comments?post=20"}],"version-history":[{"count":6,"href":"https:\/\/blogs.ua.es\/gastoncastello\/wp-json\/wp\/v2\/pages\/20\/revisions"}],"predecessor-version":[{"id":23,"href":"https:\/\/blogs.ua.es\/gastoncastello\/wp-json\/wp\/v2\/pages\/20\/revisions\/23"}],"wp:attachment":[{"href":"https:\/\/blogs.ua.es\/gastoncastello\/wp-json\/wp\/v2\/media?parent=20"}],"curies":[{"name":"wp","href":"https:\/\/api.w.org\/{rel}","templated":true}]}}