{"id":28,"date":"2012-12-20T13:45:08","date_gmt":"2012-12-20T13:45:08","guid":{"rendered":"https:\/\/blogs.ua.es\/gastoncastello\/?page_id=28"},"modified":"2013-01-26T10:45:40","modified_gmt":"2013-01-26T10:45:40","slug":"fuentes","status":"publish","type":"page","link":"https:\/\/blogs.ua.es\/gastoncastello\/fuentes\/","title":{"rendered":"Fuentes"},"content":{"rendered":"<p><strong>BIBLIOGRAF\u00cdA<\/strong><\/p>\n<p>MAS CALABUIG, M.\u00a0<em>Gast\u00f3n Castell\u00f3 1901-1986.<\/em> 1\u00aa Edici\u00f3n. Alicante: Patronato Municipal de Cultura del Ayuntamiento de Alicante, 2002. ISBN: 84-95383-22-5<\/p>\n<p>VIZCA\u00cdNO, J.C.\u00a0<em>Gast\u00f3n Castell\u00f3, eternamente.\u00a0<\/em>Alicante: Comissi\u00f3 Gestora de les Fogueres de Sant Joan 1996. Dep\u00f3sito Legal: A-494-1996<\/p>\n<p>CASTELLS GONZ\u00c1LEZ R.M. <em>Gast\u00f3n Castell\u00f3 100 a\u00f1os.<\/em> Alicante: Patronato Municipal de Cultura del Ayuntamiento de Alicante, 2002. ISBN: 84-606-3349-7<\/p>\n<p>MEDINA RAMOS, A., LINARES ALBERT, S. <em>Gast\u00f3n Castell\u00f3 y Las Hogueras de San Juan\u00a01928-2002. Su manera de interpretar este arte ef\u00edmero<\/em>. 1\u00aa Edici\u00f3n. Alicante: Patronato Municipal de Cultura del Ayuntamiento de Alicante, 2002. ISBN: 84-606-3229-6<\/p>\n<p>MALDONADO, J. \u00a0<em>Gast\u00f3n Castell\u00f3, pinceladas.\u00a0<\/em>Alicante: Asociaci\u00f3n \u00a0Foguera Altozano, 2007.<\/p>\n<p>VICENTE FERRIS, J.L.\u00a0<em>Un lugar en el fuego. El libro de la fiesta de les Fogueres de Sant Joan de Alicante<\/em>. Alicante, 1996.<\/p>\n<p>(Agradecimientos al Archivo Municipal del Excmo. Ayuntamiento de Alicante)<\/p>\n<p><strong>RECURSOS ELECTR\u00d3NICOS<\/strong><\/p>\n<p>AMORES, J.J. Gast\u00f3n Castell\u00f3 Bravo: \u00bfs\u00f3lo un pintor?. En: <em>Asociaci\u00f3n Cultural\u00a0Alicante Vivo<\/em> [en l\u00ednea]. 10 de junio de 2007 [consulta: 25 de enero de 2013]. Disponible en:\u00a0<a href=\"http:\/\/www.alicantevivo.org\/2007\/06\/gastn-castell-bravo-slo-un-pintor.html\">http:\/\/www.alicantevivo.org\/2007\/06\/gastn-castell-bravo-slo-un-pintor.html<\/a><\/p>\n<p><em>\u00a0<\/em>MART\u00cdNEZ, C. Aparece un Gast\u00f3n Castell\u00f3 in\u00e9dito de 1994. En: i<em>nformaci\u00f3n.es<\/em> [en l\u00ednea]. 28 de junio de 2012 [consulta: 25 de enero de 2013]. Disponible en:\u00a0<a href=\"http:\/\/www.diarioinformacion.com\/cultura\/2012\/06\/28\/aparece-gaston-castello-inedito-1944\/1269210.html\">http:\/\/www.diarioinformacion.com\/cultura\/2012\/06\/28\/aparece-gaston-castello-inedito-1944\/1269210.html<\/a><\/p>\n<p>CONCA, J.A. Gast\u00f3n Castell\u00f3 en el puerto de Alicante. En:\u00a0<em>Alacant\u00ed de profit<\/em> [en l\u00ednea]. 4 de marzo de 2012 [consulta: 21 de enero de 2013]. Disponible en:\u00a0<a href=\"http:\/\/alacantideprofit.blogspot.com.es\/2012\/03\/gaston-castello-en-el-puerto-de.html\">http:\/\/alacantideprofit.blogspot.com.es\/2012\/03\/gaston-castello-en-el-puerto-de.html<\/a><\/p>\n<p>CAMPELLO, A. Descubriendo el tr\u00edptico de Gast\u00f3n Castell\u00f3 &#8220;el campo, la ciudad y el mar&#8221;. En:\u00a0<em>Asociaci\u00f3n Cultural Alicante Vivo<\/em>\u00a0[en l\u00ednea]. 30 de mayo de 2011 [consulta: 21 de enero de 2013]. Disponible en:\u00a0<a href=\"http:\/\/www.alicantevivo.org\/2011\/05\/descubriendo-el-triptico-de-gaston.html\">http:\/\/www.alicantevivo.org\/2011\/05\/descubriendo-el-triptico-de-gaston.html<\/a><\/p>\n<p>SIRVENT, B. Recostada en el mar. Mosaic mural de Gast\u00f3n Castell\u00f3 a Calp. En:\u00a0<em>flickr de yahoo\u00a0<\/em>[en l\u00ednea]. 27 de septiembre de 2010 [consulta: 21 de enero de 2013] Disponible en:\u00a0<a href=\"http:\/\/www.flickr.com\/photos\/trixou\/5027064283\/\">http:\/\/www.flickr.com\/photos\/trixou\/5027064283\/<\/a><\/p>\n<p>Facebook.\u00a0<em>Gast\u00f3n Castell\u00f3, algo m\u00e1s que la estatua del banco del<\/em>\u00a0mercado [en l\u00ednea]. 24 de marzo de 2010 [consulta: 25 de enero de 2013]. Disponible en:\u00a0http:\u00a0<a href=\"http:\/\/www.facebook.com\/pages\/Gast%C3%B3n-Castell%C3%B3-algo-m%C3%A1s-que-la-estatua-sentada-del-banco-del-Mercado\/107371255957158\">http:\/\/www.facebook.com\/pages\/Gast%C3%B3n-Castell%C3%B3-algo-m%C3%A1s-que-la-estatua-sentada-del-banco-del-Mercado\/107371255957158<\/a><\/p>\n<p>Alicantevivotest.\u00a0<em>El mural de Gast\u00f3n Castell\u00f3 en el palacio de la Diputaci\u00f3n<\/em>\u00a0[en l\u00ednea]. 28 de noviembre de 2008 [consulta: 21 de enero de 2013]. Disponible en: <a href=\"http:\/\/alicantevivotest.wordpress.com\/2008\/11\/28\/el-mural-de-gaston-castello-en-el-palacio-de-la-diputacion\/\">http:\/\/alicantevivotest.wordpress.com\/2008\/11\/28\/el-mural-de-gaston-castello-en-el-palacio-de-la-diputacion\/<\/a><\/p>\n<p>Por ah\u00ed no es&#8230; <em>La C\u00e1mara de Comercio y el hotel Palas\u00a0<\/em>[en l\u00ednea]. 28 de octubre de 2009 [consulta: 21 de enero de 2013]. Disponible en:\u00a0<a href=\"http:\/\/angelvalero.lacoctelera.net\/post\/2009\/10\/28\/la-camara-comercio-y-hotel-palas\">http:\/\/angelvalero.lacoctelera.net\/post\/2009\/10\/28\/la-camara-comercio-y-hotel-palas<\/a><\/p>\n<p>Denia.com.<em>\u00a0\u00bfc\u00f3mo ser\u00eda nuestra vida si viv\u00e9ramos en la D\u00e9nia de hace 400 a\u00f1os?<\/em>\u00a0<em><\/em>[en l\u00ednea]. 26 de octubre de 2012 [consulta: 21 de enero de 2013]. Disponible en:\u00a0<a href=\"http:\/\/www.denia.com\/como-seria-nuestra-vida-si-viveramos-en-la-denia-de-hace-400-anos\/#!prettyPhoto\">http:\/\/www.denia.com\/como-seria-nuestra-vida-si-viveramos-en-la-denia-de-hace-400-anos\/#!prettyPhoto<\/a><\/p>\n<p>Flickriver.\u00a0<em>Gast\u00f3n Castell\u00f3 Bravo: Alegor\u00eda (1945)\u00a0<\/em>[en l\u00ednea]. 6 de febrero de 2011 [consulta: 21 de enero de 2013]. Disponible en:\u00a0<a href=\"http:\/\/www.flickriver.com\/photos\/8449304@N04\/5422815102\/\">http:\/\/www.flickriver.com\/photos\/8449304@N04\/5422815102\/<\/a><\/p>\n","protected":false},"excerpt":{"rendered":"<p>BIBLIOGRAF\u00cdA MAS CALABUIG, M.\u00a0Gast\u00f3n Castell\u00f3 1901-1986. 1\u00aa Edici\u00f3n. Alicante: Patronato Municipal de Cultura del Ayuntamiento de Alicante, 2002. ISBN: 84-95383-22-5 VIZCA\u00cdNO, J.C.\u00a0Gast\u00f3n Castell\u00f3, eternamente.\u00a0Alicante: Comissi\u00f3 Gestora de les Fogueres de Sant Joan 1996. Dep\u00f3sito Legal: A-494-1996 CASTELLS GONZ\u00c1LEZ R.M. Gast\u00f3n Castell\u00f3 100 a\u00f1os. Alicante: Patronato Municipal de Cultura del Ayuntamiento de Alicante, 2002. ISBN: 84-606-3349-7 [&hellip;]<\/p>\n","protected":false},"author":2931,"featured_media":0,"parent":0,"menu_order":0,"comment_status":"open","ping_status":"open","template":"","meta":{"footnotes":""},"class_list":["post-28","page","type-page","status-publish","hentry"],"_links":{"self":[{"href":"https:\/\/blogs.ua.es\/gastoncastello\/wp-json\/wp\/v2\/pages\/28","targetHints":{"allow":["GET"]}}],"collection":[{"href":"https:\/\/blogs.ua.es\/gastoncastello\/wp-json\/wp\/v2\/pages"}],"about":[{"href":"https:\/\/blogs.ua.es\/gastoncastello\/wp-json\/wp\/v2\/types\/page"}],"author":[{"embeddable":true,"href":"https:\/\/blogs.ua.es\/gastoncastello\/wp-json\/wp\/v2\/users\/2931"}],"replies":[{"embeddable":true,"href":"https:\/\/blogs.ua.es\/gastoncastello\/wp-json\/wp\/v2\/comments?post=28"}],"version-history":[{"count":22,"href":"https:\/\/blogs.ua.es\/gastoncastello\/wp-json\/wp\/v2\/pages\/28\/revisions"}],"predecessor-version":[{"id":203,"href":"https:\/\/blogs.ua.es\/gastoncastello\/wp-json\/wp\/v2\/pages\/28\/revisions\/203"}],"wp:attachment":[{"href":"https:\/\/blogs.ua.es\/gastoncastello\/wp-json\/wp\/v2\/media?parent=28"}],"curies":[{"name":"wp","href":"https:\/\/api.w.org\/{rel}","templated":true}]}}