{"id":31,"date":"2012-12-20T13:45:30","date_gmt":"2012-12-20T13:45:30","guid":{"rendered":"https:\/\/blogs.ua.es\/gastoncastello\/?page_id=31"},"modified":"2013-01-26T11:47:27","modified_gmt":"2013-01-26T11:47:27","slug":"valoracion","status":"publish","type":"page","link":"https:\/\/blogs.ua.es\/gastoncastello\/valoracion\/","title":{"rendered":"Valoraci\u00f3n"},"content":{"rendered":"<p>La importancia del pintor en el \u00e1mbito local y provincial nos ha dado una gran facilidad a la hora de buscar fuentes de informaci\u00f3n. Es por ello que hay gran cantidad de documentos, tanto escritos como electr\u00f3nicos que hablan o hacen referencia al artista, su importancia dentro del \u00e1mbito cultural de la ciudad y provincia, y de su obra.<\/p>\n<p>Por otro lado, que mejor fuente de informaci\u00f3n que el legado art\u00edstico que nos ha dejado recogido en edificios de instituciones p\u00fablicas y privadas.<\/p>\n<p>Agradecemos la amable atenci\u00f3n que nos han ofrecido en el Archivo Municipal del Excmo. Ayuntamiento de Alicante, donde hemos tenido un f\u00e1cil acceso a los documentos disponibles referentes al pintor.<\/p>\n","protected":false},"excerpt":{"rendered":"<p>La importancia del pintor en el \u00e1mbito local y provincial nos ha dado una gran facilidad a la hora de buscar fuentes de informaci\u00f3n. Es por ello que hay gran cantidad de documentos, tanto escritos como electr\u00f3nicos que hablan o hacen referencia al artista, su importancia dentro del \u00e1mbito cultural de la ciudad y provincia, [&hellip;]<\/p>\n","protected":false},"author":2931,"featured_media":0,"parent":0,"menu_order":0,"comment_status":"open","ping_status":"open","template":"","meta":{"footnotes":""},"class_list":["post-31","page","type-page","status-publish","hentry"],"_links":{"self":[{"href":"https:\/\/blogs.ua.es\/gastoncastello\/wp-json\/wp\/v2\/pages\/31","targetHints":{"allow":["GET"]}}],"collection":[{"href":"https:\/\/blogs.ua.es\/gastoncastello\/wp-json\/wp\/v2\/pages"}],"about":[{"href":"https:\/\/blogs.ua.es\/gastoncastello\/wp-json\/wp\/v2\/types\/page"}],"author":[{"embeddable":true,"href":"https:\/\/blogs.ua.es\/gastoncastello\/wp-json\/wp\/v2\/users\/2931"}],"replies":[{"embeddable":true,"href":"https:\/\/blogs.ua.es\/gastoncastello\/wp-json\/wp\/v2\/comments?post=31"}],"version-history":[{"count":8,"href":"https:\/\/blogs.ua.es\/gastoncastello\/wp-json\/wp\/v2\/pages\/31\/revisions"}],"predecessor-version":[{"id":232,"href":"https:\/\/blogs.ua.es\/gastoncastello\/wp-json\/wp\/v2\/pages\/31\/revisions\/232"}],"wp:attachment":[{"href":"https:\/\/blogs.ua.es\/gastoncastello\/wp-json\/wp\/v2\/media?parent=31"}],"curies":[{"name":"wp","href":"https:\/\/api.w.org\/{rel}","templated":true}]}}