{"id":8,"date":"2012-12-07T09:26:02","date_gmt":"2012-12-07T09:26:02","guid":{"rendered":"https:\/\/blogs.ua.es\/gastoncastello\/?page_id=8"},"modified":"2013-01-26T11:07:59","modified_gmt":"2013-01-26T11:07:59","slug":"presentacion","status":"publish","type":"page","link":"https:\/\/blogs.ua.es\/gastoncastello\/presentacion\/","title":{"rendered":"Presentaci\u00f3n"},"content":{"rendered":"<p>Somos Alejandro Sainz-Pardo y Miguel Narro, estudiantes de primero de las carreras de Geograf\u00eda e Historia en la Universidad de Alicante.<\/p>\n<p>Hemos creando este blog para la asignatura de Fuentes y Documentos sobre el pintor alicantino Gast\u00f3n Castell\u00f3. Su finalidad es proporcionar informaci\u00f3n sobre una serie de \u00a0fuentes y documentos relacionados con el pintor as\u00ed como mostrar parte de su importante obra.<\/p>\n<p>&nbsp;<\/p>\n","protected":false},"excerpt":{"rendered":"<p>Somos Alejandro Sainz-Pardo y Miguel Narro, estudiantes de primero de las carreras de Geograf\u00eda e Historia en la Universidad de Alicante. Hemos creando este blog para la asignatura de Fuentes y Documentos sobre el pintor alicantino Gast\u00f3n Castell\u00f3. Su finalidad es proporcionar informaci\u00f3n sobre una serie de \u00a0fuentes y documentos relacionados con el pintor as\u00ed [&hellip;]<\/p>\n","protected":false},"author":2955,"featured_media":0,"parent":0,"menu_order":0,"comment_status":"open","ping_status":"open","template":"","meta":{"footnotes":""},"class_list":["post-8","page","type-page","status-publish","hentry"],"_links":{"self":[{"href":"https:\/\/blogs.ua.es\/gastoncastello\/wp-json\/wp\/v2\/pages\/8","targetHints":{"allow":["GET"]}}],"collection":[{"href":"https:\/\/blogs.ua.es\/gastoncastello\/wp-json\/wp\/v2\/pages"}],"about":[{"href":"https:\/\/blogs.ua.es\/gastoncastello\/wp-json\/wp\/v2\/types\/page"}],"author":[{"embeddable":true,"href":"https:\/\/blogs.ua.es\/gastoncastello\/wp-json\/wp\/v2\/users\/2955"}],"replies":[{"embeddable":true,"href":"https:\/\/blogs.ua.es\/gastoncastello\/wp-json\/wp\/v2\/comments?post=8"}],"version-history":[{"count":5,"href":"https:\/\/blogs.ua.es\/gastoncastello\/wp-json\/wp\/v2\/pages\/8\/revisions"}],"predecessor-version":[{"id":10,"href":"https:\/\/blogs.ua.es\/gastoncastello\/wp-json\/wp\/v2\/pages\/8\/revisions\/10"}],"wp:attachment":[{"href":"https:\/\/blogs.ua.es\/gastoncastello\/wp-json\/wp\/v2\/media?parent=8"}],"curies":[{"name":"wp","href":"https:\/\/api.w.org\/{rel}","templated":true}]}}